{"id":158326,"date":"2023-05-16T20:06:41","date_gmt":"2023-05-17T00:06:41","guid":{"rendered":"https:\/\/shawville.ottawavalleymedia.ca\/evenements\/"},"modified":"2024-03-26T13:37:25","modified_gmt":"2024-03-26T17:37:25","slug":"evenements","status":"publish","type":"page","link":"https:\/\/shawville.ca\/fr\/evenements\/","title":{"rendered":"\u00c9v\u00e9nements"},"content":{"rendered":"\t\t<div data-elementor-type=\"wp-page\" data-elementor-id=\"158326\" class=\"elementor elementor-158326 elementor-29\" data-elementor-post-type=\"page\">\n\t\t\t\t<div class=\"elementor-element elementor-element-b619acc e-flex e-con-boxed e-con e-parent\" data-id=\"b619acc\" data-element_type=\"container\" data-e-type=\"container\">\n\t\t\t\t\t<div class=\"e-con-inner\">\n\t\t<div class=\"elementor-element elementor-element-67645a1 e-flex e-con-boxed e-con e-child\" data-id=\"67645a1\" data-element_type=\"container\" data-e-type=\"container\" data-settings=\"{&quot;background_background&quot;:&quot;classic&quot;}\">\n\t\t\t\t\t<div class=\"e-con-inner\">\n\t\t\t\t<div class=\"elementor-element elementor-element-489b077 elementor-widget elementor-widget-heading\" data-id=\"489b077\" data-element_type=\"widget\" data-e-type=\"widget\" data-widget_type=\"heading.default\">\n\t\t\t\t<div class=\"elementor-widget-container\">\n\t\t\t\t\t<h2 class=\"elementor-heading-title elementor-size-default\">\u00c9v\u00e9nements communautaires<\/h2>\t\t\t\t<\/div>\n\t\t\t\t<\/div>\n\t\t\t\t<div class=\"elementor-element elementor-element-807f4aa elementor-widget elementor-widget-shortcode\" data-id=\"807f4aa\" data-element_type=\"widget\" data-e-type=\"widget\" data-widget_type=\"shortcode.default\">\n\t\t\t\t<div class=\"elementor-widget-container\">\n\t\t\t\t\t\t\t<div class=\"elementor-shortcode\"><div class=\"\" id=\"em-view-1181996895\" data-view=\"list-grouped\">\r\n\t<div class=\"\" id=\"em-events-list-grouped-1181996895\">\r\n\tNo Events\t<\/div>\r\n<\/div>\n<\/div>\n\t\t\t\t\t\t<\/div>\n\t\t\t\t<\/div>\n\t\t\t\t<div class=\"elementor-element elementor-element-be9f8d6 elementor-widget elementor-widget-heading\" data-id=\"be9f8d6\" data-element_type=\"widget\" data-e-type=\"widget\" data-widget_type=\"heading.default\">\n\t\t\t\t<div class=\"elementor-widget-container\">\n\t\t\t\t\t<h2 class=\"elementor-heading-title elementor-size-default\">\u00c9v\u00e9nements des partenaires<\/h2>\t\t\t\t<\/div>\n\t\t\t\t<\/div>\n\t\t\t\t<div class=\"elementor-element elementor-element-24aee06 elementor-widget elementor-widget-shortcode\" data-id=\"24aee06\" data-element_type=\"widget\" data-e-type=\"widget\" data-widget_type=\"shortcode.default\">\n\t\t\t\t<div class=\"elementor-widget-container\">\n\t\t\t\t\t\t\t<div class=\"elementor-shortcode\"><div class=\"\" id=\"em-view-740285194\" data-view=\"list-grouped\">\r\n\t<div class=\"\" id=\"em-events-list-grouped-740285194\">\r\n\tNo Events\t<\/div>\r\n<\/div>\n<\/div>\n\t\t\t\t\t\t<\/div>\n\t\t\t\t<\/div>\n\t\t\t\t\t<\/div>\n\t\t\t\t<\/div>\n\t\t<div class=\"elementor-element elementor-element-f7c31c7 e-flex e-con-boxed e-con e-child\" data-id=\"f7c31c7\" data-element_type=\"container\" data-e-type=\"container\" data-settings=\"{&quot;background_background&quot;:&quot;classic&quot;}\">\n\t\t\t\t\t<div class=\"e-con-inner\">\n\t\t\t\t<div class=\"elementor-element elementor-element-ee3dd47 elementor-widget elementor-widget-heading\" data-id=\"ee3dd47\" data-element_type=\"widget\" data-e-type=\"widget\" data-widget_type=\"heading.default\">\n\t\t\t\t<div class=\"elementor-widget-container\">\n\t\t\t\t\t<h2 class=\"elementor-heading-title elementor-size-default\">R\u00e9unions du conseil<\/h2>\t\t\t\t<\/div>\n\t\t\t\t<\/div>\n\t\t\t\t<div class=\"elementor-element elementor-element-c4e6479 elementor-widget elementor-widget-shortcode\" data-id=\"c4e6479\" data-element_type=\"widget\" data-e-type=\"widget\" data-widget_type=\"shortcode.default\">\n\t\t\t\t<div class=\"elementor-widget-container\">\n\t\t\t\t\t\t\t<div class=\"elementor-shortcode\"><div class=\"\" id=\"em-view-2001766309\" data-view=\"list-grouped\">\r\n\t<div class=\"\" id=\"em-events-list-grouped-2001766309\">\r\n\t\n\n<table style=\"border-style: hidden;\"><tr style=\"100%;  \">\n\n<td width=\"150\" style=\"20%; border-style: hidden;\"><a href=\"https:\/\/shawville.ca\/fr\/events\/auto-draft-4\/\"><img src='https:\/\/shawville.ca\/wp-content\/uploads\/2024\/01\/shawville-council-meetings-small.png' alt='Conseil du Shawville'\/><\/a> <\/td> \n\n<td style=\"80%; border-style: hidden;\">\n\n<h4><a href=\"https:\/\/shawville.ca\/fr\/events\/auto-draft-4\/\">R\u00e9union du conseil municipal de Shawville<\/a><\/h4>\n\n<font size=\"3\"> \nConseil du Shawville <\/br>\navril 14, 2026 <\/br>\n18:30 - 20:00\n\n<\/font>\n\n<\/br><\/br>\n\n\t\t\n\t\t<a class=\"elementor-post__read-more\" href=\"https:\/\/shawville.ca\/fr\/events\/auto-draft-4\/\">\n\n\n<font color=\"FF7357\" style=\"font-size: 15px; font-weight: 500;\">\n\nLire la suite  >><\/font><\/a>\n\n\n\n\n\n\n<\/td><\/tr><\/table>\n\n<table style=\"border-style: hidden;\"><tr style=\"100%;  \">\n\n<td width=\"150\" style=\"20%; border-style: hidden;\"><a href=\"https:\/\/shawville.ca\/fr\/events\/auto-draft-5\/\"><img src='https:\/\/shawville.ca\/wp-content\/uploads\/2024\/01\/shawville-council-meetings-small.png' alt='Conseil du Shawville'\/><\/a> <\/td> \n\n<td style=\"80%; border-style: hidden;\">\n\n<h4><a href=\"https:\/\/shawville.ca\/fr\/events\/auto-draft-5\/\">May 12, 2026<\/a><\/h4>\n\n<font size=\"3\"> \nConseil du Shawville <\/br>\nmai 12, 2026 <\/br>\n18:30 - 20:00\n\n<\/font>\n\n<\/br><\/br>\n\n\t\t\n\t\t<a class=\"elementor-post__read-more\" href=\"https:\/\/shawville.ca\/fr\/events\/auto-draft-5\/\">\n\n\n<font color=\"FF7357\" style=\"font-size: 15px; font-weight: 500;\">\n\nLire la suite  >><\/font><\/a>\n\n\n\n\n\n\n<\/td><\/tr><\/table>\n\n<table style=\"border-style: hidden;\"><tr style=\"100%;  \">\n\n<td width=\"150\" style=\"20%; border-style: hidden;\"><a href=\"https:\/\/shawville.ca\/fr\/events\/auto-draft-6\/\"><img src='https:\/\/shawville.ca\/wp-content\/uploads\/2024\/01\/shawville-council-meetings-small.png' alt='Conseil du Shawville'\/><\/a> <\/td> \n\n<td style=\"80%; border-style: hidden;\">\n\n<h4><a href=\"https:\/\/shawville.ca\/fr\/events\/auto-draft-6\/\">June 9, 2025<\/a><\/h4>\n\n<font size=\"3\"> \nConseil du Shawville <\/br>\njuin 9, 2026 <\/br>\n18:30 - 20:00\n\n<\/font>\n\n<\/br><\/br>\n\n\t\t\n\t\t<a class=\"elementor-post__read-more\" href=\"https:\/\/shawville.ca\/fr\/events\/auto-draft-6\/\">\n\n\n<font color=\"FF7357\" style=\"font-size: 15px; font-weight: 500;\">\n\nLire la suite  >><\/font><\/a>\n\n\n\n\n\n\n<\/td><\/tr><\/table>\n\n<table style=\"border-style: hidden;\"><tr style=\"100%;  \">\n\n<td width=\"150\" style=\"20%; border-style: hidden;\"><a href=\"https:\/\/shawville.ca\/fr\/events\/auto-draft-12\/\"><img src='https:\/\/shawville.ca\/wp-content\/uploads\/2024\/01\/shawville-council-meetings-small.png' alt='Conseil du Shawville'\/><\/a> <\/td> \n\n<td style=\"80%; border-style: hidden;\">\n\n<h4><a href=\"https:\/\/shawville.ca\/fr\/events\/auto-draft-12\/\">July 14, 2026<\/a><\/h4>\n\n<font size=\"3\"> \nConseil du Shawville <\/br>\njuillet 14, 2026 <\/br>\n18:30 - 20:00\n\n<\/font>\n\n<\/br><\/br>\n\n\t\t\n\t\t<a class=\"elementor-post__read-more\" href=\"https:\/\/shawville.ca\/fr\/events\/auto-draft-12\/\">\n\n\n<font color=\"FF7357\" style=\"font-size: 15px; font-weight: 500;\">\n\nLire la suite  >><\/font><\/a>\n\n\n\n\n\n\n<\/td><\/tr><\/table>\n\n<table style=\"border-style: hidden;\"><tr style=\"100%;  \">\n\n<td width=\"150\" style=\"20%; border-style: hidden;\"><a href=\"https:\/\/shawville.ca\/fr\/events\/auto-draft-13\/\"><img src='https:\/\/shawville.ca\/wp-content\/uploads\/2024\/01\/shawville-council-meetings-small.png' alt='Conseil du Shawville'\/><\/a> <\/td> \n\n<td style=\"80%; border-style: hidden;\">\n\n<h4><a href=\"https:\/\/shawville.ca\/fr\/events\/auto-draft-13\/\">August 11, 2026<\/a><\/h4>\n\n<font size=\"3\"> \nConseil du Shawville <\/br>\nao\u00fbt 11, 2026 <\/br>\n18:30 - 20:00\n\n<\/font>\n\n<\/br><\/br>\n\n\t\t\n\t\t<a class=\"elementor-post__read-more\" href=\"https:\/\/shawville.ca\/fr\/events\/auto-draft-13\/\">\n\n\n<font color=\"FF7357\" style=\"font-size: 15px; font-weight: 500;\">\n\nLire la suite  >><\/font><\/a>\n\n\n\n\n\n\n<\/td><\/tr><\/table>\n\n<table style=\"border-style: hidden;\"><tr style=\"100%;  \">\n\n<td width=\"150\" style=\"20%; border-style: hidden;\"><a href=\"https:\/\/shawville.ca\/fr\/events\/auto-draft-14\/\"><img src='https:\/\/shawville.ca\/wp-content\/uploads\/2024\/01\/shawville-council-meetings-small.png' alt='Conseil du Shawville'\/><\/a> <\/td> \n\n<td style=\"80%; border-style: hidden;\">\n\n<h4><a href=\"https:\/\/shawville.ca\/fr\/events\/auto-draft-14\/\">September 15, 2026<\/a><\/h4>\n\n<font size=\"3\"> \nConseil du Shawville <\/br>\nseptembre 15, 2026 <\/br>\n18:30 - 20:00\n\n<\/font>\n\n<\/br><\/br>\n\n\t\t\n\t\t<a class=\"elementor-post__read-more\" href=\"https:\/\/shawville.ca\/fr\/events\/auto-draft-14\/\">\n\n\n<font color=\"FF7357\" style=\"font-size: 15px; font-weight: 500;\">\n\nLire la suite  >><\/font><\/a>\n\n\n\n\n\n\n<\/td><\/tr><\/table>\t<\/div>\r\n<\/div>\n<\/div>\n\t\t\t\t\t\t<\/div>\n\t\t\t\t<\/div>\n\t\t\t\t\t<\/div>\n\t\t\t\t<\/div>\n\t\t\t\t\t<\/div>\n\t\t\t\t<\/div>\n\t\t\t\t<\/div>\n\t\t","protected":false},"excerpt":{"rendered":"<p>CONTENTS<\/p>\n","protected":false},"author":1,"featured_media":169475,"parent":0,"menu_order":0,"comment_status":"closed","ping_status":"closed","template":"","meta":{"_acf_changed":false,"footnotes":""},"class_list":["post-158326","page","type-page","status-publish","has-post-thumbnail","hentry"],"acf":[],"ams_acf":[],"yoast_head":"<!-- This site is optimized with the Yoast SEO plugin v27.3 - https:\/\/yoast.com\/product\/yoast-seo-wordpress\/ -->\n<title>\u00c9v\u00e9nements - Municipalit\u00e9 de Shawville Quebec<\/title>\n<meta name=\"robots\" content=\"index, follow, max-snippet:-1, max-image-preview:large, max-video-preview:-1\" \/>\n<link rel=\"canonical\" href=\"https:\/\/shawville.ca\/fr\/evenements\/\" \/>\n<meta property=\"og:locale\" content=\"fr_FR\" \/>\n<meta property=\"og:type\" content=\"article\" \/>\n<meta property=\"og:title\" content=\"\u00c9v\u00e9nements - Municipalit\u00e9 de Shawville Quebec\" \/>\n<meta property=\"og:description\" content=\"CONTENTS\" \/>\n<meta property=\"og:url\" content=\"https:\/\/shawville.ca\/fr\/evenements\/\" \/>\n<meta property=\"og:site_name\" content=\"Municipalit\u00e9 de Shawville Quebec\" \/>\n<meta property=\"article:publisher\" content=\"https:\/\/www.facebook.com\/shawvillequebec\" \/>\n<meta property=\"article:modified_time\" content=\"2024-03-26T17:37:25+00:00\" \/>\n<meta property=\"og:image\" content=\"https:\/\/shawville.ca\/wp-content\/uploads\/2024\/02\/canada-day-shawville.jpg\" \/>\n\t<meta property=\"og:image:width\" content=\"2048\" \/>\n\t<meta property=\"og:image:height\" content=\"1365\" \/>\n\t<meta property=\"og:image:type\" content=\"image\/jpeg\" \/>\n<meta name=\"twitter:card\" content=\"summary_large_image\" \/>\n<meta name=\"twitter:label1\" content=\"Dur\u00e9e de lecture estim\u00e9e\" \/>\n\t<meta name=\"twitter:data1\" content=\"1 minute\" \/>\n<script type=\"application\/ld+json\" class=\"yoast-schema-graph\">{\"@context\":\"https:\\\/\\\/schema.org\",\"@graph\":[{\"@type\":\"WebPage\",\"@id\":\"https:\\\/\\\/shawville.ca\\\/fr\\\/evenements\\\/\",\"url\":\"https:\\\/\\\/shawville.ca\\\/fr\\\/evenements\\\/\",\"name\":\"\u00c9v\u00e9nements - Municipalit\u00e9 de Shawville Quebec\",\"isPartOf\":{\"@id\":\"https:\\\/\\\/shawville.ca\\\/fr\\\/#website\"},\"primaryImageOfPage\":{\"@id\":\"https:\\\/\\\/shawville.ca\\\/fr\\\/evenements\\\/#primaryimage\"},\"image\":{\"@id\":\"https:\\\/\\\/shawville.ca\\\/fr\\\/evenements\\\/#primaryimage\"},\"thumbnailUrl\":\"https:\\\/\\\/shawville.ca\\\/wp-content\\\/uploads\\\/2024\\\/02\\\/canada-day-shawville.jpg\",\"datePublished\":\"2023-05-17T00:06:41+00:00\",\"dateModified\":\"2024-03-26T17:37:25+00:00\",\"breadcrumb\":{\"@id\":\"https:\\\/\\\/shawville.ca\\\/fr\\\/evenements\\\/#breadcrumb\"},\"inLanguage\":\"fr-FR\",\"potentialAction\":[{\"@type\":\"ReadAction\",\"target\":[\"https:\\\/\\\/shawville.ca\\\/fr\\\/evenements\\\/\"]}]},{\"@type\":\"ImageObject\",\"inLanguage\":\"fr-FR\",\"@id\":\"https:\\\/\\\/shawville.ca\\\/fr\\\/evenements\\\/#primaryimage\",\"url\":\"https:\\\/\\\/shawville.ca\\\/wp-content\\\/uploads\\\/2024\\\/02\\\/canada-day-shawville.jpg\",\"contentUrl\":\"https:\\\/\\\/shawville.ca\\\/wp-content\\\/uploads\\\/2024\\\/02\\\/canada-day-shawville.jpg\",\"width\":2048,\"height\":1365,\"caption\":\"Canada Day in Shawville\"},{\"@type\":\"BreadcrumbList\",\"@id\":\"https:\\\/\\\/shawville.ca\\\/fr\\\/evenements\\\/#breadcrumb\",\"itemListElement\":[{\"@type\":\"ListItem\",\"position\":1,\"name\":\"Home\",\"item\":\"https:\\\/\\\/shawville.ca\\\/fr\\\/\"},{\"@type\":\"ListItem\",\"position\":2,\"name\":\"\u00c9v\u00e9nements\"}]},{\"@type\":\"WebSite\",\"@id\":\"https:\\\/\\\/shawville.ca\\\/fr\\\/#website\",\"url\":\"https:\\\/\\\/shawville.ca\\\/fr\\\/\",\"name\":\"Municipality of Shawville Quebec\",\"description\":\"Simplement Invitant\",\"publisher\":{\"@id\":\"https:\\\/\\\/shawville.ca\\\/fr\\\/#organization\"},\"alternateName\":\"Shawville\",\"potentialAction\":[{\"@type\":\"SearchAction\",\"target\":{\"@type\":\"EntryPoint\",\"urlTemplate\":\"https:\\\/\\\/shawville.ca\\\/fr\\\/?s={search_term_string}\"},\"query-input\":{\"@type\":\"PropertyValueSpecification\",\"valueRequired\":true,\"valueName\":\"search_term_string\"}}],\"inLanguage\":\"fr-FR\"},{\"@type\":\"Organization\",\"@id\":\"https:\\\/\\\/shawville.ca\\\/fr\\\/#organization\",\"name\":\"The Municipality of Shawville\",\"alternateName\":\"Shawville\",\"url\":\"https:\\\/\\\/shawville.ca\\\/fr\\\/\",\"logo\":{\"@type\":\"ImageObject\",\"inLanguage\":\"fr-FR\",\"@id\":\"https:\\\/\\\/shawville.ca\\\/fr\\\/#\\\/schema\\\/logo\\\/image\\\/\",\"url\":\"https:\\\/\\\/shawville.ca\\\/wp-content\\\/uploads\\\/2023\\\/09\\\/shawville-quebec-footer-logo.png\",\"contentUrl\":\"https:\\\/\\\/shawville.ca\\\/wp-content\\\/uploads\\\/2023\\\/09\\\/shawville-quebec-footer-logo.png\",\"width\":550,\"height\":550,\"caption\":\"The Municipality of Shawville\"},\"image\":{\"@id\":\"https:\\\/\\\/shawville.ca\\\/fr\\\/#\\\/schema\\\/logo\\\/image\\\/\"},\"sameAs\":[\"https:\\\/\\\/www.facebook.com\\\/shawvillequebec\",\"https:\\\/\\\/www.instagram.com\\\/destination.pontiac\\\/\",\"https:\\\/\\\/www.youtube.com\\\/channel\\\/UCsfXrrSPVm8eMca37PeSZYg\",\"https:\\\/\\\/www.linkedin.com\\\/company\\\/mrc-pontiac\\\/\"]}]}<\/script>\n<!-- \/ Yoast SEO plugin. -->","yoast_head_json":{"title":"\u00c9v\u00e9nements - Municipalit\u00e9 de Shawville Quebec","robots":{"index":"index","follow":"follow","max-snippet":"max-snippet:-1","max-image-preview":"max-image-preview:large","max-video-preview":"max-video-preview:-1"},"canonical":"https:\/\/shawville.ca\/fr\/evenements\/","og_locale":"fr_FR","og_type":"article","og_title":"\u00c9v\u00e9nements - Municipalit\u00e9 de Shawville Quebec","og_description":"CONTENTS","og_url":"https:\/\/shawville.ca\/fr\/evenements\/","og_site_name":"Municipalit\u00e9 de Shawville Quebec","article_publisher":"https:\/\/www.facebook.com\/shawvillequebec","article_modified_time":"2024-03-26T17:37:25+00:00","og_image":[{"width":2048,"height":1365,"url":"https:\/\/shawville.ca\/wp-content\/uploads\/2024\/02\/canada-day-shawville.jpg","type":"image\/jpeg"}],"twitter_card":"summary_large_image","twitter_misc":{"Dur\u00e9e de lecture estim\u00e9e":"1 minute"},"schema":{"@context":"https:\/\/schema.org","@graph":[{"@type":"WebPage","@id":"https:\/\/shawville.ca\/fr\/evenements\/","url":"https:\/\/shawville.ca\/fr\/evenements\/","name":"\u00c9v\u00e9nements - Municipalit\u00e9 de Shawville Quebec","isPartOf":{"@id":"https:\/\/shawville.ca\/fr\/#website"},"primaryImageOfPage":{"@id":"https:\/\/shawville.ca\/fr\/evenements\/#primaryimage"},"image":{"@id":"https:\/\/shawville.ca\/fr\/evenements\/#primaryimage"},"thumbnailUrl":"https:\/\/shawville.ca\/wp-content\/uploads\/2024\/02\/canada-day-shawville.jpg","datePublished":"2023-05-17T00:06:41+00:00","dateModified":"2024-03-26T17:37:25+00:00","breadcrumb":{"@id":"https:\/\/shawville.ca\/fr\/evenements\/#breadcrumb"},"inLanguage":"fr-FR","potentialAction":[{"@type":"ReadAction","target":["https:\/\/shawville.ca\/fr\/evenements\/"]}]},{"@type":"ImageObject","inLanguage":"fr-FR","@id":"https:\/\/shawville.ca\/fr\/evenements\/#primaryimage","url":"https:\/\/shawville.ca\/wp-content\/uploads\/2024\/02\/canada-day-shawville.jpg","contentUrl":"https:\/\/shawville.ca\/wp-content\/uploads\/2024\/02\/canada-day-shawville.jpg","width":2048,"height":1365,"caption":"Canada Day in Shawville"},{"@type":"BreadcrumbList","@id":"https:\/\/shawville.ca\/fr\/evenements\/#breadcrumb","itemListElement":[{"@type":"ListItem","position":1,"name":"Home","item":"https:\/\/shawville.ca\/fr\/"},{"@type":"ListItem","position":2,"name":"\u00c9v\u00e9nements"}]},{"@type":"WebSite","@id":"https:\/\/shawville.ca\/fr\/#website","url":"https:\/\/shawville.ca\/fr\/","name":"Municipality of Shawville Quebec","description":"Simplement Invitant","publisher":{"@id":"https:\/\/shawville.ca\/fr\/#organization"},"alternateName":"Shawville","potentialAction":[{"@type":"SearchAction","target":{"@type":"EntryPoint","urlTemplate":"https:\/\/shawville.ca\/fr\/?s={search_term_string}"},"query-input":{"@type":"PropertyValueSpecification","valueRequired":true,"valueName":"search_term_string"}}],"inLanguage":"fr-FR"},{"@type":"Organization","@id":"https:\/\/shawville.ca\/fr\/#organization","name":"The Municipality of Shawville","alternateName":"Shawville","url":"https:\/\/shawville.ca\/fr\/","logo":{"@type":"ImageObject","inLanguage":"fr-FR","@id":"https:\/\/shawville.ca\/fr\/#\/schema\/logo\/image\/","url":"https:\/\/shawville.ca\/wp-content\/uploads\/2023\/09\/shawville-quebec-footer-logo.png","contentUrl":"https:\/\/shawville.ca\/wp-content\/uploads\/2023\/09\/shawville-quebec-footer-logo.png","width":550,"height":550,"caption":"The Municipality of Shawville"},"image":{"@id":"https:\/\/shawville.ca\/fr\/#\/schema\/logo\/image\/"},"sameAs":["https:\/\/www.facebook.com\/shawvillequebec","https:\/\/www.instagram.com\/destination.pontiac\/","https:\/\/www.youtube.com\/channel\/UCsfXrrSPVm8eMca37PeSZYg","https:\/\/www.linkedin.com\/company\/mrc-pontiac\/"]}]}},"_links":{"self":[{"href":"https:\/\/shawville.ca\/fr\/wp-json\/wp\/v2\/pages\/158326","targetHints":{"allow":["GET"]}}],"collection":[{"href":"https:\/\/shawville.ca\/fr\/wp-json\/wp\/v2\/pages"}],"about":[{"href":"https:\/\/shawville.ca\/fr\/wp-json\/wp\/v2\/types\/page"}],"author":[{"embeddable":true,"href":"https:\/\/shawville.ca\/fr\/wp-json\/wp\/v2\/users\/1"}],"replies":[{"embeddable":true,"href":"https:\/\/shawville.ca\/fr\/wp-json\/wp\/v2\/comments?post=158326"}],"version-history":[{"count":5,"href":"https:\/\/shawville.ca\/fr\/wp-json\/wp\/v2\/pages\/158326\/revisions"}],"predecessor-version":[{"id":171122,"href":"https:\/\/shawville.ca\/fr\/wp-json\/wp\/v2\/pages\/158326\/revisions\/171122"}],"wp:featuredmedia":[{"embeddable":true,"href":"https:\/\/shawville.ca\/fr\/wp-json\/wp\/v2\/media\/169475"}],"wp:attachment":[{"href":"https:\/\/shawville.ca\/fr\/wp-json\/wp\/v2\/media?parent=158326"}],"curies":[{"name":"wp","href":"https:\/\/api.w.org\/{rel}","templated":true}]}}