{"id":167779,"date":"2023-11-10T18:49:52","date_gmt":"2023-11-10T23:49:52","guid":{"rendered":"https:\/\/shawville.ottawavalleymedia.ca\/entreprises\/contrats-et-appels-doffres\/"},"modified":"2024-03-26T13:14:45","modified_gmt":"2024-03-26T17:14:45","slug":"contrats-et-appels-doffres","status":"publish","type":"page","link":"https:\/\/shawville.ca\/fr\/entreprises\/contrats-et-appels-doffres\/","title":{"rendered":"Contrats et Appels d&#8217;offres"},"content":{"rendered":"\t\t<div data-elementor-type=\"wp-page\" data-elementor-id=\"167779\" class=\"elementor elementor-167779 elementor-167108\" data-elementor-post-type=\"page\">\n\t\t\t\t<div class=\"elementor-element elementor-element-b0041de e-flex e-con-boxed e-con e-parent\" data-id=\"b0041de\" data-element_type=\"container\" data-e-type=\"container\">\n\t\t\t\t\t<div class=\"e-con-inner\">\n\t\t<div class=\"elementor-element elementor-element-b448d69 e-flex e-con-boxed e-con e-child\" data-id=\"b448d69\" data-element_type=\"container\" data-e-type=\"container\">\n\t\t\t\t\t<div class=\"e-con-inner\">\n\t\t\t\t<div class=\"elementor-element elementor-element-48525b6 elementor-widget__width-initial elementor-widget elementor-widget-text-editor\" data-id=\"48525b6\" data-element_type=\"widget\" data-e-type=\"widget\" data-widget_type=\"text-editor.default\">\n\t\t\t\t<div class=\"elementor-widget-container\">\n\t\t\t\t\t\t\t\t\t<p>La municipalit\u00e9 de Shawville s&#8217;engage dans un processus d&#8217;approvisionnement transparent, \u00e9quitable et con\u00e7u pour obtenir le meilleur rapport qualit\u00e9-prix dans l&#8217;acquisition de biens, de services et de projets de construction.<\/p><p>Ce processus est men\u00e9 conform\u00e9ment aux r\u00e9glementations municipales, provinciales et f\u00e9d\u00e9rales, garantissant un environnement ouvert et concurrentiel pour tous les fournisseurs, entrepreneurs et prestataires de services. Nous nous engageons \u00e0 respecter les principes d&#8217;\u00e9quit\u00e9 et d&#8217;accessibilit\u00e9 dans nos appels d&#8217;offres, qui sont affich\u00e9s et mis \u00e0 la disposition du public.<\/p><p>Notre objectif est de favoriser un environnement d&#8217;approvisionnement qui soutient l&#8217;\u00e9conomie locale tout en respectant les normes de qualit\u00e9, d&#8217;efficacit\u00e9 et d&#8217;\u00e9thique. Nous encourageons la participation des fournisseurs d\u00e9sireux de contribuer aux services et infrastructures communautaires de Shawville.<\/p>\t\t\t\t\t\t\t\t<\/div>\n\t\t\t\t<\/div>\n\t\t\t\t<div class=\"elementor-element elementor-element-0c3647e elementor-widget elementor-widget-text-editor\" data-id=\"0c3647e\" data-element_type=\"widget\" data-e-type=\"widget\" data-widget_type=\"text-editor.default\">\n\t\t\t\t<div class=\"elementor-widget-container\">\n\t\t\t\t\t\t\t\t\t<p>Avez-vous des questions ? Visitez notre <strong><a href=\"\/fr\/contactez-la-municipalite\/\">page de contact<\/a> !<\/strong><\/p>\t\t\t\t\t\t\t\t<\/div>\n\t\t\t\t<\/div>\n\t\t\t\t\t<\/div>\n\t\t\t\t<\/div>\n\t\t\t\t\t<\/div>\n\t\t\t\t<\/div>\n\t\t<div class=\"elementor-element elementor-element-3bd37f9 e-flex e-con-boxed e-con e-parent\" data-id=\"3bd37f9\" data-element_type=\"container\" data-e-type=\"container\">\n\t\t\t\t\t<div class=\"e-con-inner\">\n\t\t<div class=\"elementor-element elementor-element-c9247ee e-con-full e-flex e-con e-child\" data-id=\"c9247ee\" data-element_type=\"container\" data-e-type=\"container\">\n\t\t\t\t<div class=\"elementor-element elementor-element-45d65e6 elementor-widget elementor-widget-heading\" data-id=\"45d65e6\" data-element_type=\"widget\" data-e-type=\"widget\" data-widget_type=\"heading.default\">\n\t\t\t\t<div class=\"elementor-widget-container\">\n\t\t\t\t\t<h2 class=\"elementor-heading-title elementor-size-default\">Les mesures de maintien d\u2019une saine concurrence <\/h2>\t\t\t\t<\/div>\n\t\t\t\t<\/div>\n\t\t\t\t<div class=\"elementor-element elementor-element-f16ae2f elementor-widget elementor-widget-text-editor\" data-id=\"f16ae2f\" data-element_type=\"widget\" data-e-type=\"widget\" data-widget_type=\"text-editor.default\">\n\t\t\t\t<div class=\"elementor-widget-container\">\n\t\t\t\t\t\t\t\t\t<h3>Section 1<\/h3><p><strong>Les mesures visant \u00e0 assurer que tout soumissionnaire ou l\u2019un de ses repr\u00e9sentants n\u2019a pas communiqu\u00e9 ou tent\u00e9 de communiqu\u00e9, dans le but de l\u2019influencer, avec un des membres du comit\u00e9 de s\u00e9lection relativement \u00e0 la demande de soumissions pour laquelle il a pr\u00e9sent\u00e9 une soumission. <\/strong><\/p><ul><li>Le conseil d\u00e9l\u00e8gue \u00e0 la directrice g\u00e9n\u00e9rale le pouvoir de former tout comit\u00e9 de s\u00e9lection n\u00e9cessaire pour recevoir et \u00e9tudier les soumissions re\u00e7ues et tirer les conclusions qui s\u2019imposent, pour tout contrat sup\u00e9rieur \u00e0 100,000.00 $, \u00e0 l\u2019exclusion des contrats pour des services professionnels \u00e0 usage exclusif. Ceux-ci sont assujettis \u00e0 la disposition l\u00e9gislative du code municipal.<\/li><li>Tout membre du conseil, tout employ\u00e9 et tout mandataire de celui-ci doit pr\u00e9server, en tout temps, la confidentialit\u00e9 de l\u2019identit\u00e9 des membres de tout comit\u00e9 de s\u00e9lection.<\/li><li>Lors de tout appel d\u2019offres exigeant la cr\u00e9ation d\u2019un comit\u00e9 de s\u00e9lection, les documents d\u2019appel d\u2019offres doivent contenir des dispositions aux effets suivants :<ul><li>Tout soumissionnaire doit joindre \u00e0 sa soumission une d\u00e9claration attestant que ni lui ni aucun de ses repr\u00e9sentants n\u2019a communiqu\u00e9 ou tent\u00e9 de communiquer, dans le but d\u2019exercer une influence, avec un membre du comit\u00e9 de s\u00e9lection.<\/li><li>Si un soumissionnaire, ou un de ses repr\u00e9sentants communique ou tente de communiquer avec un membre du comit\u00e9 de s\u00e9lection dans le but de l\u2019influencer, sa soumission sera automatiquement rejet\u00e9e.<\/li><\/ul><\/li><\/ul><p><strong>\u00a0<\/strong><\/p><h3>Section 2<\/h3><p><strong>Mesures favorisant le respect des lois applicables qui visent \u00e0 lutter contre le truquage des offres <\/strong><\/p><ul><li>Tout soumissionnaire doit joindre \u00e0 sa soumission une d\u00e9claration attestant que sa soumission a \u00e9t\u00e9 pr\u00e9par\u00e9e et d\u00e9pos\u00e9e sans qu\u2019il y ait eu collusion, communication, entente ou arrangement avec tout autres soumissionnaire ou personne pour convenir des prix \u00e0 soumettre, ou pour influencer les prix soumis.<\/li><li>Doit \u00eatre ins\u00e9r\u00e9e dans les documents d\u2019appel d\u2019offres une disposition pr\u00e9voyant que si un soumissionnaire s\u2019est livr\u00e9 \u00e0 une collusion, a communiqu\u00e9 ou a convenu d\u2019une entente ou d\u2019un arrangement avec un autre soumissionnaire ou un concurrent pour influencer ou fixer les prix soumis, sa soumission sera automatiquement rejet\u00e9e.<\/li><li>Tout renseignement disponible concernant un appel d\u2019offres doit \u00eatre accessible de mani\u00e8re impartiale et uniforme pour tous les soumissionnaires potentiels. Plus particuli\u00e8rement, le directeur g\u00e9n\u00e9ral doit s\u2019assurer que les documents qui auraient \u00e9t\u00e9 pr\u00e9par\u00e9s par un consultant pour la municipalit\u00e9 et qui contiennent des renseignements techniques doivent \u00eatre accessibles \u00e0 l\u2019ensemble des soumissionnaires potentiels.<\/li><\/ul><h3>Section 3<\/h3><p><strong>Mesures visant \u00e0 assurer le respect de la Loi sur la transparence et l\u2019\u00e9thique en mati\u00e8re de lobbyisme et du Code de d\u00e9ontologie des lobbyistes adopt\u00e9 en vertu de cette loi <\/strong><\/p><ul><li>Tout membre du conseil ou tout employ\u00e9 s\u2019assure aupr\u00e8s de toute personne qui communique avec lui aux fins de l\u2019obtention d\u2019un contrat que celle-ci s\u2019est inscrite au Registre des lobbyistes pr\u00e9vu par la Loi sur la transparence et l&#8217;\u00e9thique en mati\u00e8re de lobbyisme.<\/li><li>Tout soumissionnaire doit joindre \u00e0 sa soumission une d\u00e9claration attestant que ni lui ni aucun de ses repr\u00e9sentants ne s\u2019est livr\u00e9 \u00e0 une communication d\u2019influence aux fins de l\u2019obtention du contrat, ou, si telle communication d\u2019influence a eu lieu, joindre \u00e0 sa soumission une d\u00e9claration selon laquelle cette communication a eu lieu apr\u00e8s que toute inscription exig\u00e9e en vertu de la loi au Registre des lobbyistes a \u00e9t\u00e9 faite.<\/li><\/ul><h3>Section 4<\/h3><p><strong>Mesures ayant pour but de pr\u00e9venir les gestes d\u2019intimidation, de trafic d\u2019influence ou de corruption <\/strong><\/p><ul><li>La municipalit\u00e9 doit, dans le cas des appels d\u2019offres sur invitation \u00e9crite, favoriser dans la mesure du possible l\u2019invitation d\u2019entreprises diff\u00e9rentes. L\u2019identit\u00e9 des personnes ainsi invit\u00e9es ne peut \u00eatre rendue publique que lors de l\u2019ouverture des soumissions.<\/li><li>Tout soumissionnaire doit joindre \u00e0 sa soumission une d\u00e9claration attestant que ni lui ni aucun de ses collaborateurs ou employ\u00e9s ne s\u2019est livr\u00e9 \u00e0 des gestes d\u2019intimidation, de trafic d\u2019influence ou de corruption.<\/li><li>Tout appel d\u2019offres doit indiquer que si une personne s\u2019est livr\u00e9e \u00e0 l\u2019un ou l\u2019autre des actes mentionn\u00e9s au paragraphe qui pr\u00e9c\u00e8de, la soumission de celle-ci sera automatiquement rejet\u00e9e.<\/li><li>Tout appel d\u2019offres doit pr\u00e9voir qu\u2019advenant que les soumissions soient plus \u00e9lev\u00e9es que les taux du march\u00e9, l\u2019organisme municipal se r\u00e9serve le droit d\u2019accepter ou de rejeter toute soumission.<\/li><\/ul><h3>Section 5<\/h3><p><strong>Mesures ayant pour but de pr\u00e9venir les situations de conflits d\u2019int\u00e9r\u00eats <\/strong><\/p><ul><li>Toute personne participant \u00e0 l\u2019\u00e9laboration, l\u2019ex\u00e9cution ou le suivi d\u2019un appel d\u2019offres ou d\u2019un contrat, ainsi que le secr\u00e9taire et les membres d\u2019un comit\u00e9 de s\u00e9lection, le cas \u00e9ch\u00e9ant, doit d\u00e9clarer tout conflit d\u2019int\u00e9r\u00eats et toute situation de conflit d\u2019int\u00e9r\u00eats potentiel.<\/li><li>Aucune personne en conflit d\u2019int\u00e9r\u00eats ne peut participer \u00e0 l\u2019\u00e9laboration, l\u2019ex\u00e9cution ou le suivi d\u2019un appel d\u2019offres ou d\u2019un contrat.<\/li><li>Tout soumissionnaire doit joindre \u00e0 sa soumission une d\u00e9claration attestant qu\u2019il n\u2019existait aucun lien suscitant ou susceptible de susciter un conflit d\u2019int\u00e9r\u00eats en raison de ses liens avec un membre du conseil ou un fonctionnaire.<\/li><\/ul><h3>Section 6<\/h3><p><strong>Mesures ayant pour but de pr\u00e9venir toute autre situation susceptible de compromettre l\u2019impartialit\u00e9 et l\u2019objectivit\u00e9 du processus de demande de soumissions et de la gestion du contrat qui en r\u00e9sulte <\/strong><\/p><ul><li>Aux fins de tout appel d\u2019offres est identifi\u00e9 un responsable de l\u2019appel d\u2019offres \u00e0 qui est confi\u00e9 le mandat de fournir toute information concernant l\u2019appel d\u2019offres et il est pr\u00e9vu dans tout document d\u2019appel d\u2019offres que tout soumissionnaire potentiel ou tout soumissionnaire doit s\u2019adresser \u00e0 ce seul responsable pour obtenir toute pr\u00e9cision relativement \u00e0 l\u2019appel d\u2019offres.<\/li><li>Lors de tout appel d\u2019offres, il est interdit \u00e0 tout membre du conseil et \u00e0 tout employ\u00e9 de la municipalit\u00e9 de r\u00e9pondre \u00e0 toute demande de pr\u00e9cision relativement \u00e0 tout appel d\u2019offres autrement qu\u2019en dirigeant le demandeur vers la personne responsable.<\/li><li>Ne sont toutefois pas vis\u00e9es par la pr\u00e9sente exclusion, les personnes qui ont particip\u00e9 \u00e0 l\u2019\u00e9laboration de clauses techniques ou \u00e0 l\u2019estimation des co\u00fbts d\u2019un projet, dans la mesure o\u00f9 les documents qu\u2019ils ont pr\u00e9par\u00e9s, incluant la ventilation d\u00e9taill\u00e9e des co\u00fbts, sont fournis \u00e0 l\u2019ensemble des soumissionnaires potentiels.<\/li><\/ul><h3>Section 7<\/h3><p><strong>Mesures visant \u00e0 encadrer la prise de toute d\u00e9cision ayant pour effet d\u2019autoriser la modification d\u2019un contrat <\/strong><\/p><ul><li>La municipalit\u00e9 doit pr\u00e9voir dans les appels d\u2019offres de tenir des r\u00e9unions de chantier r\u00e9guli\u00e8rement pendant l\u2019ex\u00e9cution de travaux afin d\u2019assurer le suivi de l\u2019ex\u00e9cution du contrat\u202f;<\/li><li>La municipalit\u00e9 doit porter une attention particuli\u00e8re \u00e0 la confection du cahier de charges pour \u00e9viter d\u2019ouvrir la porte aux d\u00e9passements de co\u00fbts.<\/li><li>En cas d\u2019impr\u00e9vu et s\u2019il devient n\u00e9cessaire de modifier un contrat en cours de r\u00e9alisation, les r\u00e8gles suivantes doivent \u00eatre respect\u00e9es :<ul><li>\u00a0La modification doit \u00eatre accessoire au contrat et ne pas en changer la nature<\/li><li>La modification doit \u00eatre autoris\u00e9e par r\u00e9solution du conseil<\/li><\/ul><\/li><li>La pr\u00e9sente disposition n\u2019a pas pour effet d\u2019emp\u00eacher qu\u2019un contrat puisse \u00eatre conclu de mani\u00e8re urgente. Dans un cas de force majeure de nature \u00e0 mettre en danger la vie ou la sant\u00e9 de la population ou \u00e0 d\u00e9t\u00e9riorer s\u00e9rieusement les \u00e9quipements municipaux, le maire peut passer outre aux pr\u00e9sentes r\u00e8gles et adjuger le contrat n\u00e9cessaire afin de pallier la situation.<\/li><\/ul><h3>Section 8<\/h3><p><strong>Entr\u00e9e en vigueur <\/strong><\/p><p>La pr\u00e9sente disposition n\u2019a pas pour effet d\u2019emp\u00eacher qu\u2019un contrat puisse \u00eatre conclu de mani\u00e8re urgente. Dans un cas de force majeure de nature \u00e0 mettre en danger la vie ou la sant\u00e9 de la population ou \u00e0 d\u00e9t\u00e9riorer s\u00e9rieusement les \u00e9quipements municipaux, le maire peut passer outre aux pr\u00e9sentes r\u00e8gles et adjuger le contrat n\u00e9cessaire afin de pallier la situation.<\/p>\t\t\t\t\t\t\t\t<\/div>\n\t\t\t\t<\/div>\n\t\t\t\t<div class=\"elementor-element elementor-element-723cfb8 elementor-align-center elementor-widget elementor-widget-button\" data-id=\"723cfb8\" data-element_type=\"widget\" data-e-type=\"widget\" data-widget_type=\"button.default\">\n\t\t\t\t<div class=\"elementor-widget-container\">\n\t\t\t\t\t\t\t\t\t<div class=\"elementor-button-wrapper\">\n\t\t\t\t\t<a class=\"elementor-button elementor-button-link elementor-size-md\" href=\"\/wp-content\/uploads\/2024\/02\/2021-11-22_Politique-de-gestion-contractuelle.pdf\">\n\t\t\t\t\t\t<span class=\"elementor-button-content-wrapper\">\n\t\t\t\t\t\t\t\t\t<span class=\"elementor-button-text\">T\u00c9L\u00c9CHARGEZ UNE COPIE DE CETTE POLITIQUE<\/span>\n\t\t\t\t\t<\/span>\n\t\t\t\t\t<\/a>\n\t\t\t\t<\/div>\n\t\t\t\t\t\t\t\t<\/div>\n\t\t\t\t<\/div>\n\t\t\t\t<\/div>\n\t\t\t\t\t<\/div>\n\t\t\t\t<\/div>\n\t\t\t\t<\/div>\n\t\t","protected":false},"excerpt":{"rendered":"<p>La municipalit\u00e9 de Shawville s&#8217;engage dans un processus d&#8217;approvisionnement transparent, \u00e9quitable et con\u00e7u pour obtenir le meilleur rapport qualit\u00e9-prix dans l&#8217;acquisition de biens, de services et de projets de construction. Ce processus est men\u00e9 conform\u00e9ment aux r\u00e9glementations municipales, provinciales et f\u00e9d\u00e9rales, garantissant un environnement ouvert et concurrentiel pour tous les fournisseurs, entrepreneurs et prestataires de &hellip;<\/p>\n","protected":false},"author":1,"featured_media":166974,"parent":158248,"menu_order":0,"comment_status":"closed","ping_status":"closed","template":"","meta":{"_acf_changed":false,"footnotes":""},"class_list":["post-167779","page","type-page","status-publish","has-post-thumbnail","hentry"],"acf":[],"ams_acf":[],"yoast_head":"<!-- This site is optimized with the Yoast SEO plugin v27.3 - https:\/\/yoast.com\/product\/yoast-seo-wordpress\/ -->\n<title>Contrats et Appels d&#039;offres - Municipalit\u00e9 de Shawville Quebec<\/title>\n<meta name=\"robots\" content=\"index, follow, max-snippet:-1, max-image-preview:large, max-video-preview:-1\" \/>\n<link rel=\"canonical\" href=\"https:\/\/shawville.ca\/fr\/entreprises\/contrats-et-appels-doffres\/\" \/>\n<meta property=\"og:locale\" content=\"fr_FR\" \/>\n<meta property=\"og:type\" content=\"article\" \/>\n<meta property=\"og:title\" content=\"Contrats et Appels d&#039;offres - Municipalit\u00e9 de Shawville Quebec\" \/>\n<meta property=\"og:description\" content=\"La municipalit\u00e9 de Shawville s&#8217;engage dans un processus d&#8217;approvisionnement transparent, \u00e9quitable et con\u00e7u pour obtenir le meilleur rapport qualit\u00e9-prix dans l&#8217;acquisition de biens, de services et de projets de construction. Ce processus est men\u00e9 conform\u00e9ment aux r\u00e9glementations municipales, provinciales et f\u00e9d\u00e9rales, garantissant un environnement ouvert et concurrentiel pour tous les fournisseurs, entrepreneurs et prestataires de &hellip;\" \/>\n<meta property=\"og:url\" content=\"https:\/\/shawville.ca\/fr\/entreprises\/contrats-et-appels-doffres\/\" \/>\n<meta property=\"og:site_name\" content=\"Municipalit\u00e9 de Shawville Quebec\" \/>\n<meta property=\"article:publisher\" content=\"https:\/\/www.facebook.com\/shawvillequebec\" \/>\n<meta property=\"article:modified_time\" content=\"2024-03-26T17:14:45+00:00\" \/>\n<meta property=\"og:image\" content=\"https:\/\/shawville.ca\/wp-content\/uploads\/2023\/11\/IMG_4883-scaled.jpg\" \/>\n\t<meta property=\"og:image:width\" content=\"2560\" \/>\n\t<meta property=\"og:image:height\" content=\"1707\" \/>\n\t<meta property=\"og:image:type\" content=\"image\/jpeg\" \/>\n<meta name=\"twitter:card\" content=\"summary_large_image\" \/>\n<meta name=\"twitter:label1\" content=\"Dur\u00e9e de lecture estim\u00e9e\" \/>\n\t<meta name=\"twitter:data1\" content=\"7 minutes\" \/>\n<script type=\"application\/ld+json\" class=\"yoast-schema-graph\">{\"@context\":\"https:\\\/\\\/schema.org\",\"@graph\":[{\"@type\":\"WebPage\",\"@id\":\"https:\\\/\\\/shawville.ca\\\/fr\\\/entreprises\\\/contrats-et-appels-doffres\\\/\",\"url\":\"https:\\\/\\\/shawville.ca\\\/fr\\\/entreprises\\\/contrats-et-appels-doffres\\\/\",\"name\":\"Contrats et Appels d'offres - Municipalit\u00e9 de Shawville Quebec\",\"isPartOf\":{\"@id\":\"https:\\\/\\\/shawville.ca\\\/fr\\\/#website\"},\"primaryImageOfPage\":{\"@id\":\"https:\\\/\\\/shawville.ca\\\/fr\\\/entreprises\\\/contrats-et-appels-doffres\\\/#primaryimage\"},\"image\":{\"@id\":\"https:\\\/\\\/shawville.ca\\\/fr\\\/entreprises\\\/contrats-et-appels-doffres\\\/#primaryimage\"},\"thumbnailUrl\":\"https:\\\/\\\/shawville.ca\\\/wp-content\\\/uploads\\\/2023\\\/11\\\/IMG_4883-scaled.jpg\",\"datePublished\":\"2023-11-10T23:49:52+00:00\",\"dateModified\":\"2024-03-26T17:14:45+00:00\",\"breadcrumb\":{\"@id\":\"https:\\\/\\\/shawville.ca\\\/fr\\\/entreprises\\\/contrats-et-appels-doffres\\\/#breadcrumb\"},\"inLanguage\":\"fr-FR\",\"potentialAction\":[{\"@type\":\"ReadAction\",\"target\":[\"https:\\\/\\\/shawville.ca\\\/fr\\\/entreprises\\\/contrats-et-appels-doffres\\\/\"]}]},{\"@type\":\"ImageObject\",\"inLanguage\":\"fr-FR\",\"@id\":\"https:\\\/\\\/shawville.ca\\\/fr\\\/entreprises\\\/contrats-et-appels-doffres\\\/#primaryimage\",\"url\":\"https:\\\/\\\/shawville.ca\\\/wp-content\\\/uploads\\\/2023\\\/11\\\/IMG_4883-scaled.jpg\",\"contentUrl\":\"https:\\\/\\\/shawville.ca\\\/wp-content\\\/uploads\\\/2023\\\/11\\\/IMG_4883-scaled.jpg\",\"width\":2560,\"height\":1707,\"caption\":\"Shawville Town Hall\"},{\"@type\":\"BreadcrumbList\",\"@id\":\"https:\\\/\\\/shawville.ca\\\/fr\\\/entreprises\\\/contrats-et-appels-doffres\\\/#breadcrumb\",\"itemListElement\":[{\"@type\":\"ListItem\",\"position\":1,\"name\":\"Home\",\"item\":\"https:\\\/\\\/shawville.ca\\\/fr\\\/\"},{\"@type\":\"ListItem\",\"position\":2,\"name\":\"Entreprises\",\"item\":\"https:\\\/\\\/shawville.ca\\\/fr\\\/business\\\/\"},{\"@type\":\"ListItem\",\"position\":3,\"name\":\"Contrats et Appels d&#8217;offres\"}]},{\"@type\":\"WebSite\",\"@id\":\"https:\\\/\\\/shawville.ca\\\/fr\\\/#website\",\"url\":\"https:\\\/\\\/shawville.ca\\\/fr\\\/\",\"name\":\"Municipality of Shawville Quebec\",\"description\":\"Simplement Invitant\",\"publisher\":{\"@id\":\"https:\\\/\\\/shawville.ca\\\/fr\\\/#organization\"},\"alternateName\":\"Shawville\",\"potentialAction\":[{\"@type\":\"SearchAction\",\"target\":{\"@type\":\"EntryPoint\",\"urlTemplate\":\"https:\\\/\\\/shawville.ca\\\/fr\\\/?s={search_term_string}\"},\"query-input\":{\"@type\":\"PropertyValueSpecification\",\"valueRequired\":true,\"valueName\":\"search_term_string\"}}],\"inLanguage\":\"fr-FR\"},{\"@type\":\"Organization\",\"@id\":\"https:\\\/\\\/shawville.ca\\\/fr\\\/#organization\",\"name\":\"The Municipality of Shawville\",\"alternateName\":\"Shawville\",\"url\":\"https:\\\/\\\/shawville.ca\\\/fr\\\/\",\"logo\":{\"@type\":\"ImageObject\",\"inLanguage\":\"fr-FR\",\"@id\":\"https:\\\/\\\/shawville.ca\\\/fr\\\/#\\\/schema\\\/logo\\\/image\\\/\",\"url\":\"https:\\\/\\\/shawville.ca\\\/wp-content\\\/uploads\\\/2023\\\/09\\\/shawville-quebec-footer-logo.png\",\"contentUrl\":\"https:\\\/\\\/shawville.ca\\\/wp-content\\\/uploads\\\/2023\\\/09\\\/shawville-quebec-footer-logo.png\",\"width\":550,\"height\":550,\"caption\":\"The Municipality of Shawville\"},\"image\":{\"@id\":\"https:\\\/\\\/shawville.ca\\\/fr\\\/#\\\/schema\\\/logo\\\/image\\\/\"},\"sameAs\":[\"https:\\\/\\\/www.facebook.com\\\/shawvillequebec\",\"https:\\\/\\\/www.instagram.com\\\/destination.pontiac\\\/\",\"https:\\\/\\\/www.youtube.com\\\/channel\\\/UCsfXrrSPVm8eMca37PeSZYg\",\"https:\\\/\\\/www.linkedin.com\\\/company\\\/mrc-pontiac\\\/\"]}]}<\/script>\n<!-- \/ Yoast SEO plugin. -->","yoast_head_json":{"title":"Contrats et Appels d'offres - Municipalit\u00e9 de Shawville Quebec","robots":{"index":"index","follow":"follow","max-snippet":"max-snippet:-1","max-image-preview":"max-image-preview:large","max-video-preview":"max-video-preview:-1"},"canonical":"https:\/\/shawville.ca\/fr\/entreprises\/contrats-et-appels-doffres\/","og_locale":"fr_FR","og_type":"article","og_title":"Contrats et Appels d'offres - Municipalit\u00e9 de Shawville Quebec","og_description":"La municipalit\u00e9 de Shawville s&#8217;engage dans un processus d&#8217;approvisionnement transparent, \u00e9quitable et con\u00e7u pour obtenir le meilleur rapport qualit\u00e9-prix dans l&#8217;acquisition de biens, de services et de projets de construction. Ce processus est men\u00e9 conform\u00e9ment aux r\u00e9glementations municipales, provinciales et f\u00e9d\u00e9rales, garantissant un environnement ouvert et concurrentiel pour tous les fournisseurs, entrepreneurs et prestataires de &hellip;","og_url":"https:\/\/shawville.ca\/fr\/entreprises\/contrats-et-appels-doffres\/","og_site_name":"Municipalit\u00e9 de Shawville Quebec","article_publisher":"https:\/\/www.facebook.com\/shawvillequebec","article_modified_time":"2024-03-26T17:14:45+00:00","og_image":[{"width":2560,"height":1707,"url":"https:\/\/shawville.ca\/wp-content\/uploads\/2023\/11\/IMG_4883-scaled.jpg","type":"image\/jpeg"}],"twitter_card":"summary_large_image","twitter_misc":{"Dur\u00e9e de lecture estim\u00e9e":"7 minutes"},"schema":{"@context":"https:\/\/schema.org","@graph":[{"@type":"WebPage","@id":"https:\/\/shawville.ca\/fr\/entreprises\/contrats-et-appels-doffres\/","url":"https:\/\/shawville.ca\/fr\/entreprises\/contrats-et-appels-doffres\/","name":"Contrats et Appels d'offres - Municipalit\u00e9 de Shawville Quebec","isPartOf":{"@id":"https:\/\/shawville.ca\/fr\/#website"},"primaryImageOfPage":{"@id":"https:\/\/shawville.ca\/fr\/entreprises\/contrats-et-appels-doffres\/#primaryimage"},"image":{"@id":"https:\/\/shawville.ca\/fr\/entreprises\/contrats-et-appels-doffres\/#primaryimage"},"thumbnailUrl":"https:\/\/shawville.ca\/wp-content\/uploads\/2023\/11\/IMG_4883-scaled.jpg","datePublished":"2023-11-10T23:49:52+00:00","dateModified":"2024-03-26T17:14:45+00:00","breadcrumb":{"@id":"https:\/\/shawville.ca\/fr\/entreprises\/contrats-et-appels-doffres\/#breadcrumb"},"inLanguage":"fr-FR","potentialAction":[{"@type":"ReadAction","target":["https:\/\/shawville.ca\/fr\/entreprises\/contrats-et-appels-doffres\/"]}]},{"@type":"ImageObject","inLanguage":"fr-FR","@id":"https:\/\/shawville.ca\/fr\/entreprises\/contrats-et-appels-doffres\/#primaryimage","url":"https:\/\/shawville.ca\/wp-content\/uploads\/2023\/11\/IMG_4883-scaled.jpg","contentUrl":"https:\/\/shawville.ca\/wp-content\/uploads\/2023\/11\/IMG_4883-scaled.jpg","width":2560,"height":1707,"caption":"Shawville Town Hall"},{"@type":"BreadcrumbList","@id":"https:\/\/shawville.ca\/fr\/entreprises\/contrats-et-appels-doffres\/#breadcrumb","itemListElement":[{"@type":"ListItem","position":1,"name":"Home","item":"https:\/\/shawville.ca\/fr\/"},{"@type":"ListItem","position":2,"name":"Entreprises","item":"https:\/\/shawville.ca\/fr\/business\/"},{"@type":"ListItem","position":3,"name":"Contrats et Appels d&#8217;offres"}]},{"@type":"WebSite","@id":"https:\/\/shawville.ca\/fr\/#website","url":"https:\/\/shawville.ca\/fr\/","name":"Municipality of Shawville Quebec","description":"Simplement Invitant","publisher":{"@id":"https:\/\/shawville.ca\/fr\/#organization"},"alternateName":"Shawville","potentialAction":[{"@type":"SearchAction","target":{"@type":"EntryPoint","urlTemplate":"https:\/\/shawville.ca\/fr\/?s={search_term_string}"},"query-input":{"@type":"PropertyValueSpecification","valueRequired":true,"valueName":"search_term_string"}}],"inLanguage":"fr-FR"},{"@type":"Organization","@id":"https:\/\/shawville.ca\/fr\/#organization","name":"The Municipality of Shawville","alternateName":"Shawville","url":"https:\/\/shawville.ca\/fr\/","logo":{"@type":"ImageObject","inLanguage":"fr-FR","@id":"https:\/\/shawville.ca\/fr\/#\/schema\/logo\/image\/","url":"https:\/\/shawville.ca\/wp-content\/uploads\/2023\/09\/shawville-quebec-footer-logo.png","contentUrl":"https:\/\/shawville.ca\/wp-content\/uploads\/2023\/09\/shawville-quebec-footer-logo.png","width":550,"height":550,"caption":"The Municipality of Shawville"},"image":{"@id":"https:\/\/shawville.ca\/fr\/#\/schema\/logo\/image\/"},"sameAs":["https:\/\/www.facebook.com\/shawvillequebec","https:\/\/www.instagram.com\/destination.pontiac\/","https:\/\/www.youtube.com\/channel\/UCsfXrrSPVm8eMca37PeSZYg","https:\/\/www.linkedin.com\/company\/mrc-pontiac\/"]}]}},"_links":{"self":[{"href":"https:\/\/shawville.ca\/fr\/wp-json\/wp\/v2\/pages\/167779","targetHints":{"allow":["GET"]}}],"collection":[{"href":"https:\/\/shawville.ca\/fr\/wp-json\/wp\/v2\/pages"}],"about":[{"href":"https:\/\/shawville.ca\/fr\/wp-json\/wp\/v2\/types\/page"}],"author":[{"embeddable":true,"href":"https:\/\/shawville.ca\/fr\/wp-json\/wp\/v2\/users\/1"}],"replies":[{"embeddable":true,"href":"https:\/\/shawville.ca\/fr\/wp-json\/wp\/v2\/comments?post=167779"}],"version-history":[{"count":5,"href":"https:\/\/shawville.ca\/fr\/wp-json\/wp\/v2\/pages\/167779\/revisions"}],"predecessor-version":[{"id":171106,"href":"https:\/\/shawville.ca\/fr\/wp-json\/wp\/v2\/pages\/167779\/revisions\/171106"}],"up":[{"embeddable":true,"href":"https:\/\/shawville.ca\/fr\/wp-json\/wp\/v2\/pages\/158248"}],"wp:featuredmedia":[{"embeddable":true,"href":"https:\/\/shawville.ca\/fr\/wp-json\/wp\/v2\/media\/166974"}],"wp:attachment":[{"href":"https:\/\/shawville.ca\/fr\/wp-json\/wp\/v2\/media?parent=167779"}],"curies":[{"name":"wp","href":"https:\/\/api.w.org\/{rel}","templated":true}]}}