{"id":167797,"date":"2023-11-10T13:41:05","date_gmt":"2023-11-10T18:41:05","guid":{"rendered":"https:\/\/shawville.ottawavalleymedia.ca\/annuaire-des-employes\/"},"modified":"2025-12-10T08:56:11","modified_gmt":"2025-12-10T13:56:11","slug":"annuaire-des-employes","status":"publish","type":"page","link":"https:\/\/shawville.ca\/fr\/annuaire-des-employes\/","title":{"rendered":"Annuaire des employ\u00e9s"},"content":{"rendered":"\t\t<div data-elementor-type=\"wp-page\" data-elementor-id=\"167797\" class=\"elementor elementor-167797 elementor-167011\" data-elementor-post-type=\"page\">\n\t\t\t\t<div class=\"elementor-element elementor-element-2b0d637b e-flex e-con-boxed e-con e-parent\" data-id=\"2b0d637b\" data-element_type=\"container\" data-e-type=\"container\" data-settings=\"{&quot;background_background&quot;:&quot;classic&quot;}\">\n\t\t\t\t\t<div class=\"e-con-inner\">\n\t\t<div class=\"elementor-element elementor-element-4163a4c3 e-con-full e-flex e-con e-child\" data-id=\"4163a4c3\" data-element_type=\"container\" data-e-type=\"container\" data-settings=\"{&quot;background_background&quot;:&quot;classic&quot;}\">\n\t\t<div class=\"elementor-element elementor-element-70dfe3f9 e-con-full e-flex e-con e-child\" data-id=\"70dfe3f9\" data-element_type=\"container\" data-e-type=\"container\">\n\t\t<div class=\"elementor-element elementor-element-15a292d6 e-con-full e-flex e-con e-child\" data-id=\"15a292d6\" data-element_type=\"container\" data-e-type=\"container\">\n\t\t\t\t<div class=\"elementor-element elementor-element-30ab784f elementor-widget elementor-widget-text-editor\" data-id=\"30ab784f\" data-element_type=\"widget\" data-e-type=\"widget\" data-widget_type=\"text-editor.default\">\n\t\t\t\t<div class=\"elementor-widget-container\">\n\t\t\t\t\t\t\t\t\t<p>Le annuaire des Employ\u00e9s de Shawville sert de ressource pour les r\u00e9sidents, offrant un acc\u00e8s direct aux employ\u00e9s municipaux dans divers d\u00e9partements. Ce r\u00e9pertoire complet facilite une communication efficace et garantit que les demandes et pr\u00e9occupations sont rapidement trait\u00e9es par le personnel appropri\u00e9. Les bureaux municipaux sont ouverts du lundi au vendredi de 8h30 \u00e0 16h30 (sauf les jours f\u00e9ri\u00e9s).<\/p>\t\t\t\t\t\t\t\t<\/div>\n\t\t\t\t<\/div>\n\t\t\t\t<div class=\"elementor-element elementor-element-1786c15 elementor-widget elementor-widget-text-editor\" data-id=\"1786c15\" data-element_type=\"widget\" data-e-type=\"widget\" data-widget_type=\"text-editor.default\">\n\t\t\t\t<div class=\"elementor-widget-container\">\n\t\t\t\t\t\t\t\t\t<p>L&#8217;administration de la Municipalit\u00e9 de Shawville est dirig\u00e9e par la Directrice G\u00e9n\u00e9rale, Crystal Webb.<\/p>\t\t\t\t\t\t\t\t<\/div>\n\t\t\t\t<\/div>\n\t\t\t\t<\/div>\n\t\t\t\t<\/div>\n\t\t\t\t<\/div>\n\t\t<div class=\"elementor-element elementor-element-25cddb43 elementor-hidden-tablet elementor-hidden-mobile e-con-full e-flex e-con e-child\" data-id=\"25cddb43\" data-element_type=\"container\" data-e-type=\"container\" data-settings=\"{&quot;background_background&quot;:&quot;classic&quot;}\">\n\t\t\t\t<\/div>\n\t\t<div class=\"elementor-element elementor-element-1078c292 elementor-hidden-mobile e-con-full e-flex e-con e-child\" data-id=\"1078c292\" data-element_type=\"container\" data-e-type=\"container\" data-settings=\"{&quot;background_background&quot;:&quot;classic&quot;}\">\n\t\t\t\t<\/div>\n\t\t\t\t\t<\/div>\n\t\t\t\t<\/div>\n\t\t<div class=\"elementor-element elementor-element-5e805468 e-flex e-con-boxed e-con e-parent\" data-id=\"5e805468\" data-element_type=\"container\" data-e-type=\"container\" data-settings=\"{&quot;background_background&quot;:&quot;classic&quot;}\">\n\t\t\t\t\t<div class=\"e-con-inner\">\n\t\t<div class=\"elementor-element elementor-element-75485ae2 e-con-full e-flex e-con e-child\" data-id=\"75485ae2\" data-element_type=\"container\" data-e-type=\"container\" data-settings=\"{&quot;background_background&quot;:&quot;classic&quot;}\">\n\t\t<div class=\"elementor-element elementor-element-7606dc37 e-con-full e-flex e-con e-child\" data-id=\"7606dc37\" data-element_type=\"container\" data-e-type=\"container\">\n\t\t<div class=\"elementor-element elementor-element-5d912366 e-con-full e-flex e-con e-child\" data-id=\"5d912366\" data-element_type=\"container\" data-e-type=\"container\">\n\t\t\t\t<div class=\"elementor-element elementor-element-1f8cd9aa elementor-widget elementor-widget-text-editor\" data-id=\"1f8cd9aa\" data-element_type=\"widget\" data-e-type=\"widget\" data-widget_type=\"text-editor.default\">\n\t\t\t\t<div class=\"elementor-widget-container\">\n\t\t\t\t\t\t\t\t\t<h3>H\u00d4TEL DE VILLE<\/h3>\n<p><strong>Crystal Webb<\/strong>, <em>Directeur g\u00e9n\u00e9ral<\/em><br \/>819-647-2979 Ext. 3<br \/><a href=\"mailto:info@shawville.ca\">courriel<\/a><\/p>\n<p><strong>Sandy Twolan<\/strong>, <em>Administrateur<\/em><br \/>819-647-2979 Ext. 1<br \/><a href=\"mailto:admin@shawville.ca\">courriel<\/a><\/p>\n<p><strong>Scott Campbell<\/strong>, <em>Greffier<\/em><br \/>819-647-2979 Ext. 2<br \/><a href=\"mailto:office@shawville.ca\">courriel<\/a><\/p>\n<p><strong>Charles Gallant<\/strong>, <em>Inspecteur des b\u00e2timents<\/em><br \/>819-647-2979 Ext. 4<br \/><a href=\"mailto:inspector@shawville.ca\">courriel<\/a><\/p>\n<p><strong>Bill McCleary<\/strong>, <em>Le maire<\/em><br \/>819-775-5955<\/p><\/p>\n\t\t\t\t\t\t\t\t<\/div>\n\t\t\t\t<\/div>\n\t\t\t\t<\/div>\n\t\t<div class=\"elementor-element elementor-element-2827fa9 e-con-full e-flex e-con e-child\" data-id=\"2827fa9\" data-element_type=\"container\" data-e-type=\"container\">\n\t\t\t\t<div class=\"elementor-element elementor-element-77a070a elementor-widget elementor-widget-text-editor\" data-id=\"77a070a\" data-element_type=\"widget\" data-e-type=\"widget\" data-widget_type=\"text-editor.default\">\n\t\t\t\t<div class=\"elementor-widget-container\">\n\t\t\t\t\t\t\t\t\t<h3>BIBLIOTH\u00c8QUE<\/h3><p>819-647-3732<\/p><p><strong>Heather Sly<\/strong><br><em>Biblioth\u00e9caire en chef<\/em><\/p><p><strong>Ruth Potter<\/strong><br><em>Biblioth\u00e9caire adjoint<\/em><\/p><h3>TRAVAUX PUBLICS<\/h3><p>819-647-6896<\/p><p><strong>Brad Peck<\/strong><br><em>Travaux publics<\/em><\/p><p><strong>Marc Renaud<\/strong><br><em>Travaux publics<\/em><\/p><p><strong>Graham Wilson<\/strong><br><em>Travaux publics<\/em><\/p>\t\t\t\t\t\t\t\t<\/div>\n\t\t\t\t<\/div>\n\t\t\t\t<\/div>\n\t\t<div class=\"elementor-element elementor-element-4469d9f4 e-con-full e-flex e-con e-child\" data-id=\"4469d9f4\" data-element_type=\"container\" data-e-type=\"container\">\n\t\t\t\t<div class=\"elementor-element elementor-element-7a9ee9b7 elementor-widget elementor-widget-text-editor\" data-id=\"7a9ee9b7\" data-element_type=\"widget\" data-e-type=\"widget\" data-widget_type=\"text-editor.default\">\n\t\t\t\t<div class=\"elementor-widget-container\">\n\t\t\t\t\t\t\t\t\t<h3>SALLE DES POMPIERS<\/h3>\n<p>Bureau 819-647-3837<br \/>Cell 819-744-1961<\/p>\n<p><strong>Lee Laframboise<\/strong><br \/><em>Chef des pompiers<\/em><\/p>\n<h3>ARENA<\/h3>\n<p><strong>Wes Tubman<\/strong><br \/><em>Gestionnaire<\/em><\/p>\n\t\t\t\t\t\t\t\t<\/div>\n\t\t\t\t<\/div>\n\t\t\t\t<\/div>\n\t\t\t\t<\/div>\n\t\t\t\t<div class=\"elementor-element elementor-element-49035a8b elementor-widget__width-initial elementor-absolute elementor-widget elementor-widget-heading\" data-id=\"49035a8b\" data-element_type=\"widget\" data-e-type=\"widget\" data-settings=\"{&quot;_position&quot;:&quot;absolute&quot;}\" data-widget_type=\"heading.default\">\n\t\t\t\t<div class=\"elementor-widget-container\">\n\t\t\t\t\t<h2 class=\"elementor-heading-title elementor-size-default\">.<\/h2>\t\t\t\t<\/div>\n\t\t\t\t<\/div>\n\t\t\t\t<\/div>\n\t\t\t\t\t<\/div>\n\t\t\t\t<\/div>\n\t\t\t\t<\/div>\n\t\t","protected":false},"excerpt":{"rendered":"<p>Le annuaire des Employ\u00e9s de Shawville sert de ressource pour les r\u00e9sidents, offrant un acc\u00e8s direct aux employ\u00e9s municipaux dans divers d\u00e9partements. Ce r\u00e9pertoire complet facilite une communication efficace et garantit que les demandes et pr\u00e9occupations sont rapidement trait\u00e9es par le personnel appropri\u00e9. Les bureaux municipaux sont ouverts du lundi au vendredi de 8h30 \u00e0 &hellip;<\/p>\n","protected":false},"author":1,"featured_media":170198,"parent":0,"menu_order":0,"comment_status":"closed","ping_status":"closed","template":"","meta":{"_acf_changed":false,"footnotes":""},"class_list":["post-167797","page","type-page","status-publish","has-post-thumbnail","hentry"],"acf":[],"ams_acf":[],"yoast_head":"<!-- This site is optimized with the Yoast SEO plugin v27.4 - https:\/\/yoast.com\/product\/yoast-seo-wordpress\/ -->\n<title>Annuaire des employ\u00e9s - Municipalit\u00e9 de Shawville Quebec<\/title>\n<meta name=\"robots\" content=\"index, follow, max-snippet:-1, max-image-preview:large, max-video-preview:-1\" \/>\n<link rel=\"canonical\" href=\"https:\/\/shawville.ca\/fr\/annuaire-des-employes\/\" \/>\n<meta property=\"og:locale\" content=\"fr_FR\" \/>\n<meta property=\"og:type\" content=\"article\" \/>\n<meta property=\"og:title\" content=\"Annuaire des employ\u00e9s - Municipalit\u00e9 de Shawville Quebec\" \/>\n<meta property=\"og:description\" content=\"Le annuaire des Employ\u00e9s de Shawville sert de ressource pour les r\u00e9sidents, offrant un acc\u00e8s direct aux employ\u00e9s municipaux dans divers d\u00e9partements. Ce r\u00e9pertoire complet facilite une communication efficace et garantit que les demandes et pr\u00e9occupations sont rapidement trait\u00e9es par le personnel appropri\u00e9. Les bureaux municipaux sont ouverts du lundi au vendredi de 8h30 \u00e0 &hellip;\" \/>\n<meta property=\"og:url\" content=\"https:\/\/shawville.ca\/fr\/annuaire-des-employes\/\" \/>\n<meta property=\"og:site_name\" content=\"Municipalit\u00e9 de Shawville Quebec\" \/>\n<meta property=\"article:publisher\" content=\"https:\/\/www.facebook.com\/shawvillequebec\" \/>\n<meta property=\"article:modified_time\" content=\"2025-12-10T13:56:11+00:00\" \/>\n<meta property=\"og:image\" content=\"https:\/\/shawville.ca\/wp-content\/uploads\/2024\/03\/foyer002-scaled.jpg\" \/>\n\t<meta property=\"og:image:width\" content=\"2560\" \/>\n\t<meta property=\"og:image:height\" content=\"1703\" \/>\n\t<meta property=\"og:image:type\" content=\"image\/jpeg\" \/>\n<meta name=\"twitter:card\" content=\"summary_large_image\" \/>\n<meta name=\"twitter:label1\" content=\"Dur\u00e9e de lecture estim\u00e9e\" \/>\n\t<meta name=\"twitter:data1\" content=\"1 minute\" \/>\n<script type=\"application\/ld+json\" class=\"yoast-schema-graph\">{\"@context\":\"https:\\\/\\\/schema.org\",\"@graph\":[{\"@type\":\"WebPage\",\"@id\":\"https:\\\/\\\/shawville.ca\\\/fr\\\/annuaire-des-employes\\\/\",\"url\":\"https:\\\/\\\/shawville.ca\\\/fr\\\/annuaire-des-employes\\\/\",\"name\":\"Annuaire des employ\u00e9s - Municipalit\u00e9 de Shawville Quebec\",\"isPartOf\":{\"@id\":\"https:\\\/\\\/shawville.ca\\\/fr\\\/#website\"},\"primaryImageOfPage\":{\"@id\":\"https:\\\/\\\/shawville.ca\\\/fr\\\/annuaire-des-employes\\\/#primaryimage\"},\"image\":{\"@id\":\"https:\\\/\\\/shawville.ca\\\/fr\\\/annuaire-des-employes\\\/#primaryimage\"},\"thumbnailUrl\":\"https:\\\/\\\/shawville.ca\\\/wp-content\\\/uploads\\\/2024\\\/03\\\/foyer002-scaled.jpg\",\"datePublished\":\"2023-11-10T18:41:05+00:00\",\"dateModified\":\"2025-12-10T13:56:11+00:00\",\"breadcrumb\":{\"@id\":\"https:\\\/\\\/shawville.ca\\\/fr\\\/annuaire-des-employes\\\/#breadcrumb\"},\"inLanguage\":\"fr-FR\",\"potentialAction\":[{\"@type\":\"ReadAction\",\"target\":[\"https:\\\/\\\/shawville.ca\\\/fr\\\/annuaire-des-employes\\\/\"]}]},{\"@type\":\"ImageObject\",\"inLanguage\":\"fr-FR\",\"@id\":\"https:\\\/\\\/shawville.ca\\\/fr\\\/annuaire-des-employes\\\/#primaryimage\",\"url\":\"https:\\\/\\\/shawville.ca\\\/wp-content\\\/uploads\\\/2024\\\/03\\\/foyer002-scaled.jpg\",\"contentUrl\":\"https:\\\/\\\/shawville.ca\\\/wp-content\\\/uploads\\\/2024\\\/03\\\/foyer002-scaled.jpg\",\"width\":2560,\"height\":1703,\"caption\":\"Town Hall\"},{\"@type\":\"BreadcrumbList\",\"@id\":\"https:\\\/\\\/shawville.ca\\\/fr\\\/annuaire-des-employes\\\/#breadcrumb\",\"itemListElement\":[{\"@type\":\"ListItem\",\"position\":1,\"name\":\"Home\",\"item\":\"https:\\\/\\\/shawville.ca\\\/fr\\\/\"},{\"@type\":\"ListItem\",\"position\":2,\"name\":\"Annuaire des employ\u00e9s\"}]},{\"@type\":\"WebSite\",\"@id\":\"https:\\\/\\\/shawville.ca\\\/fr\\\/#website\",\"url\":\"https:\\\/\\\/shawville.ca\\\/fr\\\/\",\"name\":\"Municipality of Shawville Quebec\",\"description\":\"Simplement Invitant\",\"publisher\":{\"@id\":\"https:\\\/\\\/shawville.ca\\\/fr\\\/#organization\"},\"alternateName\":\"Shawville\",\"potentialAction\":[{\"@type\":\"SearchAction\",\"target\":{\"@type\":\"EntryPoint\",\"urlTemplate\":\"https:\\\/\\\/shawville.ca\\\/fr\\\/?s={search_term_string}\"},\"query-input\":{\"@type\":\"PropertyValueSpecification\",\"valueRequired\":true,\"valueName\":\"search_term_string\"}}],\"inLanguage\":\"fr-FR\"},{\"@type\":\"Organization\",\"@id\":\"https:\\\/\\\/shawville.ca\\\/fr\\\/#organization\",\"name\":\"The Municipality of Shawville\",\"alternateName\":\"Shawville\",\"url\":\"https:\\\/\\\/shawville.ca\\\/fr\\\/\",\"logo\":{\"@type\":\"ImageObject\",\"inLanguage\":\"fr-FR\",\"@id\":\"https:\\\/\\\/shawville.ca\\\/fr\\\/#\\\/schema\\\/logo\\\/image\\\/\",\"url\":\"https:\\\/\\\/shawville.ca\\\/wp-content\\\/uploads\\\/2023\\\/09\\\/shawville-quebec-footer-logo.png\",\"contentUrl\":\"https:\\\/\\\/shawville.ca\\\/wp-content\\\/uploads\\\/2023\\\/09\\\/shawville-quebec-footer-logo.png\",\"width\":550,\"height\":550,\"caption\":\"The Municipality of Shawville\"},\"image\":{\"@id\":\"https:\\\/\\\/shawville.ca\\\/fr\\\/#\\\/schema\\\/logo\\\/image\\\/\"},\"sameAs\":[\"https:\\\/\\\/www.facebook.com\\\/shawvillequebec\",\"https:\\\/\\\/www.instagram.com\\\/destination.pontiac\\\/\",\"https:\\\/\\\/www.youtube.com\\\/channel\\\/UCsfXrrSPVm8eMca37PeSZYg\",\"https:\\\/\\\/www.linkedin.com\\\/company\\\/mrc-pontiac\\\/\"]}]}<\/script>\n<!-- \/ Yoast SEO plugin. -->","yoast_head_json":{"title":"Annuaire des employ\u00e9s - Municipalit\u00e9 de Shawville Quebec","robots":{"index":"index","follow":"follow","max-snippet":"max-snippet:-1","max-image-preview":"max-image-preview:large","max-video-preview":"max-video-preview:-1"},"canonical":"https:\/\/shawville.ca\/fr\/annuaire-des-employes\/","og_locale":"fr_FR","og_type":"article","og_title":"Annuaire des employ\u00e9s - Municipalit\u00e9 de Shawville Quebec","og_description":"Le annuaire des Employ\u00e9s de Shawville sert de ressource pour les r\u00e9sidents, offrant un acc\u00e8s direct aux employ\u00e9s municipaux dans divers d\u00e9partements. Ce r\u00e9pertoire complet facilite une communication efficace et garantit que les demandes et pr\u00e9occupations sont rapidement trait\u00e9es par le personnel appropri\u00e9. Les bureaux municipaux sont ouverts du lundi au vendredi de 8h30 \u00e0 &hellip;","og_url":"https:\/\/shawville.ca\/fr\/annuaire-des-employes\/","og_site_name":"Municipalit\u00e9 de Shawville Quebec","article_publisher":"https:\/\/www.facebook.com\/shawvillequebec","article_modified_time":"2025-12-10T13:56:11+00:00","og_image":[{"width":2560,"height":1703,"url":"https:\/\/shawville.ca\/wp-content\/uploads\/2024\/03\/foyer002-scaled.jpg","type":"image\/jpeg"}],"twitter_card":"summary_large_image","twitter_misc":{"Dur\u00e9e de lecture estim\u00e9e":"1 minute"},"schema":{"@context":"https:\/\/schema.org","@graph":[{"@type":"WebPage","@id":"https:\/\/shawville.ca\/fr\/annuaire-des-employes\/","url":"https:\/\/shawville.ca\/fr\/annuaire-des-employes\/","name":"Annuaire des employ\u00e9s - Municipalit\u00e9 de Shawville Quebec","isPartOf":{"@id":"https:\/\/shawville.ca\/fr\/#website"},"primaryImageOfPage":{"@id":"https:\/\/shawville.ca\/fr\/annuaire-des-employes\/#primaryimage"},"image":{"@id":"https:\/\/shawville.ca\/fr\/annuaire-des-employes\/#primaryimage"},"thumbnailUrl":"https:\/\/shawville.ca\/wp-content\/uploads\/2024\/03\/foyer002-scaled.jpg","datePublished":"2023-11-10T18:41:05+00:00","dateModified":"2025-12-10T13:56:11+00:00","breadcrumb":{"@id":"https:\/\/shawville.ca\/fr\/annuaire-des-employes\/#breadcrumb"},"inLanguage":"fr-FR","potentialAction":[{"@type":"ReadAction","target":["https:\/\/shawville.ca\/fr\/annuaire-des-employes\/"]}]},{"@type":"ImageObject","inLanguage":"fr-FR","@id":"https:\/\/shawville.ca\/fr\/annuaire-des-employes\/#primaryimage","url":"https:\/\/shawville.ca\/wp-content\/uploads\/2024\/03\/foyer002-scaled.jpg","contentUrl":"https:\/\/shawville.ca\/wp-content\/uploads\/2024\/03\/foyer002-scaled.jpg","width":2560,"height":1703,"caption":"Town Hall"},{"@type":"BreadcrumbList","@id":"https:\/\/shawville.ca\/fr\/annuaire-des-employes\/#breadcrumb","itemListElement":[{"@type":"ListItem","position":1,"name":"Home","item":"https:\/\/shawville.ca\/fr\/"},{"@type":"ListItem","position":2,"name":"Annuaire des employ\u00e9s"}]},{"@type":"WebSite","@id":"https:\/\/shawville.ca\/fr\/#website","url":"https:\/\/shawville.ca\/fr\/","name":"Municipality of Shawville Quebec","description":"Simplement Invitant","publisher":{"@id":"https:\/\/shawville.ca\/fr\/#organization"},"alternateName":"Shawville","potentialAction":[{"@type":"SearchAction","target":{"@type":"EntryPoint","urlTemplate":"https:\/\/shawville.ca\/fr\/?s={search_term_string}"},"query-input":{"@type":"PropertyValueSpecification","valueRequired":true,"valueName":"search_term_string"}}],"inLanguage":"fr-FR"},{"@type":"Organization","@id":"https:\/\/shawville.ca\/fr\/#organization","name":"The Municipality of Shawville","alternateName":"Shawville","url":"https:\/\/shawville.ca\/fr\/","logo":{"@type":"ImageObject","inLanguage":"fr-FR","@id":"https:\/\/shawville.ca\/fr\/#\/schema\/logo\/image\/","url":"https:\/\/shawville.ca\/wp-content\/uploads\/2023\/09\/shawville-quebec-footer-logo.png","contentUrl":"https:\/\/shawville.ca\/wp-content\/uploads\/2023\/09\/shawville-quebec-footer-logo.png","width":550,"height":550,"caption":"The Municipality of Shawville"},"image":{"@id":"https:\/\/shawville.ca\/fr\/#\/schema\/logo\/image\/"},"sameAs":["https:\/\/www.facebook.com\/shawvillequebec","https:\/\/www.instagram.com\/destination.pontiac\/","https:\/\/www.youtube.com\/channel\/UCsfXrrSPVm8eMca37PeSZYg","https:\/\/www.linkedin.com\/company\/mrc-pontiac\/"]}]}},"_links":{"self":[{"href":"https:\/\/shawville.ca\/fr\/wp-json\/wp\/v2\/pages\/167797","targetHints":{"allow":["GET"]}}],"collection":[{"href":"https:\/\/shawville.ca\/fr\/wp-json\/wp\/v2\/pages"}],"about":[{"href":"https:\/\/shawville.ca\/fr\/wp-json\/wp\/v2\/types\/page"}],"author":[{"embeddable":true,"href":"https:\/\/shawville.ca\/fr\/wp-json\/wp\/v2\/users\/1"}],"replies":[{"embeddable":true,"href":"https:\/\/shawville.ca\/fr\/wp-json\/wp\/v2\/comments?post=167797"}],"version-history":[{"count":21,"href":"https:\/\/shawville.ca\/fr\/wp-json\/wp\/v2\/pages\/167797\/revisions"}],"predecessor-version":[{"id":177484,"href":"https:\/\/shawville.ca\/fr\/wp-json\/wp\/v2\/pages\/167797\/revisions\/177484"}],"wp:featuredmedia":[{"embeddable":true,"href":"https:\/\/shawville.ca\/fr\/wp-json\/wp\/v2\/media\/170198"}],"wp:attachment":[{"href":"https:\/\/shawville.ca\/fr\/wp-json\/wp\/v2\/media?parent=167797"}],"curies":[{"name":"wp","href":"https:\/\/api.w.org\/{rel}","templated":true}]}}