{"id":167803,"date":"2023-11-10T13:53:38","date_gmt":"2023-11-10T18:53:38","guid":{"rendered":"https:\/\/shawville.ottawavalleymedia.ca\/la-municipalite\/carrieres\/"},"modified":"2024-11-20T17:19:49","modified_gmt":"2024-11-20T22:19:49","slug":"carrieres","status":"publish","type":"page","link":"https:\/\/shawville.ca\/fr\/la-municipalite\/carrieres\/","title":{"rendered":"Carri\u00e8res"},"content":{"rendered":"\t\t<div data-elementor-type=\"wp-page\" data-elementor-id=\"167803\" class=\"elementor elementor-167803 elementor-167023\" data-elementor-post-type=\"page\">\n\t\t\t\t<div class=\"elementor-element elementor-element-79e026f e-flex e-con-boxed e-con e-parent\" data-id=\"79e026f\" data-element_type=\"container\" data-e-type=\"container\" data-settings=\"{&quot;background_background&quot;:&quot;classic&quot;}\">\n\t\t\t\t\t<div class=\"e-con-inner\">\n\t\t<div class=\"elementor-element elementor-element-3be6fdf e-con-full e-flex e-con e-child\" data-id=\"3be6fdf\" data-element_type=\"container\" data-e-type=\"container\" data-settings=\"{&quot;background_background&quot;:&quot;classic&quot;}\">\n\t\t<div class=\"elementor-element elementor-element-d72fbf2 e-con-full e-flex e-con e-child\" data-id=\"d72fbf2\" data-element_type=\"container\" data-e-type=\"container\">\n\t\t<div class=\"elementor-element elementor-element-f3a9da3 e-con-full e-flex e-con e-child\" data-id=\"f3a9da3\" data-element_type=\"container\" data-e-type=\"container\">\n\t\t\t\t<div class=\"elementor-element elementor-element-90833d6 elementor-widget elementor-widget-text-editor\" data-id=\"90833d6\" data-element_type=\"widget\" data-e-type=\"widget\" data-widget_type=\"text-editor.default\">\n\t\t\t\t<div class=\"elementor-widget-container\">\n\t\t\t\t\t\t\t\t\t<p>La municipalit\u00e9 de Shawville offre diverses possibilit\u00e9s de carri\u00e8re dans l&#8217;administration, les travaux publics ou les services communautaires. Notre \u00e9quipe est compos\u00e9e de personnes qui se consacrent \u00e0 l&#8217;am\u00e9lioration de la vie communautaire. Rejoignez-nous pour faire partie d&#8217;une \u00e9quipe qui fait une r\u00e9elle diff\u00e9rence dans notre ville.<\/p>\t\t\t\t\t\t\t\t<\/div>\n\t\t\t\t<\/div>\n\t\t\t\t<div class=\"elementor-element elementor-element-6e18ec1 elementor-widget elementor-widget-text-editor\" data-id=\"6e18ec1\" data-element_type=\"widget\" data-e-type=\"widget\" data-widget_type=\"text-editor.default\">\n\t\t\t\t<div class=\"elementor-widget-container\">\n\t\t\t\t\t\t\t\t\t<p>Travailler pour la municipalit\u00e9 va au-del\u00e0 d&#8217;un emploi; c&#8217;est l&#8217;occasion d&#8217;avoir un impact sur une communaut\u00e9 tr\u00e8s unie. Nous offrons des salaires et des avantages comp\u00e9titifs, ainsi qu&#8217;un environnement propice au d\u00e9veloppement personnel et professionnel. Si vous \u00eates passionn\u00e9(e) par l&#8217;id\u00e9e de faire une diff\u00e9rence, envisagez une carri\u00e8re au sein de la municipalit\u00e9 de Shawville!<\/p>\t\t\t\t\t\t\t\t<\/div>\n\t\t\t\t<\/div>\n\t\t\t\t<\/div>\n\t\t\t\t<\/div>\n\t\t\t\t<\/div>\n\t\t<div class=\"elementor-element elementor-element-d58d4a5 elementor-hidden-tablet elementor-hidden-mobile e-con-full e-flex e-con e-child\" data-id=\"d58d4a5\" data-element_type=\"container\" data-e-type=\"container\" data-settings=\"{&quot;background_background&quot;:&quot;classic&quot;}\">\n\t\t\t\t<\/div>\n\t\t<div class=\"elementor-element elementor-element-fa01208 elementor-hidden-mobile e-con-full e-flex e-con e-child\" data-id=\"fa01208\" data-element_type=\"container\" data-e-type=\"container\" data-settings=\"{&quot;background_background&quot;:&quot;classic&quot;}\">\n\t\t\t\t<\/div>\n\t\t\t\t\t<\/div>\n\t\t\t\t<\/div>\n\t\t<div class=\"elementor-element elementor-element-334ca2b6 e-con-full e-flex e-con e-parent\" data-id=\"334ca2b6\" data-element_type=\"container\" data-e-type=\"container\">\n\t\t<div class=\"elementor-element elementor-element-21b895d9 e-flex e-con-boxed e-con e-child\" data-id=\"21b895d9\" data-element_type=\"container\" data-e-type=\"container\" data-settings=\"{&quot;background_background&quot;:&quot;classic&quot;}\">\n\t\t\t\t\t<div class=\"e-con-inner\">\n\t\t\t\t\t<\/div>\n\t\t\t\t<\/div>\n\t\t<div class=\"elementor-element elementor-element-1df88372 e-flex e-con-boxed e-con e-child\" data-id=\"1df88372\" data-element_type=\"container\" data-e-type=\"container\">\n\t\t\t\t\t<div class=\"e-con-inner\">\n\t\t\t\t<div class=\"elementor-element elementor-element-1e969b73 dekoline elementor-widget elementor-widget-heading\" data-id=\"1e969b73\" data-element_type=\"widget\" data-e-type=\"widget\" data-widget_type=\"heading.default\">\n\t\t\t\t<div class=\"elementor-widget-container\">\n\t\t\t\t\t<h2 class=\"elementor-heading-title elementor-size-xl\">Offres d'emploi actuelles<\/h2>\t\t\t\t<\/div>\n\t\t\t\t<\/div>\n\t\t\t\t<div class=\"elementor-element elementor-element-c8aa181 no-posts-message elementor-widget elementor-widget-text-editor\" data-id=\"c8aa181\" data-element_type=\"widget\" data-e-type=\"widget\" id=\"no-posts-message\" data-widget_type=\"text-editor.default\">\n\t\t\t\t<div class=\"elementor-widget-container\">\n\t\t\t\t\t\t\t\t\t<p style=\"text-align: left;\">Aucun poste n&#8217;est disponible pour le moment.<\/p>\t\t\t\t\t\t\t\t<\/div>\n\t\t\t\t<\/div>\n\t\t\t\t\t<\/div>\n\t\t\t\t<\/div>\n\t\t\t\t<\/div>\n\t\t\t\t<\/div>\n\t\t","protected":false},"excerpt":{"rendered":"<p>La municipalit\u00e9 de Shawville offre diverses possibilit\u00e9s de carri\u00e8re dans l&#8217;administration, les travaux publics ou les services communautaires. Notre \u00e9quipe est compos\u00e9e de personnes qui se consacrent \u00e0 l&#8217;am\u00e9lioration de la vie communautaire. Rejoignez-nous pour faire partie d&#8217;une \u00e9quipe qui fait une r\u00e9elle diff\u00e9rence dans notre ville. Travailler pour la municipalit\u00e9 va au-del\u00e0 d&#8217;un emploi; &hellip;<\/p>\n","protected":false},"author":1,"featured_media":166974,"parent":158243,"menu_order":0,"comment_status":"closed","ping_status":"closed","template":"","meta":{"_acf_changed":false,"footnotes":""},"class_list":["post-167803","page","type-page","status-publish","has-post-thumbnail","hentry"],"acf":[],"ams_acf":[],"yoast_head":"<!-- This site is optimized with the Yoast SEO plugin v27.3 - https:\/\/yoast.com\/product\/yoast-seo-wordpress\/ -->\n<title>Carri\u00e8res - Municipalit\u00e9 de Shawville Quebec<\/title>\n<meta name=\"robots\" content=\"index, follow, max-snippet:-1, max-image-preview:large, max-video-preview:-1\" \/>\n<link rel=\"canonical\" href=\"https:\/\/shawville.ca\/fr\/la-municipalite\/carrieres\/\" \/>\n<meta property=\"og:locale\" content=\"fr_FR\" \/>\n<meta property=\"og:type\" content=\"article\" \/>\n<meta property=\"og:title\" content=\"Carri\u00e8res - Municipalit\u00e9 de Shawville Quebec\" \/>\n<meta property=\"og:description\" content=\"La municipalit\u00e9 de Shawville offre diverses possibilit\u00e9s de carri\u00e8re dans l&#8217;administration, les travaux publics ou les services communautaires. Notre \u00e9quipe est compos\u00e9e de personnes qui se consacrent \u00e0 l&#8217;am\u00e9lioration de la vie communautaire. Rejoignez-nous pour faire partie d&#8217;une \u00e9quipe qui fait une r\u00e9elle diff\u00e9rence dans notre ville. Travailler pour la municipalit\u00e9 va au-del\u00e0 d&#8217;un emploi; &hellip;\" \/>\n<meta property=\"og:url\" content=\"https:\/\/shawville.ca\/fr\/la-municipalite\/carrieres\/\" \/>\n<meta property=\"og:site_name\" content=\"Municipalit\u00e9 de Shawville Quebec\" \/>\n<meta property=\"article:publisher\" content=\"https:\/\/www.facebook.com\/shawvillequebec\" \/>\n<meta property=\"article:modified_time\" content=\"2024-11-20T22:19:49+00:00\" \/>\n<meta property=\"og:image\" content=\"https:\/\/shawville.ca\/wp-content\/uploads\/2023\/11\/IMG_4883-scaled.jpg\" \/>\n\t<meta property=\"og:image:width\" content=\"2560\" \/>\n\t<meta property=\"og:image:height\" content=\"1707\" \/>\n\t<meta property=\"og:image:type\" content=\"image\/jpeg\" \/>\n<meta name=\"twitter:card\" content=\"summary_large_image\" \/>\n<meta name=\"twitter:label1\" content=\"Dur\u00e9e de lecture estim\u00e9e\" \/>\n\t<meta name=\"twitter:data1\" content=\"1 minute\" \/>\n<script type=\"application\/ld+json\" class=\"yoast-schema-graph\">{\"@context\":\"https:\\\/\\\/schema.org\",\"@graph\":[{\"@type\":\"WebPage\",\"@id\":\"https:\\\/\\\/shawville.ca\\\/fr\\\/la-municipalite\\\/carrieres\\\/\",\"url\":\"https:\\\/\\\/shawville.ca\\\/fr\\\/la-municipalite\\\/carrieres\\\/\",\"name\":\"Carri\u00e8res - Municipalit\u00e9 de Shawville Quebec\",\"isPartOf\":{\"@id\":\"https:\\\/\\\/shawville.ca\\\/fr\\\/#website\"},\"primaryImageOfPage\":{\"@id\":\"https:\\\/\\\/shawville.ca\\\/fr\\\/la-municipalite\\\/carrieres\\\/#primaryimage\"},\"image\":{\"@id\":\"https:\\\/\\\/shawville.ca\\\/fr\\\/la-municipalite\\\/carrieres\\\/#primaryimage\"},\"thumbnailUrl\":\"https:\\\/\\\/shawville.ca\\\/wp-content\\\/uploads\\\/2023\\\/11\\\/IMG_4883-scaled.jpg\",\"datePublished\":\"2023-11-10T18:53:38+00:00\",\"dateModified\":\"2024-11-20T22:19:49+00:00\",\"breadcrumb\":{\"@id\":\"https:\\\/\\\/shawville.ca\\\/fr\\\/la-municipalite\\\/carrieres\\\/#breadcrumb\"},\"inLanguage\":\"fr-FR\",\"potentialAction\":[{\"@type\":\"ReadAction\",\"target\":[\"https:\\\/\\\/shawville.ca\\\/fr\\\/la-municipalite\\\/carrieres\\\/\"]}]},{\"@type\":\"ImageObject\",\"inLanguage\":\"fr-FR\",\"@id\":\"https:\\\/\\\/shawville.ca\\\/fr\\\/la-municipalite\\\/carrieres\\\/#primaryimage\",\"url\":\"https:\\\/\\\/shawville.ca\\\/wp-content\\\/uploads\\\/2023\\\/11\\\/IMG_4883-scaled.jpg\",\"contentUrl\":\"https:\\\/\\\/shawville.ca\\\/wp-content\\\/uploads\\\/2023\\\/11\\\/IMG_4883-scaled.jpg\",\"width\":2560,\"height\":1707,\"caption\":\"Shawville Town Hall\"},{\"@type\":\"BreadcrumbList\",\"@id\":\"https:\\\/\\\/shawville.ca\\\/fr\\\/la-municipalite\\\/carrieres\\\/#breadcrumb\",\"itemListElement\":[{\"@type\":\"ListItem\",\"position\":1,\"name\":\"Home\",\"item\":\"https:\\\/\\\/shawville.ca\\\/fr\\\/\"},{\"@type\":\"ListItem\",\"position\":2,\"name\":\"La Municipalit\u00e9 de Shawville\",\"item\":\"https:\\\/\\\/shawville.ca\\\/fr\\\/la-municipalite\\\/\"},{\"@type\":\"ListItem\",\"position\":3,\"name\":\"Carri\u00e8res\"}]},{\"@type\":\"WebSite\",\"@id\":\"https:\\\/\\\/shawville.ca\\\/fr\\\/#website\",\"url\":\"https:\\\/\\\/shawville.ca\\\/fr\\\/\",\"name\":\"Municipality of Shawville Quebec\",\"description\":\"Simplement Invitant\",\"publisher\":{\"@id\":\"https:\\\/\\\/shawville.ca\\\/fr\\\/#organization\"},\"alternateName\":\"Shawville\",\"potentialAction\":[{\"@type\":\"SearchAction\",\"target\":{\"@type\":\"EntryPoint\",\"urlTemplate\":\"https:\\\/\\\/shawville.ca\\\/fr\\\/?s={search_term_string}\"},\"query-input\":{\"@type\":\"PropertyValueSpecification\",\"valueRequired\":true,\"valueName\":\"search_term_string\"}}],\"inLanguage\":\"fr-FR\"},{\"@type\":\"Organization\",\"@id\":\"https:\\\/\\\/shawville.ca\\\/fr\\\/#organization\",\"name\":\"The Municipality of Shawville\",\"alternateName\":\"Shawville\",\"url\":\"https:\\\/\\\/shawville.ca\\\/fr\\\/\",\"logo\":{\"@type\":\"ImageObject\",\"inLanguage\":\"fr-FR\",\"@id\":\"https:\\\/\\\/shawville.ca\\\/fr\\\/#\\\/schema\\\/logo\\\/image\\\/\",\"url\":\"https:\\\/\\\/shawville.ca\\\/wp-content\\\/uploads\\\/2023\\\/09\\\/shawville-quebec-footer-logo.png\",\"contentUrl\":\"https:\\\/\\\/shawville.ca\\\/wp-content\\\/uploads\\\/2023\\\/09\\\/shawville-quebec-footer-logo.png\",\"width\":550,\"height\":550,\"caption\":\"The Municipality of Shawville\"},\"image\":{\"@id\":\"https:\\\/\\\/shawville.ca\\\/fr\\\/#\\\/schema\\\/logo\\\/image\\\/\"},\"sameAs\":[\"https:\\\/\\\/www.facebook.com\\\/shawvillequebec\",\"https:\\\/\\\/www.instagram.com\\\/destination.pontiac\\\/\",\"https:\\\/\\\/www.youtube.com\\\/channel\\\/UCsfXrrSPVm8eMca37PeSZYg\",\"https:\\\/\\\/www.linkedin.com\\\/company\\\/mrc-pontiac\\\/\"]}]}<\/script>\n<!-- \/ Yoast SEO plugin. -->","yoast_head_json":{"title":"Carri\u00e8res - Municipalit\u00e9 de Shawville Quebec","robots":{"index":"index","follow":"follow","max-snippet":"max-snippet:-1","max-image-preview":"max-image-preview:large","max-video-preview":"max-video-preview:-1"},"canonical":"https:\/\/shawville.ca\/fr\/la-municipalite\/carrieres\/","og_locale":"fr_FR","og_type":"article","og_title":"Carri\u00e8res - Municipalit\u00e9 de Shawville Quebec","og_description":"La municipalit\u00e9 de Shawville offre diverses possibilit\u00e9s de carri\u00e8re dans l&#8217;administration, les travaux publics ou les services communautaires. Notre \u00e9quipe est compos\u00e9e de personnes qui se consacrent \u00e0 l&#8217;am\u00e9lioration de la vie communautaire. Rejoignez-nous pour faire partie d&#8217;une \u00e9quipe qui fait une r\u00e9elle diff\u00e9rence dans notre ville. Travailler pour la municipalit\u00e9 va au-del\u00e0 d&#8217;un emploi; &hellip;","og_url":"https:\/\/shawville.ca\/fr\/la-municipalite\/carrieres\/","og_site_name":"Municipalit\u00e9 de Shawville Quebec","article_publisher":"https:\/\/www.facebook.com\/shawvillequebec","article_modified_time":"2024-11-20T22:19:49+00:00","og_image":[{"width":2560,"height":1707,"url":"https:\/\/shawville.ca\/wp-content\/uploads\/2023\/11\/IMG_4883-scaled.jpg","type":"image\/jpeg"}],"twitter_card":"summary_large_image","twitter_misc":{"Dur\u00e9e de lecture estim\u00e9e":"1 minute"},"schema":{"@context":"https:\/\/schema.org","@graph":[{"@type":"WebPage","@id":"https:\/\/shawville.ca\/fr\/la-municipalite\/carrieres\/","url":"https:\/\/shawville.ca\/fr\/la-municipalite\/carrieres\/","name":"Carri\u00e8res - Municipalit\u00e9 de Shawville Quebec","isPartOf":{"@id":"https:\/\/shawville.ca\/fr\/#website"},"primaryImageOfPage":{"@id":"https:\/\/shawville.ca\/fr\/la-municipalite\/carrieres\/#primaryimage"},"image":{"@id":"https:\/\/shawville.ca\/fr\/la-municipalite\/carrieres\/#primaryimage"},"thumbnailUrl":"https:\/\/shawville.ca\/wp-content\/uploads\/2023\/11\/IMG_4883-scaled.jpg","datePublished":"2023-11-10T18:53:38+00:00","dateModified":"2024-11-20T22:19:49+00:00","breadcrumb":{"@id":"https:\/\/shawville.ca\/fr\/la-municipalite\/carrieres\/#breadcrumb"},"inLanguage":"fr-FR","potentialAction":[{"@type":"ReadAction","target":["https:\/\/shawville.ca\/fr\/la-municipalite\/carrieres\/"]}]},{"@type":"ImageObject","inLanguage":"fr-FR","@id":"https:\/\/shawville.ca\/fr\/la-municipalite\/carrieres\/#primaryimage","url":"https:\/\/shawville.ca\/wp-content\/uploads\/2023\/11\/IMG_4883-scaled.jpg","contentUrl":"https:\/\/shawville.ca\/wp-content\/uploads\/2023\/11\/IMG_4883-scaled.jpg","width":2560,"height":1707,"caption":"Shawville Town Hall"},{"@type":"BreadcrumbList","@id":"https:\/\/shawville.ca\/fr\/la-municipalite\/carrieres\/#breadcrumb","itemListElement":[{"@type":"ListItem","position":1,"name":"Home","item":"https:\/\/shawville.ca\/fr\/"},{"@type":"ListItem","position":2,"name":"La Municipalit\u00e9 de Shawville","item":"https:\/\/shawville.ca\/fr\/la-municipalite\/"},{"@type":"ListItem","position":3,"name":"Carri\u00e8res"}]},{"@type":"WebSite","@id":"https:\/\/shawville.ca\/fr\/#website","url":"https:\/\/shawville.ca\/fr\/","name":"Municipality of Shawville Quebec","description":"Simplement Invitant","publisher":{"@id":"https:\/\/shawville.ca\/fr\/#organization"},"alternateName":"Shawville","potentialAction":[{"@type":"SearchAction","target":{"@type":"EntryPoint","urlTemplate":"https:\/\/shawville.ca\/fr\/?s={search_term_string}"},"query-input":{"@type":"PropertyValueSpecification","valueRequired":true,"valueName":"search_term_string"}}],"inLanguage":"fr-FR"},{"@type":"Organization","@id":"https:\/\/shawville.ca\/fr\/#organization","name":"The Municipality of Shawville","alternateName":"Shawville","url":"https:\/\/shawville.ca\/fr\/","logo":{"@type":"ImageObject","inLanguage":"fr-FR","@id":"https:\/\/shawville.ca\/fr\/#\/schema\/logo\/image\/","url":"https:\/\/shawville.ca\/wp-content\/uploads\/2023\/09\/shawville-quebec-footer-logo.png","contentUrl":"https:\/\/shawville.ca\/wp-content\/uploads\/2023\/09\/shawville-quebec-footer-logo.png","width":550,"height":550,"caption":"The Municipality of Shawville"},"image":{"@id":"https:\/\/shawville.ca\/fr\/#\/schema\/logo\/image\/"},"sameAs":["https:\/\/www.facebook.com\/shawvillequebec","https:\/\/www.instagram.com\/destination.pontiac\/","https:\/\/www.youtube.com\/channel\/UCsfXrrSPVm8eMca37PeSZYg","https:\/\/www.linkedin.com\/company\/mrc-pontiac\/"]}]}},"_links":{"self":[{"href":"https:\/\/shawville.ca\/fr\/wp-json\/wp\/v2\/pages\/167803","targetHints":{"allow":["GET"]}}],"collection":[{"href":"https:\/\/shawville.ca\/fr\/wp-json\/wp\/v2\/pages"}],"about":[{"href":"https:\/\/shawville.ca\/fr\/wp-json\/wp\/v2\/types\/page"}],"author":[{"embeddable":true,"href":"https:\/\/shawville.ca\/fr\/wp-json\/wp\/v2\/users\/1"}],"replies":[{"embeddable":true,"href":"https:\/\/shawville.ca\/fr\/wp-json\/wp\/v2\/comments?post=167803"}],"version-history":[{"count":11,"href":"https:\/\/shawville.ca\/fr\/wp-json\/wp\/v2\/pages\/167803\/revisions"}],"predecessor-version":[{"id":173269,"href":"https:\/\/shawville.ca\/fr\/wp-json\/wp\/v2\/pages\/167803\/revisions\/173269"}],"up":[{"embeddable":true,"href":"https:\/\/shawville.ca\/fr\/wp-json\/wp\/v2\/pages\/158243"}],"wp:featuredmedia":[{"embeddable":true,"href":"https:\/\/shawville.ca\/fr\/wp-json\/wp\/v2\/media\/166974"}],"wp:attachment":[{"href":"https:\/\/shawville.ca\/fr\/wp-json\/wp\/v2\/media?parent=167803"}],"curies":[{"name":"wp","href":"https:\/\/api.w.org\/{rel}","templated":true}]}}