{"id":167821,"date":"2023-11-10T18:44:13","date_gmt":"2023-11-10T23:44:13","guid":{"rendered":"https:\/\/shawville.ottawavalleymedia.ca\/travaux-publics\/"},"modified":"2024-03-25T14:12:54","modified_gmt":"2024-03-25T18:12:54","slug":"travaux-publics","status":"publish","type":"page","link":"https:\/\/shawville.ca\/fr\/travaux-publics\/","title":{"rendered":"Travaux publics"},"content":{"rendered":"\t\t<div data-elementor-type=\"wp-page\" data-elementor-id=\"167821\" class=\"elementor elementor-167821 elementor-167094\" data-elementor-post-type=\"page\">\n\t\t\t\t<div class=\"elementor-element elementor-element-2953dc48 e-flex e-con-boxed e-con e-parent\" data-id=\"2953dc48\" data-element_type=\"container\" data-e-type=\"container\" data-settings=\"{&quot;background_background&quot;:&quot;classic&quot;}\">\n\t\t\t\t\t<div class=\"e-con-inner\">\n\t\t<div class=\"elementor-element elementor-element-465b437a e-flex e-con-boxed e-con e-child\" data-id=\"465b437a\" data-element_type=\"container\" data-e-type=\"container\" data-settings=\"{&quot;background_background&quot;:&quot;classic&quot;}\">\n\t\t\t\t\t<div class=\"e-con-inner\">\n\t\t<div class=\"elementor-element elementor-element-6d99ba80 e-con-full e-flex e-con e-child\" data-id=\"6d99ba80\" data-element_type=\"container\" data-e-type=\"container\">\n\t\t<div class=\"elementor-element elementor-element-68b2e27d e-con-full e-flex e-con e-child\" data-id=\"68b2e27d\" data-element_type=\"container\" data-e-type=\"container\">\n\t\t\t\t<div class=\"elementor-element elementor-element-7e22a9eb elementor-widget elementor-widget-text-editor\" data-id=\"7e22a9eb\" data-element_type=\"widget\" data-e-type=\"widget\" data-widget_type=\"text-editor.default\">\n\t\t\t\t<div class=\"elementor-widget-container\">\n\t\t\t\t\t\t\t\t\t<p>Le service des travaux publics de Shawville joue un r\u00f4le essentiel dans l&#8217;entretien et l&#8217;am\u00e9lioration des infrastructures de la municipalit\u00e9. Ce service est responsable d&#8217;un large \u00e9ventail de services, notamment l&#8217;entretien des routes, le d\u00e9neigement et l&#8217;entretien des installations publiques. Leur travail diligent garantit des voies de transport s\u00fbres et efficaces, contribue \u00e0 la s\u00e9curit\u00e9 publique et am\u00e9liore la qualit\u00e9 de vie globale des r\u00e9sidents.<\/p>\t\t\t\t\t\t\t\t<\/div>\n\t\t\t\t<\/div>\n\t\t\t\t<div class=\"elementor-element elementor-element-dcd9af2 elementor-widget elementor-widget-text-editor\" data-id=\"dcd9af2\" data-element_type=\"widget\" data-e-type=\"widget\" data-widget_type=\"text-editor.default\">\n\t\t\t\t<div class=\"elementor-widget-container\">\n\t\t\t\t\t\t\t\t\t<p>Les travaux publics jouent \u00e9galement un r\u00f4le central dans la gestion des services publics essentiels de la ville, tels que l&#8217;approvisionnement en eau et les syst\u00e8mes d&#8217;\u00e9gouts. Leurs efforts pour maintenir ces syst\u00e8mes critiques sont cruciaux pour la protection de l&#8217;environnement, la sant\u00e9 publique et le d\u00e9veloppement urbain durable. L&#8217;engagement du d\u00e9partement en faveur de l&#8217;excellence op\u00e9rationnelle et de l&#8217;am\u00e9lioration continue refl\u00e8te la volont\u00e9 de Shawville d&#8217;offrir \u00e0 ses habitants une communaut\u00e9 bien entretenue et prosp\u00e8re.<\/p>\n\t\t\t\t\t\t\t\t<\/div>\n\t\t\t\t<\/div>\n\t\t\t\t<\/div>\n\t\t<div class=\"elementor-element elementor-element-72003d9c e-con-full e-flex e-con e-child\" data-id=\"72003d9c\" data-element_type=\"container\" data-e-type=\"container\">\n\t\t\t\t<div class=\"elementor-element elementor-element-6e4093a7 elementor-widget elementor-widget-text-editor\" data-id=\"6e4093a7\" data-element_type=\"widget\" data-e-type=\"widget\" data-widget_type=\"text-editor.default\">\n\t\t\t\t<div class=\"elementor-widget-container\">\n\t\t\t\t\t\t\t\t\t<p>Les autres services comprennent, sans s&#8217;y limiter, les services suivants :<\/p><ul><li>installation de panneaux de signalisation<\/li><li>d\u00e9neigement<\/li><li>balayage des rues<\/li><li>entretien des parcs<\/li><li>l&#8217;entretien des b\u00e2timents<\/li><li>station d&#8217;\u00e9puration des eaux<\/li><li>eau et \u00e9gouts<\/li><\/ul>\t\t\t\t\t\t\t\t<\/div>\n\t\t\t\t<\/div>\n\t\t\t\t<div class=\"elementor-element elementor-element-00b2d64 elementor-widget elementor-widget-text-editor\" data-id=\"00b2d64\" data-element_type=\"widget\" data-e-type=\"widget\" data-widget_type=\"text-editor.default\">\n\t\t\t\t<div class=\"elementor-widget-container\">\n\t\t\t\t\t\t\t\t\t<blockquote><p>Si vous avez un probl\u00e8me avec votre route, votre eau ou votre \u00e9gout, veuillez contacter le <a href=\"\/fr\/annuaire-des-employes\/\">contrema\u00eetre de la municipalit\u00e9.<\/a><\/p><\/blockquote>\t\t\t\t\t\t\t\t<\/div>\n\t\t\t\t<\/div>\n\t\t\t\t<\/div>\n\t\t\t\t<\/div>\n\t\t\t\t\t<\/div>\n\t\t\t\t<\/div>\n\t\t\t\t\t<\/div>\n\t\t\t\t<\/div>\n\t\t\t\t<\/div>\n\t\t","protected":false},"excerpt":{"rendered":"<p>Le service des travaux publics de Shawville joue un r\u00f4le essentiel dans l&#8217;entretien et l&#8217;am\u00e9lioration des infrastructures de la municipalit\u00e9. Ce service est responsable d&#8217;un large \u00e9ventail de services, notamment l&#8217;entretien des routes, le d\u00e9neigement et l&#8217;entretien des installations publiques. Leur travail diligent garantit des voies de transport s\u00fbres et efficaces, contribue \u00e0 la s\u00e9curit\u00e9 &hellip;<\/p>\n","protected":false},"author":1,"featured_media":167096,"parent":0,"menu_order":0,"comment_status":"closed","ping_status":"closed","template":"","meta":{"_acf_changed":false,"footnotes":""},"class_list":["post-167821","page","type-page","status-publish","has-post-thumbnail","hentry"],"acf":[],"ams_acf":[],"yoast_head":"<!-- This site is optimized with the Yoast SEO plugin v27.3 - https:\/\/yoast.com\/product\/yoast-seo-wordpress\/ -->\n<title>Travaux publics - Municipalit\u00e9 de Shawville Quebec<\/title>\n<meta name=\"robots\" content=\"index, follow, max-snippet:-1, max-image-preview:large, max-video-preview:-1\" \/>\n<link rel=\"canonical\" href=\"https:\/\/shawville.ca\/fr\/travaux-publics\/\" \/>\n<meta property=\"og:locale\" content=\"fr_FR\" \/>\n<meta property=\"og:type\" content=\"article\" \/>\n<meta property=\"og:title\" content=\"Travaux publics - Municipalit\u00e9 de Shawville Quebec\" \/>\n<meta property=\"og:description\" content=\"Le service des travaux publics de Shawville joue un r\u00f4le essentiel dans l&#8217;entretien et l&#8217;am\u00e9lioration des infrastructures de la municipalit\u00e9. Ce service est responsable d&#8217;un large \u00e9ventail de services, notamment l&#8217;entretien des routes, le d\u00e9neigement et l&#8217;entretien des installations publiques. Leur travail diligent garantit des voies de transport s\u00fbres et efficaces, contribue \u00e0 la s\u00e9curit\u00e9 &hellip;\" \/>\n<meta property=\"og:url\" content=\"https:\/\/shawville.ca\/fr\/travaux-publics\/\" \/>\n<meta property=\"og:site_name\" content=\"Municipalit\u00e9 de Shawville Quebec\" \/>\n<meta property=\"article:publisher\" content=\"https:\/\/www.facebook.com\/shawvillequebec\" \/>\n<meta property=\"article:modified_time\" content=\"2024-03-25T18:12:54+00:00\" \/>\n<meta property=\"og:image\" content=\"https:\/\/shawville.ca\/wp-content\/uploads\/2023\/11\/IMG_4929-scaled.jpg\" \/>\n\t<meta property=\"og:image:width\" content=\"2560\" \/>\n\t<meta property=\"og:image:height\" content=\"1707\" \/>\n\t<meta property=\"og:image:type\" content=\"image\/jpeg\" \/>\n<meta name=\"twitter:card\" content=\"summary_large_image\" \/>\n<meta name=\"twitter:label1\" content=\"Dur\u00e9e de lecture estim\u00e9e\" \/>\n\t<meta name=\"twitter:data1\" content=\"1 minute\" \/>\n<script type=\"application\/ld+json\" class=\"yoast-schema-graph\">{\"@context\":\"https:\\\/\\\/schema.org\",\"@graph\":[{\"@type\":\"WebPage\",\"@id\":\"https:\\\/\\\/shawville.ca\\\/fr\\\/travaux-publics\\\/\",\"url\":\"https:\\\/\\\/shawville.ca\\\/fr\\\/travaux-publics\\\/\",\"name\":\"Travaux publics - Municipalit\u00e9 de Shawville Quebec\",\"isPartOf\":{\"@id\":\"https:\\\/\\\/shawville.ca\\\/fr\\\/#website\"},\"primaryImageOfPage\":{\"@id\":\"https:\\\/\\\/shawville.ca\\\/fr\\\/travaux-publics\\\/#primaryimage\"},\"image\":{\"@id\":\"https:\\\/\\\/shawville.ca\\\/fr\\\/travaux-publics\\\/#primaryimage\"},\"thumbnailUrl\":\"https:\\\/\\\/shawville.ca\\\/wp-content\\\/uploads\\\/2023\\\/11\\\/IMG_4929-scaled.jpg\",\"datePublished\":\"2023-11-10T23:44:13+00:00\",\"dateModified\":\"2024-03-25T18:12:54+00:00\",\"breadcrumb\":{\"@id\":\"https:\\\/\\\/shawville.ca\\\/fr\\\/travaux-publics\\\/#breadcrumb\"},\"inLanguage\":\"fr-FR\",\"potentialAction\":[{\"@type\":\"ReadAction\",\"target\":[\"https:\\\/\\\/shawville.ca\\\/fr\\\/travaux-publics\\\/\"]}]},{\"@type\":\"ImageObject\",\"inLanguage\":\"fr-FR\",\"@id\":\"https:\\\/\\\/shawville.ca\\\/fr\\\/travaux-publics\\\/#primaryimage\",\"url\":\"https:\\\/\\\/shawville.ca\\\/wp-content\\\/uploads\\\/2023\\\/11\\\/IMG_4929-scaled.jpg\",\"contentUrl\":\"https:\\\/\\\/shawville.ca\\\/wp-content\\\/uploads\\\/2023\\\/11\\\/IMG_4929-scaled.jpg\",\"width\":2560,\"height\":1707,\"caption\":\"Shawville Public Works\"},{\"@type\":\"BreadcrumbList\",\"@id\":\"https:\\\/\\\/shawville.ca\\\/fr\\\/travaux-publics\\\/#breadcrumb\",\"itemListElement\":[{\"@type\":\"ListItem\",\"position\":1,\"name\":\"Home\",\"item\":\"https:\\\/\\\/shawville.ca\\\/fr\\\/\"},{\"@type\":\"ListItem\",\"position\":2,\"name\":\"Travaux publics\"}]},{\"@type\":\"WebSite\",\"@id\":\"https:\\\/\\\/shawville.ca\\\/fr\\\/#website\",\"url\":\"https:\\\/\\\/shawville.ca\\\/fr\\\/\",\"name\":\"Municipality of Shawville Quebec\",\"description\":\"Simplement Invitant\",\"publisher\":{\"@id\":\"https:\\\/\\\/shawville.ca\\\/fr\\\/#organization\"},\"alternateName\":\"Shawville\",\"potentialAction\":[{\"@type\":\"SearchAction\",\"target\":{\"@type\":\"EntryPoint\",\"urlTemplate\":\"https:\\\/\\\/shawville.ca\\\/fr\\\/?s={search_term_string}\"},\"query-input\":{\"@type\":\"PropertyValueSpecification\",\"valueRequired\":true,\"valueName\":\"search_term_string\"}}],\"inLanguage\":\"fr-FR\"},{\"@type\":\"Organization\",\"@id\":\"https:\\\/\\\/shawville.ca\\\/fr\\\/#organization\",\"name\":\"The Municipality of Shawville\",\"alternateName\":\"Shawville\",\"url\":\"https:\\\/\\\/shawville.ca\\\/fr\\\/\",\"logo\":{\"@type\":\"ImageObject\",\"inLanguage\":\"fr-FR\",\"@id\":\"https:\\\/\\\/shawville.ca\\\/fr\\\/#\\\/schema\\\/logo\\\/image\\\/\",\"url\":\"https:\\\/\\\/shawville.ca\\\/wp-content\\\/uploads\\\/2023\\\/09\\\/shawville-quebec-footer-logo.png\",\"contentUrl\":\"https:\\\/\\\/shawville.ca\\\/wp-content\\\/uploads\\\/2023\\\/09\\\/shawville-quebec-footer-logo.png\",\"width\":550,\"height\":550,\"caption\":\"The Municipality of Shawville\"},\"image\":{\"@id\":\"https:\\\/\\\/shawville.ca\\\/fr\\\/#\\\/schema\\\/logo\\\/image\\\/\"},\"sameAs\":[\"https:\\\/\\\/www.facebook.com\\\/shawvillequebec\",\"https:\\\/\\\/www.instagram.com\\\/destination.pontiac\\\/\",\"https:\\\/\\\/www.youtube.com\\\/channel\\\/UCsfXrrSPVm8eMca37PeSZYg\",\"https:\\\/\\\/www.linkedin.com\\\/company\\\/mrc-pontiac\\\/\"]}]}<\/script>\n<!-- \/ Yoast SEO plugin. -->","yoast_head_json":{"title":"Travaux publics - Municipalit\u00e9 de Shawville Quebec","robots":{"index":"index","follow":"follow","max-snippet":"max-snippet:-1","max-image-preview":"max-image-preview:large","max-video-preview":"max-video-preview:-1"},"canonical":"https:\/\/shawville.ca\/fr\/travaux-publics\/","og_locale":"fr_FR","og_type":"article","og_title":"Travaux publics - Municipalit\u00e9 de Shawville Quebec","og_description":"Le service des travaux publics de Shawville joue un r\u00f4le essentiel dans l&#8217;entretien et l&#8217;am\u00e9lioration des infrastructures de la municipalit\u00e9. Ce service est responsable d&#8217;un large \u00e9ventail de services, notamment l&#8217;entretien des routes, le d\u00e9neigement et l&#8217;entretien des installations publiques. Leur travail diligent garantit des voies de transport s\u00fbres et efficaces, contribue \u00e0 la s\u00e9curit\u00e9 &hellip;","og_url":"https:\/\/shawville.ca\/fr\/travaux-publics\/","og_site_name":"Municipalit\u00e9 de Shawville Quebec","article_publisher":"https:\/\/www.facebook.com\/shawvillequebec","article_modified_time":"2024-03-25T18:12:54+00:00","og_image":[{"width":2560,"height":1707,"url":"https:\/\/shawville.ca\/wp-content\/uploads\/2023\/11\/IMG_4929-scaled.jpg","type":"image\/jpeg"}],"twitter_card":"summary_large_image","twitter_misc":{"Dur\u00e9e de lecture estim\u00e9e":"1 minute"},"schema":{"@context":"https:\/\/schema.org","@graph":[{"@type":"WebPage","@id":"https:\/\/shawville.ca\/fr\/travaux-publics\/","url":"https:\/\/shawville.ca\/fr\/travaux-publics\/","name":"Travaux publics - Municipalit\u00e9 de Shawville Quebec","isPartOf":{"@id":"https:\/\/shawville.ca\/fr\/#website"},"primaryImageOfPage":{"@id":"https:\/\/shawville.ca\/fr\/travaux-publics\/#primaryimage"},"image":{"@id":"https:\/\/shawville.ca\/fr\/travaux-publics\/#primaryimage"},"thumbnailUrl":"https:\/\/shawville.ca\/wp-content\/uploads\/2023\/11\/IMG_4929-scaled.jpg","datePublished":"2023-11-10T23:44:13+00:00","dateModified":"2024-03-25T18:12:54+00:00","breadcrumb":{"@id":"https:\/\/shawville.ca\/fr\/travaux-publics\/#breadcrumb"},"inLanguage":"fr-FR","potentialAction":[{"@type":"ReadAction","target":["https:\/\/shawville.ca\/fr\/travaux-publics\/"]}]},{"@type":"ImageObject","inLanguage":"fr-FR","@id":"https:\/\/shawville.ca\/fr\/travaux-publics\/#primaryimage","url":"https:\/\/shawville.ca\/wp-content\/uploads\/2023\/11\/IMG_4929-scaled.jpg","contentUrl":"https:\/\/shawville.ca\/wp-content\/uploads\/2023\/11\/IMG_4929-scaled.jpg","width":2560,"height":1707,"caption":"Shawville Public Works"},{"@type":"BreadcrumbList","@id":"https:\/\/shawville.ca\/fr\/travaux-publics\/#breadcrumb","itemListElement":[{"@type":"ListItem","position":1,"name":"Home","item":"https:\/\/shawville.ca\/fr\/"},{"@type":"ListItem","position":2,"name":"Travaux publics"}]},{"@type":"WebSite","@id":"https:\/\/shawville.ca\/fr\/#website","url":"https:\/\/shawville.ca\/fr\/","name":"Municipality of Shawville Quebec","description":"Simplement Invitant","publisher":{"@id":"https:\/\/shawville.ca\/fr\/#organization"},"alternateName":"Shawville","potentialAction":[{"@type":"SearchAction","target":{"@type":"EntryPoint","urlTemplate":"https:\/\/shawville.ca\/fr\/?s={search_term_string}"},"query-input":{"@type":"PropertyValueSpecification","valueRequired":true,"valueName":"search_term_string"}}],"inLanguage":"fr-FR"},{"@type":"Organization","@id":"https:\/\/shawville.ca\/fr\/#organization","name":"The Municipality of Shawville","alternateName":"Shawville","url":"https:\/\/shawville.ca\/fr\/","logo":{"@type":"ImageObject","inLanguage":"fr-FR","@id":"https:\/\/shawville.ca\/fr\/#\/schema\/logo\/image\/","url":"https:\/\/shawville.ca\/wp-content\/uploads\/2023\/09\/shawville-quebec-footer-logo.png","contentUrl":"https:\/\/shawville.ca\/wp-content\/uploads\/2023\/09\/shawville-quebec-footer-logo.png","width":550,"height":550,"caption":"The Municipality of Shawville"},"image":{"@id":"https:\/\/shawville.ca\/fr\/#\/schema\/logo\/image\/"},"sameAs":["https:\/\/www.facebook.com\/shawvillequebec","https:\/\/www.instagram.com\/destination.pontiac\/","https:\/\/www.youtube.com\/channel\/UCsfXrrSPVm8eMca37PeSZYg","https:\/\/www.linkedin.com\/company\/mrc-pontiac\/"]}]}},"_links":{"self":[{"href":"https:\/\/shawville.ca\/fr\/wp-json\/wp\/v2\/pages\/167821","targetHints":{"allow":["GET"]}}],"collection":[{"href":"https:\/\/shawville.ca\/fr\/wp-json\/wp\/v2\/pages"}],"about":[{"href":"https:\/\/shawville.ca\/fr\/wp-json\/wp\/v2\/types\/page"}],"author":[{"embeddable":true,"href":"https:\/\/shawville.ca\/fr\/wp-json\/wp\/v2\/users\/1"}],"replies":[{"embeddable":true,"href":"https:\/\/shawville.ca\/fr\/wp-json\/wp\/v2\/comments?post=167821"}],"version-history":[{"count":5,"href":"https:\/\/shawville.ca\/fr\/wp-json\/wp\/v2\/pages\/167821\/revisions"}],"predecessor-version":[{"id":170418,"href":"https:\/\/shawville.ca\/fr\/wp-json\/wp\/v2\/pages\/167821\/revisions\/170418"}],"wp:featuredmedia":[{"embeddable":true,"href":"https:\/\/shawville.ca\/fr\/wp-json\/wp\/v2\/media\/167096"}],"wp:attachment":[{"href":"https:\/\/shawville.ca\/fr\/wp-json\/wp\/v2\/media?parent=167821"}],"curies":[{"name":"wp","href":"https:\/\/api.w.org\/{rel}","templated":true}]}}