{"id":167823,"date":"2023-11-10T13:45:54","date_gmt":"2023-11-10T18:45:54","guid":{"rendered":"https:\/\/shawville.ottawavalleymedia.ca\/residents\/controle-des-animaux\/"},"modified":"2024-03-25T20:29:02","modified_gmt":"2024-03-26T00:29:02","slug":"controle-des-animaux","status":"publish","type":"page","link":"https:\/\/shawville.ca\/fr\/residents\/controle-des-animaux\/","title":{"rendered":"Contr\u00f4le des animaux"},"content":{"rendered":"\t\t<div data-elementor-type=\"wp-page\" data-elementor-id=\"167823\" class=\"elementor elementor-167823 elementor-167017\" data-elementor-post-type=\"page\">\n\t\t\t\t<div class=\"elementor-element elementor-element-ac212a7 e-flex e-con-boxed e-con e-parent\" data-id=\"ac212a7\" data-element_type=\"container\" data-e-type=\"container\" data-settings=\"{&quot;background_background&quot;:&quot;classic&quot;}\">\n\t\t\t\t\t<div class=\"e-con-inner\">\n\t\t<div class=\"elementor-element elementor-element-b2e7a13 e-con-full e-flex e-con e-child\" data-id=\"b2e7a13\" data-element_type=\"container\" data-e-type=\"container\" data-settings=\"{&quot;background_background&quot;:&quot;classic&quot;}\">\n\t\t<div class=\"elementor-element elementor-element-e6dcf1f e-con-full e-flex e-con e-child\" data-id=\"e6dcf1f\" data-element_type=\"container\" data-e-type=\"container\">\n\t\t<div class=\"elementor-element elementor-element-6e47967 e-con-full e-flex e-con e-child\" data-id=\"6e47967\" data-element_type=\"container\" data-e-type=\"container\">\n\t\t\t\t<div class=\"elementor-element elementor-element-ed437cc elementor-widget elementor-widget-text-editor\" data-id=\"ed437cc\" data-element_type=\"widget\" data-e-type=\"widget\" data-widget_type=\"text-editor.default\">\n\t\t\t\t<div class=\"elementor-widget-container\">\n\t\t\t\t\t\t\t\t\t<p>Le r\u00e8glement municipal sur le <a href=\"https:\/\/www.town.shawville.qc.ca\/administration\/bylaws\/\" data-wplink-edit=\"true\">contr\u00f4le des animaux<\/a> r\u00e9git les animaux de ferme et les animaux domestiques. Toute personne qui enfreint une disposition du pr\u00e9sent r\u00e8glement est passible d&#8217;une amende <strong>minimale de 200$ et maximale de 1,000$.<\/strong> Les r\u00e9cidivistes peuvent se voir infliger une amende du m\u00eame montant chaque jour tant qu&#8217;ils restent en faute.<\/p><h4 class=\"custom-blockquote\">T\u00e9l\u00e9avertisseur de la SPCA pour le contr\u00f4le des animaux\u00a0: 819-779-6599<\/h4>\t\t\t\t\t\t\t\t<\/div>\n\t\t\t\t<\/div>\n\t\t\t\t<\/div>\n\t\t\t\t<\/div>\n\t\t\t\t<div class=\"elementor-element elementor-element-c51b368 elementor-widget__width-initial elementor-absolute elementor-widget elementor-widget-heading\" data-id=\"c51b368\" data-element_type=\"widget\" data-e-type=\"widget\" data-settings=\"{&quot;_position&quot;:&quot;absolute&quot;}\" data-widget_type=\"heading.default\">\n\t\t\t\t<div class=\"elementor-widget-container\">\n\t\t\t\t\t<h2 class=\"elementor-heading-title elementor-size-default\">.<\/h2>\t\t\t\t<\/div>\n\t\t\t\t<\/div>\n\t\t\t\t<\/div>\n\t\t<div class=\"elementor-element elementor-element-78a36ca elementor-hidden-tablet elementor-hidden-mobile e-con-full e-flex e-con e-child\" data-id=\"78a36ca\" data-element_type=\"container\" data-e-type=\"container\" data-settings=\"{&quot;background_background&quot;:&quot;classic&quot;}\">\n\t\t\t\t<\/div>\n\t\t<div class=\"elementor-element elementor-element-44997df elementor-hidden-mobile e-con-full e-flex e-con e-child\" data-id=\"44997df\" data-element_type=\"container\" data-e-type=\"container\" data-settings=\"{&quot;background_background&quot;:&quot;classic&quot;}\">\n\t\t\t\t<\/div>\n\t\t\t\t\t<\/div>\n\t\t\t\t<\/div>\n\t\t<div class=\"elementor-element elementor-element-42184cb8 e-flex e-con-boxed e-con e-child\" data-id=\"42184cb8\" data-element_type=\"container\" data-e-type=\"container\">\n\t\t\t\t\t<div class=\"e-con-inner\">\n\t\t\t\t<div class=\"elementor-element elementor-element-345be584 dekoline elementor-widget elementor-widget-heading\" data-id=\"345be584\" data-element_type=\"widget\" data-e-type=\"widget\" data-widget_type=\"heading.default\">\n\t\t\t\t<div class=\"elementor-widget-container\">\n\t\t\t\t\t<h2 class=\"elementor-heading-title elementor-size-default\">Aper\u00e7u des r\u00e8gles concernant les chiens<\/h2>\t\t\t\t<\/div>\n\t\t\t\t<\/div>\n\t\t\t\t\t<\/div>\n\t\t\t\t<\/div>\n\t\t<div class=\"elementor-element elementor-element-20fa0809 e-flex e-con-boxed e-con e-parent\" data-id=\"20fa0809\" data-element_type=\"container\" data-e-type=\"container\" data-settings=\"{&quot;background_background&quot;:&quot;classic&quot;}\">\n\t\t\t\t\t<div class=\"e-con-inner\">\n\t\t<div class=\"elementor-element elementor-element-61ed9345 e-flex e-con-boxed e-con e-child\" data-id=\"61ed9345\" data-element_type=\"container\" data-e-type=\"container\" data-settings=\"{&quot;background_background&quot;:&quot;classic&quot;}\">\n\t\t\t\t\t<div class=\"e-con-inner\">\n\t\t<div class=\"elementor-element elementor-element-4f70a66c e-con-full e-flex e-con e-child\" data-id=\"4f70a66c\" data-element_type=\"container\" data-e-type=\"container\">\n\t\t<div class=\"elementor-element elementor-element-439e1c13 e-con-full e-flex e-con e-child\" data-id=\"439e1c13\" data-element_type=\"container\" data-e-type=\"container\">\n\t\t\t\t<div class=\"elementor-element elementor-element-6069e4f2 elementor-widget elementor-widget-text-editor\" data-id=\"6069e4f2\" data-element_type=\"widget\" data-e-type=\"widget\" data-widget_type=\"text-editor.default\">\n\t\t\t\t<div class=\"elementor-widget-container\">\n\t\t\t\t\t\t\t\t\t<h4>Contr\u00f4le\u00a0:<\/h4><p>Le propri\u00e9taire d&#8217;un chien, la personne qui en a la garde ou qui en est responsable, ci-apr\u00e8s d\u00e9nomm\u00e9 &#8220;gardien&#8221;, doit avoir la ma\u00eetrise de son chien \u00e0 tout moment.<\/p><ul><li>S&#8217;ils sont gard\u00e9s \u00e0 l&#8217;ext\u00e9rieur, les chiens doivent \u00eatre attach\u00e9s au moyen d&#8217;un dispositif de retenue, tel qu&#8217;une laisse, ou cl\u00f4tur\u00e9s.<\/li><li>Dans les espaces publics, les chiens doivent \u00eatre attach\u00e9s et surveill\u00e9s en permanence.<\/li><li>Les chiens transport\u00e9s dans un v\u00e9hicule routier ne doivent pas pouvoir sortir du v\u00e9hicule ou attaquer les passants.<\/li><li>Les chiens ne doivent pas \u00eatre autoris\u00e9s \u00e0 p\u00e9n\u00e9trer dans une propri\u00e9t\u00e9 priv\u00e9e sans le consentement du propri\u00e9taire ou de l&#8217;occupant. (Ne s&#8217;applique pas aux chiens d&#8217;aveugle).<\/li><li>Sauf autorisation, les chiens ne sont pas admis sur les terrains publics lors d&#8217;une c\u00e9l\u00e9bration, d&#8217;un \u00e9v\u00e9nement ou d&#8217;un rassemblement public. (Ne s&#8217;applique pas aux chiens d&#8217;aveugle).<\/li><li>Il est interdit aux chiens d&#8217;aboyer ou de hurler de mani\u00e8re \u00e0 troubler la paix et la tranquillit\u00e9.<\/li><\/ul>\t\t\t\t\t\t\t\t<\/div>\n\t\t\t\t<\/div>\n\t\t\t\t<\/div>\n\t\t<div class=\"elementor-element elementor-element-631aee1 e-con-full e-flex e-con e-child\" data-id=\"631aee1\" data-element_type=\"container\" data-e-type=\"container\">\n\t\t\t\t<div class=\"elementor-element elementor-element-b180dff elementor-widget elementor-widget-text-editor\" data-id=\"b180dff\" data-element_type=\"widget\" data-e-type=\"widget\" data-widget_type=\"text-editor.default\">\n\t\t\t\t<div class=\"elementor-widget-container\">\n\t\t\t\t\t\t\t\t\t<h4>Agressivit\u00e9\u00a0:<\/h4><ul><li>Il est interdit aux chiens de mordre ou d&#8217;attaquer une personne ou un animal, d&#8217;essayer de mordre ou d&#8217;attaquer une personne ou un animal, de faire preuve d&#8217;agressivit\u00e9 \u00e0 l&#8217;\u00e9gard d&#8217;une personne ou d&#8217;un animal en grognant, en montrant les dents, en aboyant f\u00e9rocement ou en agissant de toute autre mani\u00e8re indiquant que l&#8217;animal pourrait mordre ou attaquer une personne ou un autre animal.<\/li><li>Le gardien ne doit pas ordonner \u00e0 son chien d&#8217;attaquer une personne ou un animal, sauf si l&#8217;int\u00e9grit\u00e9 physique ou la s\u00e9curit\u00e9 du gardien, de sa famille ou de ses biens est compromise.<\/li><\/ul>\t\t\t\t\t\t\t\t<\/div>\n\t\t\t\t<\/div>\n\t\t\t\t<\/div>\n\t\t<div class=\"elementor-element elementor-element-1918f77 e-con-full e-flex e-con e-child\" data-id=\"1918f77\" data-element_type=\"container\" data-e-type=\"container\">\n\t\t\t\t<div class=\"elementor-element elementor-element-65d7159 elementor-widget elementor-widget-text-editor\" data-id=\"65d7159\" data-element_type=\"widget\" data-e-type=\"widget\" data-widget_type=\"text-editor.default\">\n\t\t\t\t<div class=\"elementor-widget-container\">\n\t\t\t\t\t\t\t\t\t<h4>Soins :<\/h4><ul><li>Les gardiens doivent imm\u00e9diatement ramasser et \u00e9liminer les d\u00e9jections de leur animal, que ce soit sur un terrain public ou priv\u00e9. (Cette disposition ne s&#8217;applique pas aux chiens d&#8217;aveugle).<\/li><li>Les gardiens doivent r\u00e9guli\u00e8rement ramasser les excr\u00e9ments sur leur propre propri\u00e9t\u00e9 et la maintenir en bon \u00e9tat de propret\u00e9.<\/li><\/ul>\t\t\t\t\t\t\t\t<\/div>\n\t\t\t\t<\/div>\n\t\t\t\t<div class=\"elementor-element elementor-element-5056791 elementor-widget elementor-widget-text-editor\" data-id=\"5056791\" data-element_type=\"widget\" data-e-type=\"widget\" data-widget_type=\"text-editor.default\">\n\t\t\t\t<div class=\"elementor-widget-container\">\n\t\t\t\t\t\t\t\t\t<blockquote>\n<p><em><strong>Pour toutes les r\u00e8gles concernant les chiens et autres animaux, veuillez vous r\u00e9f\u00e9rer au texte int\u00e9gral du <a href=\"https:\/\/www.town.shawville.qc.ca\/administration\/bylaws\/\">r\u00e8glement<\/a>.<\/strong><\/em><\/p>\n<\/blockquote>\n\t\t\t\t\t\t\t\t<\/div>\n\t\t\t\t<\/div>\n\t\t\t\t<\/div>\n\t\t\t\t<\/div>\n\t\t\t\t\t<\/div>\n\t\t\t\t<\/div>\n\t\t\t\t\t<\/div>\n\t\t\t\t<\/div>\n\t\t\t\t<\/div>\n\t\t","protected":false},"excerpt":{"rendered":"<p>Le r\u00e8glement municipal sur le contr\u00f4le des animaux r\u00e9git les animaux de ferme et les animaux domestiques. Toute personne qui enfreint une disposition du pr\u00e9sent r\u00e8glement est passible d&#8217;une amende minimale de 200$ et maximale de 1,000$. Les r\u00e9cidivistes peuvent se voir infliger une amende du m\u00eame montant chaque jour tant qu&#8217;ils restent en faute. &hellip;<\/p>\n","protected":false},"author":1,"featured_media":167370,"parent":158287,"menu_order":0,"comment_status":"closed","ping_status":"closed","template":"","meta":{"_acf_changed":false,"footnotes":""},"class_list":["post-167823","page","type-page","status-publish","has-post-thumbnail","hentry"],"acf":[],"ams_acf":[],"yoast_head":"<!-- This site is optimized with the Yoast SEO plugin v27.4 - https:\/\/yoast.com\/product\/yoast-seo-wordpress\/ -->\n<title>Contr\u00f4le des animaux - Municipalit\u00e9 de Shawville Quebec<\/title>\n<meta name=\"robots\" content=\"index, follow, max-snippet:-1, max-image-preview:large, max-video-preview:-1\" \/>\n<link rel=\"canonical\" href=\"https:\/\/shawville.ca\/fr\/residents\/controle-des-animaux\/\" \/>\n<meta property=\"og:locale\" content=\"fr_FR\" \/>\n<meta property=\"og:type\" content=\"article\" \/>\n<meta property=\"og:title\" content=\"Contr\u00f4le des animaux - Municipalit\u00e9 de Shawville Quebec\" \/>\n<meta property=\"og:description\" content=\"Le r\u00e8glement municipal sur le contr\u00f4le des animaux r\u00e9git les animaux de ferme et les animaux domestiques. Toute personne qui enfreint une disposition du pr\u00e9sent r\u00e8glement est passible d&#8217;une amende minimale de 200$ et maximale de 1,000$. Les r\u00e9cidivistes peuvent se voir infliger une amende du m\u00eame montant chaque jour tant qu&#8217;ils restent en faute. &hellip;\" \/>\n<meta property=\"og:url\" content=\"https:\/\/shawville.ca\/fr\/residents\/controle-des-animaux\/\" \/>\n<meta property=\"og:site_name\" content=\"Municipalit\u00e9 de Shawville Quebec\" \/>\n<meta property=\"article:publisher\" content=\"https:\/\/www.facebook.com\/shawvillequebec\" \/>\n<meta property=\"article:modified_time\" content=\"2024-03-26T00:29:02+00:00\" \/>\n<meta property=\"og:image\" content=\"https:\/\/shawville.ca\/wp-content\/uploads\/2023\/11\/animal-control-shawville.jpg\" \/>\n\t<meta property=\"og:image:width\" content=\"800\" \/>\n\t<meta property=\"og:image:height\" content=\"531\" \/>\n\t<meta property=\"og:image:type\" content=\"image\/jpeg\" \/>\n<meta name=\"twitter:card\" content=\"summary_large_image\" \/>\n<meta name=\"twitter:label1\" content=\"Dur\u00e9e de lecture estim\u00e9e\" \/>\n\t<meta name=\"twitter:data1\" content=\"2 minutes\" \/>\n<script type=\"application\/ld+json\" class=\"yoast-schema-graph\">{\"@context\":\"https:\\\/\\\/schema.org\",\"@graph\":[{\"@type\":\"WebPage\",\"@id\":\"https:\\\/\\\/shawville.ca\\\/fr\\\/residents\\\/controle-des-animaux\\\/\",\"url\":\"https:\\\/\\\/shawville.ca\\\/fr\\\/residents\\\/controle-des-animaux\\\/\",\"name\":\"Contr\u00f4le des animaux - Municipalit\u00e9 de Shawville Quebec\",\"isPartOf\":{\"@id\":\"https:\\\/\\\/shawville.ca\\\/fr\\\/#website\"},\"primaryImageOfPage\":{\"@id\":\"https:\\\/\\\/shawville.ca\\\/fr\\\/residents\\\/controle-des-animaux\\\/#primaryimage\"},\"image\":{\"@id\":\"https:\\\/\\\/shawville.ca\\\/fr\\\/residents\\\/controle-des-animaux\\\/#primaryimage\"},\"thumbnailUrl\":\"https:\\\/\\\/shawville.ca\\\/wp-content\\\/uploads\\\/2023\\\/11\\\/animal-control-shawville.jpg\",\"datePublished\":\"2023-11-10T18:45:54+00:00\",\"dateModified\":\"2024-03-26T00:29:02+00:00\",\"breadcrumb\":{\"@id\":\"https:\\\/\\\/shawville.ca\\\/fr\\\/residents\\\/controle-des-animaux\\\/#breadcrumb\"},\"inLanguage\":\"fr-FR\",\"potentialAction\":[{\"@type\":\"ReadAction\",\"target\":[\"https:\\\/\\\/shawville.ca\\\/fr\\\/residents\\\/controle-des-animaux\\\/\"]}]},{\"@type\":\"ImageObject\",\"inLanguage\":\"fr-FR\",\"@id\":\"https:\\\/\\\/shawville.ca\\\/fr\\\/residents\\\/controle-des-animaux\\\/#primaryimage\",\"url\":\"https:\\\/\\\/shawville.ca\\\/wp-content\\\/uploads\\\/2023\\\/11\\\/animal-control-shawville.jpg\",\"contentUrl\":\"https:\\\/\\\/shawville.ca\\\/wp-content\\\/uploads\\\/2023\\\/11\\\/animal-control-shawville.jpg\",\"width\":800,\"height\":531,\"caption\":\"adult domestic cat sitting in grass\"},{\"@type\":\"BreadcrumbList\",\"@id\":\"https:\\\/\\\/shawville.ca\\\/fr\\\/residents\\\/controle-des-animaux\\\/#breadcrumb\",\"itemListElement\":[{\"@type\":\"ListItem\",\"position\":1,\"name\":\"Home\",\"item\":\"https:\\\/\\\/shawville.ca\\\/fr\\\/\"},{\"@type\":\"ListItem\",\"position\":2,\"name\":\"R\u00e9sidents\",\"item\":\"https:\\\/\\\/shawville.ca\\\/fr\\\/residents\\\/\"},{\"@type\":\"ListItem\",\"position\":3,\"name\":\"Contr\u00f4le des animaux\"}]},{\"@type\":\"WebSite\",\"@id\":\"https:\\\/\\\/shawville.ca\\\/fr\\\/#website\",\"url\":\"https:\\\/\\\/shawville.ca\\\/fr\\\/\",\"name\":\"Municipality of Shawville Quebec\",\"description\":\"Simplement Invitant\",\"publisher\":{\"@id\":\"https:\\\/\\\/shawville.ca\\\/fr\\\/#organization\"},\"alternateName\":\"Shawville\",\"potentialAction\":[{\"@type\":\"SearchAction\",\"target\":{\"@type\":\"EntryPoint\",\"urlTemplate\":\"https:\\\/\\\/shawville.ca\\\/fr\\\/?s={search_term_string}\"},\"query-input\":{\"@type\":\"PropertyValueSpecification\",\"valueRequired\":true,\"valueName\":\"search_term_string\"}}],\"inLanguage\":\"fr-FR\"},{\"@type\":\"Organization\",\"@id\":\"https:\\\/\\\/shawville.ca\\\/fr\\\/#organization\",\"name\":\"The Municipality of Shawville\",\"alternateName\":\"Shawville\",\"url\":\"https:\\\/\\\/shawville.ca\\\/fr\\\/\",\"logo\":{\"@type\":\"ImageObject\",\"inLanguage\":\"fr-FR\",\"@id\":\"https:\\\/\\\/shawville.ca\\\/fr\\\/#\\\/schema\\\/logo\\\/image\\\/\",\"url\":\"https:\\\/\\\/shawville.ca\\\/wp-content\\\/uploads\\\/2023\\\/09\\\/shawville-quebec-footer-logo.png\",\"contentUrl\":\"https:\\\/\\\/shawville.ca\\\/wp-content\\\/uploads\\\/2023\\\/09\\\/shawville-quebec-footer-logo.png\",\"width\":550,\"height\":550,\"caption\":\"The Municipality of Shawville\"},\"image\":{\"@id\":\"https:\\\/\\\/shawville.ca\\\/fr\\\/#\\\/schema\\\/logo\\\/image\\\/\"},\"sameAs\":[\"https:\\\/\\\/www.facebook.com\\\/shawvillequebec\",\"https:\\\/\\\/www.instagram.com\\\/destination.pontiac\\\/\",\"https:\\\/\\\/www.youtube.com\\\/channel\\\/UCsfXrrSPVm8eMca37PeSZYg\",\"https:\\\/\\\/www.linkedin.com\\\/company\\\/mrc-pontiac\\\/\"]}]}<\/script>\n<!-- \/ Yoast SEO plugin. -->","yoast_head_json":{"title":"Contr\u00f4le des animaux - Municipalit\u00e9 de Shawville Quebec","robots":{"index":"index","follow":"follow","max-snippet":"max-snippet:-1","max-image-preview":"max-image-preview:large","max-video-preview":"max-video-preview:-1"},"canonical":"https:\/\/shawville.ca\/fr\/residents\/controle-des-animaux\/","og_locale":"fr_FR","og_type":"article","og_title":"Contr\u00f4le des animaux - Municipalit\u00e9 de Shawville Quebec","og_description":"Le r\u00e8glement municipal sur le contr\u00f4le des animaux r\u00e9git les animaux de ferme et les animaux domestiques. Toute personne qui enfreint une disposition du pr\u00e9sent r\u00e8glement est passible d&#8217;une amende minimale de 200$ et maximale de 1,000$. Les r\u00e9cidivistes peuvent se voir infliger une amende du m\u00eame montant chaque jour tant qu&#8217;ils restent en faute. &hellip;","og_url":"https:\/\/shawville.ca\/fr\/residents\/controle-des-animaux\/","og_site_name":"Municipalit\u00e9 de Shawville Quebec","article_publisher":"https:\/\/www.facebook.com\/shawvillequebec","article_modified_time":"2024-03-26T00:29:02+00:00","og_image":[{"width":800,"height":531,"url":"https:\/\/shawville.ca\/wp-content\/uploads\/2023\/11\/animal-control-shawville.jpg","type":"image\/jpeg"}],"twitter_card":"summary_large_image","twitter_misc":{"Dur\u00e9e de lecture estim\u00e9e":"2 minutes"},"schema":{"@context":"https:\/\/schema.org","@graph":[{"@type":"WebPage","@id":"https:\/\/shawville.ca\/fr\/residents\/controle-des-animaux\/","url":"https:\/\/shawville.ca\/fr\/residents\/controle-des-animaux\/","name":"Contr\u00f4le des animaux - Municipalit\u00e9 de Shawville Quebec","isPartOf":{"@id":"https:\/\/shawville.ca\/fr\/#website"},"primaryImageOfPage":{"@id":"https:\/\/shawville.ca\/fr\/residents\/controle-des-animaux\/#primaryimage"},"image":{"@id":"https:\/\/shawville.ca\/fr\/residents\/controle-des-animaux\/#primaryimage"},"thumbnailUrl":"https:\/\/shawville.ca\/wp-content\/uploads\/2023\/11\/animal-control-shawville.jpg","datePublished":"2023-11-10T18:45:54+00:00","dateModified":"2024-03-26T00:29:02+00:00","breadcrumb":{"@id":"https:\/\/shawville.ca\/fr\/residents\/controle-des-animaux\/#breadcrumb"},"inLanguage":"fr-FR","potentialAction":[{"@type":"ReadAction","target":["https:\/\/shawville.ca\/fr\/residents\/controle-des-animaux\/"]}]},{"@type":"ImageObject","inLanguage":"fr-FR","@id":"https:\/\/shawville.ca\/fr\/residents\/controle-des-animaux\/#primaryimage","url":"https:\/\/shawville.ca\/wp-content\/uploads\/2023\/11\/animal-control-shawville.jpg","contentUrl":"https:\/\/shawville.ca\/wp-content\/uploads\/2023\/11\/animal-control-shawville.jpg","width":800,"height":531,"caption":"adult domestic cat sitting in grass"},{"@type":"BreadcrumbList","@id":"https:\/\/shawville.ca\/fr\/residents\/controle-des-animaux\/#breadcrumb","itemListElement":[{"@type":"ListItem","position":1,"name":"Home","item":"https:\/\/shawville.ca\/fr\/"},{"@type":"ListItem","position":2,"name":"R\u00e9sidents","item":"https:\/\/shawville.ca\/fr\/residents\/"},{"@type":"ListItem","position":3,"name":"Contr\u00f4le des animaux"}]},{"@type":"WebSite","@id":"https:\/\/shawville.ca\/fr\/#website","url":"https:\/\/shawville.ca\/fr\/","name":"Municipality of Shawville Quebec","description":"Simplement Invitant","publisher":{"@id":"https:\/\/shawville.ca\/fr\/#organization"},"alternateName":"Shawville","potentialAction":[{"@type":"SearchAction","target":{"@type":"EntryPoint","urlTemplate":"https:\/\/shawville.ca\/fr\/?s={search_term_string}"},"query-input":{"@type":"PropertyValueSpecification","valueRequired":true,"valueName":"search_term_string"}}],"inLanguage":"fr-FR"},{"@type":"Organization","@id":"https:\/\/shawville.ca\/fr\/#organization","name":"The Municipality of Shawville","alternateName":"Shawville","url":"https:\/\/shawville.ca\/fr\/","logo":{"@type":"ImageObject","inLanguage":"fr-FR","@id":"https:\/\/shawville.ca\/fr\/#\/schema\/logo\/image\/","url":"https:\/\/shawville.ca\/wp-content\/uploads\/2023\/09\/shawville-quebec-footer-logo.png","contentUrl":"https:\/\/shawville.ca\/wp-content\/uploads\/2023\/09\/shawville-quebec-footer-logo.png","width":550,"height":550,"caption":"The Municipality of Shawville"},"image":{"@id":"https:\/\/shawville.ca\/fr\/#\/schema\/logo\/image\/"},"sameAs":["https:\/\/www.facebook.com\/shawvillequebec","https:\/\/www.instagram.com\/destination.pontiac\/","https:\/\/www.youtube.com\/channel\/UCsfXrrSPVm8eMca37PeSZYg","https:\/\/www.linkedin.com\/company\/mrc-pontiac\/"]}]}},"_links":{"self":[{"href":"https:\/\/shawville.ca\/fr\/wp-json\/wp\/v2\/pages\/167823","targetHints":{"allow":["GET"]}}],"collection":[{"href":"https:\/\/shawville.ca\/fr\/wp-json\/wp\/v2\/pages"}],"about":[{"href":"https:\/\/shawville.ca\/fr\/wp-json\/wp\/v2\/types\/page"}],"author":[{"embeddable":true,"href":"https:\/\/shawville.ca\/fr\/wp-json\/wp\/v2\/users\/1"}],"replies":[{"embeddable":true,"href":"https:\/\/shawville.ca\/fr\/wp-json\/wp\/v2\/comments?post=167823"}],"version-history":[{"count":5,"href":"https:\/\/shawville.ca\/fr\/wp-json\/wp\/v2\/pages\/167823\/revisions"}],"predecessor-version":[{"id":171020,"href":"https:\/\/shawville.ca\/fr\/wp-json\/wp\/v2\/pages\/167823\/revisions\/171020"}],"up":[{"embeddable":true,"href":"https:\/\/shawville.ca\/fr\/wp-json\/wp\/v2\/pages\/158287"}],"wp:featuredmedia":[{"embeddable":true,"href":"https:\/\/shawville.ca\/fr\/wp-json\/wp\/v2\/media\/167370"}],"wp:attachment":[{"href":"https:\/\/shawville.ca\/fr\/wp-json\/wp\/v2\/media?parent=167823"}],"curies":[{"name":"wp","href":"https:\/\/api.w.org\/{rel}","templated":true}]}}