{"id":167825,"date":"2023-11-10T18:41:14","date_gmt":"2023-11-10T23:41:14","guid":{"rendered":"https:\/\/shawville.ottawavalleymedia.ca\/residents\/systeme-dalerte-publique\/"},"modified":"2024-03-25T20:34:16","modified_gmt":"2024-03-26T00:34:16","slug":"systeme-dalerte-publique","status":"publish","type":"page","link":"https:\/\/shawville.ca\/fr\/residents\/systeme-dalerte-publique\/","title":{"rendered":"Syst\u00e8me d&#8217;alerte publique"},"content":{"rendered":"\t\t<div data-elementor-type=\"wp-page\" data-elementor-id=\"167825\" class=\"elementor elementor-167825 elementor-167086\" data-elementor-post-type=\"page\">\n\t\t\t\t<div class=\"elementor-element elementor-element-5206ba0 e-flex e-con-boxed e-con e-parent\" data-id=\"5206ba0\" data-element_type=\"container\" data-e-type=\"container\" data-settings=\"{&quot;background_background&quot;:&quot;classic&quot;}\">\n\t\t\t\t\t<div class=\"e-con-inner\">\n\t\t<div class=\"elementor-element elementor-element-028dde6 e-flex e-con-boxed e-con e-child\" data-id=\"028dde6\" data-element_type=\"container\" data-e-type=\"container\" data-settings=\"{&quot;background_background&quot;:&quot;classic&quot;}\">\n\t\t\t\t\t<div class=\"e-con-inner\">\n\t\t<div class=\"elementor-element elementor-element-0cb934b e-con-full e-flex e-con e-child\" data-id=\"0cb934b\" data-element_type=\"container\" data-e-type=\"container\">\n\t\t<div class=\"elementor-element elementor-element-0d5d7e0 e-con-full e-flex e-con e-child\" data-id=\"0d5d7e0\" data-element_type=\"container\" data-e-type=\"container\">\n\t\t\t\t<div class=\"elementor-element elementor-element-91089d2 elementor-widget elementor-widget-text-editor\" data-id=\"91089d2\" data-element_type=\"widget\" data-e-type=\"widget\" data-widget_type=\"text-editor.default\">\n\t\t\t\t<div class=\"elementor-widget-container\">\n\t\t\t\t\t\t\t\t\t<p>Le syst\u00e8me d&#8217;alerte publique de Shawville, aliment\u00e9 par Telmatik, joue un r\u00f4le crucial en assurant la s\u00e9curit\u00e9 et le bien-\u00eatre de ses r\u00e9sidents. Ce syst\u00e8me automatis\u00e9, sp\u00e9cialement con\u00e7u pour les villes et les municipalit\u00e9s, permet la diffusion rapide d&#8217;informations urgentes et non urgentes \u00e0 la communaut\u00e9. Les habitants peuvent recevoir des alertes concernant des situations telles que des avis de faire bouillir l&#8217;eau, des ruptures de conduites d&#8217;eau et d&#8217;autres avis importants par courrier \u00e9lectronique, message texte ou message vocal. La flexibilit\u00e9 du syst\u00e8me permet aux individus de choisir leur m\u00e9thode de communication pr\u00e9f\u00e9r\u00e9e ou d&#8217;opter pour des multiples canaux, ce qui garantit que les informations essentielles leur parviennent de la mani\u00e8re la plus pratique et la plus efficace possible.<\/p>\t\t\t\t\t\t\t\t<\/div>\n\t\t\t\t<\/div>\n\t\t\t\t<div class=\"elementor-element elementor-element-3f6d982 elementor-widget elementor-widget-button\" data-id=\"3f6d982\" data-element_type=\"widget\" data-e-type=\"widget\" data-widget_type=\"button.default\">\n\t\t\t\t<div class=\"elementor-widget-container\">\n\t\t\t\t\t\t\t\t\t<div class=\"elementor-button-wrapper\">\n\t\t\t\t\t<a class=\"elementor-button elementor-button-link elementor-size-xl\" href=\"https:\/\/bixocontact.com\/apps\/Anonym\/InterfaceAquisitionPublique\/default.aspx?TooteloGuid=a35055ff-91a8-491d-8b2f-54a496fea2e6&#038;BureauId=4815&#038;Lang=%27%20+%20lang\">\n\t\t\t\t\t\t<span class=\"elementor-button-content-wrapper\">\n\t\t\t\t\t\t<span class=\"elementor-button-icon\">\n\t\t\t\t<i aria-hidden=\"true\" class=\"fas fa-arrow-right\"><\/i>\t\t\t<\/span>\n\t\t\t\t\t\t\t\t\t<span class=\"elementor-button-text\">S'INSCRIRE AUX ALERTES TEXTUELLES<\/span>\n\t\t\t\t\t<\/span>\n\t\t\t\t\t<\/a>\n\t\t\t\t<\/div>\n\t\t\t\t\t\t\t\t<\/div>\n\t\t\t\t<\/div>\n\t\t\t\t<\/div>\n\t\t\t\t<\/div>\n\t\t\t\t\t<\/div>\n\t\t\t\t<\/div>\n\t\t<div class=\"elementor-element elementor-element-8615e75 elementor-hidden-tablet elementor-hidden-mobile e-con-full e-flex e-con e-child\" data-id=\"8615e75\" data-element_type=\"container\" data-e-type=\"container\" data-settings=\"{&quot;background_background&quot;:&quot;classic&quot;}\">\n\t\t\t\t<\/div>\n\t\t<div class=\"elementor-element elementor-element-2914222 elementor-hidden-mobile e-con-full e-flex e-con e-child\" data-id=\"2914222\" data-element_type=\"container\" data-e-type=\"container\" data-settings=\"{&quot;background_background&quot;:&quot;classic&quot;}\">\n\t\t\t\t<div class=\"elementor-element elementor-element-f77a2ab elementor-widget elementor-widget-image\" data-id=\"f77a2ab\" data-element_type=\"widget\" data-e-type=\"widget\" data-widget_type=\"image.default\">\n\t\t\t\t<div class=\"elementor-widget-container\">\n\t\t\t\t\t\t\t\t\t\t\t\t\t\t\t\t<a href=\"https:\/\/bixocontact.com\/apps\/Anonym\/InterfaceAquisitionPublique\/default.aspx?TooteloGuid=a35055ff-91a8-491d-8b2f-54a496fea2e6&#038;BureauId=4815&#038;Lang=%27%20+%20lang\" target=\"_blank\">\n\t\t\t\t\t\t\t<img fetchpriority=\"high\" decoding=\"async\" width=\"650\" height=\"260\" src=\"https:\/\/shawville.ca\/wp-content\/uploads\/2023\/11\/telematik.png\" class=\"attachment-large size-large wp-image-167677\" alt=\"Telematik\" srcset=\"https:\/\/shawville.ca\/wp-content\/uploads\/2023\/11\/telematik.png 650w, https:\/\/shawville.ca\/wp-content\/uploads\/2023\/11\/telematik-300x120.png 300w\" sizes=\"(max-width: 650px) 100vw, 650px\" \/>\t\t\t\t\t\t\t\t<\/a>\n\t\t\t\t\t\t\t\t\t\t\t\t\t\t\t<\/div>\n\t\t\t\t<\/div>\n\t\t\t\t<\/div>\n\t\t\t\t\t<\/div>\n\t\t\t\t<\/div>\n\t\t\t\t<\/div>\n\t\t","protected":false},"excerpt":{"rendered":"<p>Le syst\u00e8me d&#8217;alerte publique de Shawville, aliment\u00e9 par Telmatik, joue un r\u00f4le crucial en assurant la s\u00e9curit\u00e9 et le bien-\u00eatre de ses r\u00e9sidents. Ce syst\u00e8me automatis\u00e9, sp\u00e9cialement con\u00e7u pour les villes et les municipalit\u00e9s, permet la diffusion rapide d&#8217;informations urgentes et non urgentes \u00e0 la communaut\u00e9. Les habitants peuvent recevoir des alertes concernant des situations &hellip;<\/p>\n","protected":false},"author":1,"featured_media":167088,"parent":158287,"menu_order":0,"comment_status":"closed","ping_status":"closed","template":"","meta":{"_acf_changed":false,"footnotes":""},"class_list":["post-167825","page","type-page","status-publish","has-post-thumbnail","hentry"],"acf":[],"ams_acf":[],"yoast_head":"<!-- This site is optimized with the Yoast SEO plugin v27.3 - https:\/\/yoast.com\/product\/yoast-seo-wordpress\/ -->\n<title>Syst\u00e8me d&#039;alerte publique - Municipalit\u00e9 de Shawville Quebec<\/title>\n<meta name=\"robots\" content=\"index, follow, max-snippet:-1, max-image-preview:large, max-video-preview:-1\" \/>\n<link rel=\"canonical\" href=\"https:\/\/shawville.ca\/fr\/residents\/systeme-dalerte-publique\/\" \/>\n<meta property=\"og:locale\" content=\"fr_FR\" \/>\n<meta property=\"og:type\" content=\"article\" \/>\n<meta property=\"og:title\" content=\"Syst\u00e8me d&#039;alerte publique - Municipalit\u00e9 de Shawville Quebec\" \/>\n<meta property=\"og:description\" content=\"Le syst\u00e8me d&#8217;alerte publique de Shawville, aliment\u00e9 par Telmatik, joue un r\u00f4le crucial en assurant la s\u00e9curit\u00e9 et le bien-\u00eatre de ses r\u00e9sidents. Ce syst\u00e8me automatis\u00e9, sp\u00e9cialement con\u00e7u pour les villes et les municipalit\u00e9s, permet la diffusion rapide d&#8217;informations urgentes et non urgentes \u00e0 la communaut\u00e9. Les habitants peuvent recevoir des alertes concernant des situations &hellip;\" \/>\n<meta property=\"og:url\" content=\"https:\/\/shawville.ca\/fr\/residents\/systeme-dalerte-publique\/\" \/>\n<meta property=\"og:site_name\" content=\"Municipalit\u00e9 de Shawville Quebec\" \/>\n<meta property=\"article:publisher\" content=\"https:\/\/www.facebook.com\/shawvillequebec\" \/>\n<meta property=\"article:modified_time\" content=\"2024-03-26T00:34:16+00:00\" \/>\n<meta property=\"og:image\" content=\"https:\/\/shawville.ca\/wp-content\/uploads\/2023\/11\/public-alert-system.jpg\" \/>\n\t<meta property=\"og:image:width\" content=\"2000\" \/>\n\t<meta property=\"og:image:height\" content=\"1334\" \/>\n\t<meta property=\"og:image:type\" content=\"image\/jpeg\" \/>\n<meta name=\"twitter:card\" content=\"summary_large_image\" \/>\n<meta name=\"twitter:label1\" content=\"Dur\u00e9e de lecture estim\u00e9e\" \/>\n\t<meta name=\"twitter:data1\" content=\"1 minute\" \/>\n<script type=\"application\/ld+json\" class=\"yoast-schema-graph\">{\"@context\":\"https:\\\/\\\/schema.org\",\"@graph\":[{\"@type\":\"WebPage\",\"@id\":\"https:\\\/\\\/shawville.ca\\\/fr\\\/residents\\\/systeme-dalerte-publique\\\/\",\"url\":\"https:\\\/\\\/shawville.ca\\\/fr\\\/residents\\\/systeme-dalerte-publique\\\/\",\"name\":\"Syst\u00e8me d'alerte publique - Municipalit\u00e9 de Shawville Quebec\",\"isPartOf\":{\"@id\":\"https:\\\/\\\/shawville.ca\\\/fr\\\/#website\"},\"primaryImageOfPage\":{\"@id\":\"https:\\\/\\\/shawville.ca\\\/fr\\\/residents\\\/systeme-dalerte-publique\\\/#primaryimage\"},\"image\":{\"@id\":\"https:\\\/\\\/shawville.ca\\\/fr\\\/residents\\\/systeme-dalerte-publique\\\/#primaryimage\"},\"thumbnailUrl\":\"https:\\\/\\\/shawville.ca\\\/wp-content\\\/uploads\\\/2023\\\/11\\\/public-alert-system.jpg\",\"datePublished\":\"2023-11-10T23:41:14+00:00\",\"dateModified\":\"2024-03-26T00:34:16+00:00\",\"breadcrumb\":{\"@id\":\"https:\\\/\\\/shawville.ca\\\/fr\\\/residents\\\/systeme-dalerte-publique\\\/#breadcrumb\"},\"inLanguage\":\"fr-FR\",\"potentialAction\":[{\"@type\":\"ReadAction\",\"target\":[\"https:\\\/\\\/shawville.ca\\\/fr\\\/residents\\\/systeme-dalerte-publique\\\/\"]}]},{\"@type\":\"ImageObject\",\"inLanguage\":\"fr-FR\",\"@id\":\"https:\\\/\\\/shawville.ca\\\/fr\\\/residents\\\/systeme-dalerte-publique\\\/#primaryimage\",\"url\":\"https:\\\/\\\/shawville.ca\\\/wp-content\\\/uploads\\\/2023\\\/11\\\/public-alert-system.jpg\",\"contentUrl\":\"https:\\\/\\\/shawville.ca\\\/wp-content\\\/uploads\\\/2023\\\/11\\\/public-alert-system.jpg\",\"width\":2000,\"height\":1334,\"caption\":\"Street loudspeaker megaphone mounted on the post with clear sky as copy space\"},{\"@type\":\"BreadcrumbList\",\"@id\":\"https:\\\/\\\/shawville.ca\\\/fr\\\/residents\\\/systeme-dalerte-publique\\\/#breadcrumb\",\"itemListElement\":[{\"@type\":\"ListItem\",\"position\":1,\"name\":\"Home\",\"item\":\"https:\\\/\\\/shawville.ca\\\/fr\\\/\"},{\"@type\":\"ListItem\",\"position\":2,\"name\":\"R\u00e9sidents\",\"item\":\"https:\\\/\\\/shawville.ca\\\/fr\\\/residents\\\/\"},{\"@type\":\"ListItem\",\"position\":3,\"name\":\"Syst\u00e8me d&#8217;alerte publique\"}]},{\"@type\":\"WebSite\",\"@id\":\"https:\\\/\\\/shawville.ca\\\/fr\\\/#website\",\"url\":\"https:\\\/\\\/shawville.ca\\\/fr\\\/\",\"name\":\"Municipality of Shawville Quebec\",\"description\":\"Simplement Invitant\",\"publisher\":{\"@id\":\"https:\\\/\\\/shawville.ca\\\/fr\\\/#organization\"},\"alternateName\":\"Shawville\",\"potentialAction\":[{\"@type\":\"SearchAction\",\"target\":{\"@type\":\"EntryPoint\",\"urlTemplate\":\"https:\\\/\\\/shawville.ca\\\/fr\\\/?s={search_term_string}\"},\"query-input\":{\"@type\":\"PropertyValueSpecification\",\"valueRequired\":true,\"valueName\":\"search_term_string\"}}],\"inLanguage\":\"fr-FR\"},{\"@type\":\"Organization\",\"@id\":\"https:\\\/\\\/shawville.ca\\\/fr\\\/#organization\",\"name\":\"The Municipality of Shawville\",\"alternateName\":\"Shawville\",\"url\":\"https:\\\/\\\/shawville.ca\\\/fr\\\/\",\"logo\":{\"@type\":\"ImageObject\",\"inLanguage\":\"fr-FR\",\"@id\":\"https:\\\/\\\/shawville.ca\\\/fr\\\/#\\\/schema\\\/logo\\\/image\\\/\",\"url\":\"https:\\\/\\\/shawville.ca\\\/wp-content\\\/uploads\\\/2023\\\/09\\\/shawville-quebec-footer-logo.png\",\"contentUrl\":\"https:\\\/\\\/shawville.ca\\\/wp-content\\\/uploads\\\/2023\\\/09\\\/shawville-quebec-footer-logo.png\",\"width\":550,\"height\":550,\"caption\":\"The Municipality of Shawville\"},\"image\":{\"@id\":\"https:\\\/\\\/shawville.ca\\\/fr\\\/#\\\/schema\\\/logo\\\/image\\\/\"},\"sameAs\":[\"https:\\\/\\\/www.facebook.com\\\/shawvillequebec\",\"https:\\\/\\\/www.instagram.com\\\/destination.pontiac\\\/\",\"https:\\\/\\\/www.youtube.com\\\/channel\\\/UCsfXrrSPVm8eMca37PeSZYg\",\"https:\\\/\\\/www.linkedin.com\\\/company\\\/mrc-pontiac\\\/\"]}]}<\/script>\n<!-- \/ Yoast SEO plugin. -->","yoast_head_json":{"title":"Syst\u00e8me d'alerte publique - Municipalit\u00e9 de Shawville Quebec","robots":{"index":"index","follow":"follow","max-snippet":"max-snippet:-1","max-image-preview":"max-image-preview:large","max-video-preview":"max-video-preview:-1"},"canonical":"https:\/\/shawville.ca\/fr\/residents\/systeme-dalerte-publique\/","og_locale":"fr_FR","og_type":"article","og_title":"Syst\u00e8me d'alerte publique - Municipalit\u00e9 de Shawville Quebec","og_description":"Le syst\u00e8me d&#8217;alerte publique de Shawville, aliment\u00e9 par Telmatik, joue un r\u00f4le crucial en assurant la s\u00e9curit\u00e9 et le bien-\u00eatre de ses r\u00e9sidents. Ce syst\u00e8me automatis\u00e9, sp\u00e9cialement con\u00e7u pour les villes et les municipalit\u00e9s, permet la diffusion rapide d&#8217;informations urgentes et non urgentes \u00e0 la communaut\u00e9. Les habitants peuvent recevoir des alertes concernant des situations &hellip;","og_url":"https:\/\/shawville.ca\/fr\/residents\/systeme-dalerte-publique\/","og_site_name":"Municipalit\u00e9 de Shawville Quebec","article_publisher":"https:\/\/www.facebook.com\/shawvillequebec","article_modified_time":"2024-03-26T00:34:16+00:00","og_image":[{"width":2000,"height":1334,"url":"https:\/\/shawville.ca\/wp-content\/uploads\/2023\/11\/public-alert-system.jpg","type":"image\/jpeg"}],"twitter_card":"summary_large_image","twitter_misc":{"Dur\u00e9e de lecture estim\u00e9e":"1 minute"},"schema":{"@context":"https:\/\/schema.org","@graph":[{"@type":"WebPage","@id":"https:\/\/shawville.ca\/fr\/residents\/systeme-dalerte-publique\/","url":"https:\/\/shawville.ca\/fr\/residents\/systeme-dalerte-publique\/","name":"Syst\u00e8me d'alerte publique - Municipalit\u00e9 de Shawville Quebec","isPartOf":{"@id":"https:\/\/shawville.ca\/fr\/#website"},"primaryImageOfPage":{"@id":"https:\/\/shawville.ca\/fr\/residents\/systeme-dalerte-publique\/#primaryimage"},"image":{"@id":"https:\/\/shawville.ca\/fr\/residents\/systeme-dalerte-publique\/#primaryimage"},"thumbnailUrl":"https:\/\/shawville.ca\/wp-content\/uploads\/2023\/11\/public-alert-system.jpg","datePublished":"2023-11-10T23:41:14+00:00","dateModified":"2024-03-26T00:34:16+00:00","breadcrumb":{"@id":"https:\/\/shawville.ca\/fr\/residents\/systeme-dalerte-publique\/#breadcrumb"},"inLanguage":"fr-FR","potentialAction":[{"@type":"ReadAction","target":["https:\/\/shawville.ca\/fr\/residents\/systeme-dalerte-publique\/"]}]},{"@type":"ImageObject","inLanguage":"fr-FR","@id":"https:\/\/shawville.ca\/fr\/residents\/systeme-dalerte-publique\/#primaryimage","url":"https:\/\/shawville.ca\/wp-content\/uploads\/2023\/11\/public-alert-system.jpg","contentUrl":"https:\/\/shawville.ca\/wp-content\/uploads\/2023\/11\/public-alert-system.jpg","width":2000,"height":1334,"caption":"Street loudspeaker megaphone mounted on the post with clear sky as copy space"},{"@type":"BreadcrumbList","@id":"https:\/\/shawville.ca\/fr\/residents\/systeme-dalerte-publique\/#breadcrumb","itemListElement":[{"@type":"ListItem","position":1,"name":"Home","item":"https:\/\/shawville.ca\/fr\/"},{"@type":"ListItem","position":2,"name":"R\u00e9sidents","item":"https:\/\/shawville.ca\/fr\/residents\/"},{"@type":"ListItem","position":3,"name":"Syst\u00e8me d&#8217;alerte publique"}]},{"@type":"WebSite","@id":"https:\/\/shawville.ca\/fr\/#website","url":"https:\/\/shawville.ca\/fr\/","name":"Municipality of Shawville Quebec","description":"Simplement Invitant","publisher":{"@id":"https:\/\/shawville.ca\/fr\/#organization"},"alternateName":"Shawville","potentialAction":[{"@type":"SearchAction","target":{"@type":"EntryPoint","urlTemplate":"https:\/\/shawville.ca\/fr\/?s={search_term_string}"},"query-input":{"@type":"PropertyValueSpecification","valueRequired":true,"valueName":"search_term_string"}}],"inLanguage":"fr-FR"},{"@type":"Organization","@id":"https:\/\/shawville.ca\/fr\/#organization","name":"The Municipality of Shawville","alternateName":"Shawville","url":"https:\/\/shawville.ca\/fr\/","logo":{"@type":"ImageObject","inLanguage":"fr-FR","@id":"https:\/\/shawville.ca\/fr\/#\/schema\/logo\/image\/","url":"https:\/\/shawville.ca\/wp-content\/uploads\/2023\/09\/shawville-quebec-footer-logo.png","contentUrl":"https:\/\/shawville.ca\/wp-content\/uploads\/2023\/09\/shawville-quebec-footer-logo.png","width":550,"height":550,"caption":"The Municipality of Shawville"},"image":{"@id":"https:\/\/shawville.ca\/fr\/#\/schema\/logo\/image\/"},"sameAs":["https:\/\/www.facebook.com\/shawvillequebec","https:\/\/www.instagram.com\/destination.pontiac\/","https:\/\/www.youtube.com\/channel\/UCsfXrrSPVm8eMca37PeSZYg","https:\/\/www.linkedin.com\/company\/mrc-pontiac\/"]}]}},"_links":{"self":[{"href":"https:\/\/shawville.ca\/fr\/wp-json\/wp\/v2\/pages\/167825","targetHints":{"allow":["GET"]}}],"collection":[{"href":"https:\/\/shawville.ca\/fr\/wp-json\/wp\/v2\/pages"}],"about":[{"href":"https:\/\/shawville.ca\/fr\/wp-json\/wp\/v2\/types\/page"}],"author":[{"embeddable":true,"href":"https:\/\/shawville.ca\/fr\/wp-json\/wp\/v2\/users\/1"}],"replies":[{"embeddable":true,"href":"https:\/\/shawville.ca\/fr\/wp-json\/wp\/v2\/comments?post=167825"}],"version-history":[{"count":5,"href":"https:\/\/shawville.ca\/fr\/wp-json\/wp\/v2\/pages\/167825\/revisions"}],"predecessor-version":[{"id":171029,"href":"https:\/\/shawville.ca\/fr\/wp-json\/wp\/v2\/pages\/167825\/revisions\/171029"}],"up":[{"embeddable":true,"href":"https:\/\/shawville.ca\/fr\/wp-json\/wp\/v2\/pages\/158287"}],"wp:featuredmedia":[{"embeddable":true,"href":"https:\/\/shawville.ca\/fr\/wp-json\/wp\/v2\/media\/167088"}],"wp:attachment":[{"href":"https:\/\/shawville.ca\/fr\/wp-json\/wp\/v2\/media?parent=167825"}],"curies":[{"name":"wp","href":"https:\/\/api.w.org\/{rel}","templated":true}]}}