{"id":168597,"date":"2024-01-25T09:16:15","date_gmt":"2024-01-25T14:16:15","guid":{"rendered":"https:\/\/shawville.ottawavalleymedia.ca\/residents\/police-emergency-services\/"},"modified":"2024-04-18T05:18:22","modified_gmt":"2024-04-18T09:18:22","slug":"police-emergency-services","status":"publish","type":"page","link":"https:\/\/shawville.ca\/fr\/residents\/police-emergency-services\/","title":{"rendered":"Police &#038; Emergency Services"},"content":{"rendered":"\t\t<div data-elementor-type=\"wp-page\" data-elementor-id=\"168597\" class=\"elementor elementor-168597 elementor-168589\" data-elementor-post-type=\"page\">\n\t\t\t\t<div class=\"elementor-element elementor-element-45e9ea73 e-flex e-con-boxed e-con e-parent\" data-id=\"45e9ea73\" data-element_type=\"container\" data-e-type=\"container\" data-settings=\"{&quot;background_background&quot;:&quot;classic&quot;}\">\n\t\t\t\t\t<div class=\"e-con-inner\">\n\t\t<div class=\"elementor-element elementor-element-7d594ceb e-flex e-con-boxed e-con e-child\" data-id=\"7d594ceb\" data-element_type=\"container\" data-e-type=\"container\" data-settings=\"{&quot;background_background&quot;:&quot;classic&quot;}\">\n\t\t\t\t\t<div class=\"e-con-inner\">\n\t\t<div class=\"elementor-element elementor-element-3d4f7a27 e-con-full e-flex e-con e-child\" data-id=\"3d4f7a27\" data-element_type=\"container\" data-e-type=\"container\">\n\t\t<div class=\"elementor-element elementor-element-1c59ed96 e-con-full e-flex e-con e-child\" data-id=\"1c59ed96\" data-element_type=\"container\" data-e-type=\"container\">\n\t\t\t\t<div class=\"elementor-element elementor-element-988586c elementor-widget elementor-widget-heading\" data-id=\"988586c\" data-element_type=\"widget\" data-e-type=\"widget\" data-widget_type=\"heading.default\">\n\t\t\t\t<div class=\"elementor-widget-container\">\n\t\t\t\t\t<h2 class=\"elementor-heading-title elementor-size-default\">Emergency 911<\/h2>\t\t\t\t<\/div>\n\t\t\t\t<\/div>\n\t\t\t\t<div class=\"elementor-element elementor-element-b1ee079 elementor-widget elementor-widget-text-editor\" data-id=\"b1ee079\" data-element_type=\"widget\" data-e-type=\"widget\" data-widget_type=\"text-editor.default\">\n\t\t\t\t<div class=\"elementor-widget-container\">\n\t\t\t\t\t\t\t\t\t<h4>To reach the police, ambulance or fire services, dial 911.<\/h4><p><em>The 911 call centre will contact one or more of the services depending on the response required.<\/em><\/p>\t\t\t\t\t\t\t\t<\/div>\n\t\t\t\t<\/div>\n\t\t\t\t<div class=\"elementor-element elementor-element-ab337cb elementor-widget elementor-widget-heading\" data-id=\"ab337cb\" data-element_type=\"widget\" data-e-type=\"widget\" data-widget_type=\"heading.default\">\n\t\t\t\t<div class=\"elementor-widget-container\">\n\t\t\t\t\t<h2 class=\"elementor-heading-title elementor-size-default\">Police<\/h2>\t\t\t\t<\/div>\n\t\t\t\t<\/div>\n\t\t\t\t<div class=\"elementor-element elementor-element-b5d85b2 elementor-widget elementor-widget-text-editor\" data-id=\"b5d85b2\" data-element_type=\"widget\" data-e-type=\"widget\" data-widget_type=\"text-editor.default\">\n\t\t\t\t<div class=\"elementor-widget-container\">\n\t\t\t\t\t\t\t\t\t<p>The municipality of Shawville is protected by the S\u00fbret\u00e9 du Qu\u00e9bec (Campbell\u2019s Bay Detachment). For non-emergency calls, for example to report excessive noise or speed in the neighbourhood, contact the\u00a0<em>S\u00fbret\u00e9 du Qu\u00e9bec<\/em>\u00a0at 819-648-4141.<\/p>\t\t\t\t\t\t\t\t<\/div>\n\t\t\t\t<\/div>\n\t\t\t\t<div class=\"elementor-element elementor-element-eeb770b elementor-widget elementor-widget-text-editor\" data-id=\"eeb770b\" data-element_type=\"widget\" data-e-type=\"widget\" data-widget_type=\"text-editor.default\">\n\t\t\t\t<div class=\"elementor-widget-container\">\n\t\t\t\t\t\t\t\t\t<p><strong>S\u00dbRET\u00c9 DU QU\u00c9BEC (CAMPBELL\u2019S BAY)<\/strong><\/p><p>1320 Hwy 148<br \/>Campbell\u2019s Bay, J0X 1K0<br \/>Tel. 819 648-2141 \u00a0\u00a0|\u00a0\u00a0Fax 819 648-2831<\/p>\t\t\t\t\t\t\t\t<\/div>\n\t\t\t\t<\/div>\n\t\t\t\t<div class=\"elementor-element elementor-element-a109f2d elementor-widget elementor-widget-heading\" data-id=\"a109f2d\" data-element_type=\"widget\" data-e-type=\"widget\" data-widget_type=\"heading.default\">\n\t\t\t\t<div class=\"elementor-widget-container\">\n\t\t\t\t\t<h2 class=\"elementor-heading-title elementor-size-default\">Fire<\/h2>\t\t\t\t<\/div>\n\t\t\t\t<\/div>\n\t\t\t\t<div class=\"elementor-element elementor-element-dec6d61 elementor-widget elementor-widget-text-editor\" data-id=\"dec6d61\" data-element_type=\"widget\" data-e-type=\"widget\" data-widget_type=\"text-editor.default\">\n\t\t\t\t<div class=\"elementor-widget-container\">\n\t\t\t\t\t\t\t\t\t<p>Public protection is provided by the\u00a0<a href=\"https:\/\/shawville.ca\/residents\/fire-department\/\">Shawville-Clarendon Fire Department<\/a>.<\/p>\t\t\t\t\t\t\t\t<\/div>\n\t\t\t\t<\/div>\n\t\t\t\t<\/div>\n\t\t<div class=\"elementor-element elementor-element-6be7d0b4 e-con-full e-flex e-con e-child\" data-id=\"6be7d0b4\" data-element_type=\"container\" data-e-type=\"container\">\n\t\t\t\t<div class=\"elementor-element elementor-element-2bd9d7e elementor-widget elementor-widget-heading\" data-id=\"2bd9d7e\" data-element_type=\"widget\" data-e-type=\"widget\" data-widget_type=\"heading.default\">\n\t\t\t\t<div class=\"elementor-widget-container\">\n\t\t\t\t\t<h2 class=\"elementor-heading-title elementor-size-default\">Other Important Numbers<\/h2>\t\t\t\t<\/div>\n\t\t\t\t<\/div>\n\t\t\t\t<div class=\"elementor-element elementor-element-3759da3 elementor-widget elementor-widget-text-editor\" data-id=\"3759da3\" data-element_type=\"widget\" data-e-type=\"widget\" data-widget_type=\"text-editor.default\">\n\t\t\t\t<div class=\"elementor-widget-container\">\n\t\t\t\t\t\t\t\t\t<ul><li><strong>Shawville Hospital:<\/strong> 819-647-2211<\/li><li><strong>Centre antipoison du Qu\u00e9bec:<\/strong> 1-800-463-5060<\/li><li><strong>Health Information:<\/strong> 8-1-1<\/li><li><strong>Info-Social:<\/strong> 8-1-1 (option 2) (SOS Suicide, etc.)<\/li><li><strong>Youth Protection:<\/strong> 1-800-567-6810 (around the clock)<\/li><li><strong>SPCA West, Quebec:<\/strong> (Aylmer) 819-770-7722<\/li><li><strong>Parents Anonymous:\u00a0<\/strong>1 800-361-5085<\/li><li><strong>Centre de pr\u00e9vention du suicide de Qu\u00e9bec:\u00a0<\/strong>1-866-277-3553<\/li><li><strong>Violence Conjugale (S.O.S.):<\/strong> 1-800-363-9010<\/li><\/ul>\t\t\t\t\t\t\t\t<\/div>\n\t\t\t\t<\/div>\n\t\t\t\t<\/div>\n\t\t\t\t<\/div>\n\t\t\t\t\t<\/div>\n\t\t\t\t<\/div>\n\t\t\t\t\t<\/div>\n\t\t\t\t<\/div>\n\t\t\t\t<\/div>\n\t\t","protected":false},"excerpt":{"rendered":"<p>Emergency 911 To reach the police, ambulance or fire services, dial 911. The 911 call centre will contact one or more of the services depending on the response required. Police The municipality of Shawville is protected by the S\u00fbret\u00e9 du Qu\u00e9bec (Campbell\u2019s Bay Detachment). For non-emergency calls, for example to report excessive noise or speed &hellip;<\/p>\n","protected":false},"author":1,"featured_media":168591,"parent":158287,"menu_order":0,"comment_status":"closed","ping_status":"closed","template":"","meta":{"_acf_changed":false,"footnotes":""},"class_list":["post-168597","page","type-page","status-publish","has-post-thumbnail","hentry"],"acf":[],"ams_acf":[],"yoast_head":"<!-- This site is optimized with the Yoast SEO plugin v27.3 - https:\/\/yoast.com\/product\/yoast-seo-wordpress\/ -->\n<title>Police &amp; Emergency Services - Municipalit\u00e9 de Shawville Quebec<\/title>\n<meta name=\"robots\" content=\"index, follow, max-snippet:-1, max-image-preview:large, max-video-preview:-1\" \/>\n<link rel=\"canonical\" href=\"https:\/\/shawville.ca\/fr\/residents\/police-emergency-services\/\" \/>\n<meta property=\"og:locale\" content=\"fr_FR\" \/>\n<meta property=\"og:type\" content=\"article\" \/>\n<meta property=\"og:title\" content=\"Police &amp; Emergency Services - Municipalit\u00e9 de Shawville Quebec\" \/>\n<meta property=\"og:description\" content=\"Emergency 911 To reach the police, ambulance or fire services, dial 911. The 911 call centre will contact one or more of the services depending on the response required. Police The municipality of Shawville is protected by the S\u00fbret\u00e9 du Qu\u00e9bec (Campbell\u2019s Bay Detachment). For non-emergency calls, for example to report excessive noise or speed &hellip;\" \/>\n<meta property=\"og:url\" content=\"https:\/\/shawville.ca\/fr\/residents\/police-emergency-services\/\" \/>\n<meta property=\"og:site_name\" content=\"Municipalit\u00e9 de Shawville Quebec\" \/>\n<meta property=\"article:publisher\" content=\"https:\/\/www.facebook.com\/shawvillequebec\" \/>\n<meta property=\"article:modified_time\" content=\"2024-04-18T09:18:22+00:00\" \/>\n<meta property=\"og:image\" content=\"https:\/\/shawville.ca\/wp-content\/uploads\/2024\/01\/police-and-emergency-services.jpg\" \/>\n\t<meta property=\"og:image:width\" content=\"2000\" \/>\n\t<meta property=\"og:image:height\" content=\"1333\" \/>\n\t<meta property=\"og:image:type\" content=\"image\/jpeg\" \/>\n<meta name=\"twitter:card\" content=\"summary_large_image\" \/>\n<meta name=\"twitter:label1\" content=\"Dur\u00e9e de lecture estim\u00e9e\" \/>\n\t<meta name=\"twitter:data1\" content=\"1 minute\" \/>\n<script type=\"application\/ld+json\" class=\"yoast-schema-graph\">{\"@context\":\"https:\\\/\\\/schema.org\",\"@graph\":[{\"@type\":\"WebPage\",\"@id\":\"https:\\\/\\\/shawville.ca\\\/fr\\\/residents\\\/police-emergency-services\\\/\",\"url\":\"https:\\\/\\\/shawville.ca\\\/fr\\\/residents\\\/police-emergency-services\\\/\",\"name\":\"Police & Emergency Services - Municipalit\u00e9 de Shawville Quebec\",\"isPartOf\":{\"@id\":\"https:\\\/\\\/shawville.ca\\\/fr\\\/#website\"},\"primaryImageOfPage\":{\"@id\":\"https:\\\/\\\/shawville.ca\\\/fr\\\/residents\\\/police-emergency-services\\\/#primaryimage\"},\"image\":{\"@id\":\"https:\\\/\\\/shawville.ca\\\/fr\\\/residents\\\/police-emergency-services\\\/#primaryimage\"},\"thumbnailUrl\":\"https:\\\/\\\/shawville.ca\\\/wp-content\\\/uploads\\\/2024\\\/01\\\/police-and-emergency-services.jpg\",\"datePublished\":\"2024-01-25T14:16:15+00:00\",\"dateModified\":\"2024-04-18T09:18:22+00:00\",\"breadcrumb\":{\"@id\":\"https:\\\/\\\/shawville.ca\\\/fr\\\/residents\\\/police-emergency-services\\\/#breadcrumb\"},\"inLanguage\":\"fr-FR\",\"potentialAction\":[{\"@type\":\"ReadAction\",\"target\":[\"https:\\\/\\\/shawville.ca\\\/fr\\\/residents\\\/police-emergency-services\\\/\"]}]},{\"@type\":\"ImageObject\",\"inLanguage\":\"fr-FR\",\"@id\":\"https:\\\/\\\/shawville.ca\\\/fr\\\/residents\\\/police-emergency-services\\\/#primaryimage\",\"url\":\"https:\\\/\\\/shawville.ca\\\/wp-content\\\/uploads\\\/2024\\\/01\\\/police-and-emergency-services.jpg\",\"contentUrl\":\"https:\\\/\\\/shawville.ca\\\/wp-content\\\/uploads\\\/2024\\\/01\\\/police-and-emergency-services.jpg\",\"width\":2000,\"height\":1333,\"caption\":\"Siren light on roof of police car at street. Themes crime, emergency and help.\"},{\"@type\":\"BreadcrumbList\",\"@id\":\"https:\\\/\\\/shawville.ca\\\/fr\\\/residents\\\/police-emergency-services\\\/#breadcrumb\",\"itemListElement\":[{\"@type\":\"ListItem\",\"position\":1,\"name\":\"Home\",\"item\":\"https:\\\/\\\/shawville.ca\\\/fr\\\/\"},{\"@type\":\"ListItem\",\"position\":2,\"name\":\"R\u00e9sidents\",\"item\":\"https:\\\/\\\/shawville.ca\\\/fr\\\/residents\\\/\"},{\"@type\":\"ListItem\",\"position\":3,\"name\":\"Police &#038; Emergency Services\"}]},{\"@type\":\"WebSite\",\"@id\":\"https:\\\/\\\/shawville.ca\\\/fr\\\/#website\",\"url\":\"https:\\\/\\\/shawville.ca\\\/fr\\\/\",\"name\":\"Municipality of Shawville Quebec\",\"description\":\"Simplement Invitant\",\"publisher\":{\"@id\":\"https:\\\/\\\/shawville.ca\\\/fr\\\/#organization\"},\"alternateName\":\"Shawville\",\"potentialAction\":[{\"@type\":\"SearchAction\",\"target\":{\"@type\":\"EntryPoint\",\"urlTemplate\":\"https:\\\/\\\/shawville.ca\\\/fr\\\/?s={search_term_string}\"},\"query-input\":{\"@type\":\"PropertyValueSpecification\",\"valueRequired\":true,\"valueName\":\"search_term_string\"}}],\"inLanguage\":\"fr-FR\"},{\"@type\":\"Organization\",\"@id\":\"https:\\\/\\\/shawville.ca\\\/fr\\\/#organization\",\"name\":\"The Municipality of Shawville\",\"alternateName\":\"Shawville\",\"url\":\"https:\\\/\\\/shawville.ca\\\/fr\\\/\",\"logo\":{\"@type\":\"ImageObject\",\"inLanguage\":\"fr-FR\",\"@id\":\"https:\\\/\\\/shawville.ca\\\/fr\\\/#\\\/schema\\\/logo\\\/image\\\/\",\"url\":\"https:\\\/\\\/shawville.ca\\\/wp-content\\\/uploads\\\/2023\\\/09\\\/shawville-quebec-footer-logo.png\",\"contentUrl\":\"https:\\\/\\\/shawville.ca\\\/wp-content\\\/uploads\\\/2023\\\/09\\\/shawville-quebec-footer-logo.png\",\"width\":550,\"height\":550,\"caption\":\"The Municipality of Shawville\"},\"image\":{\"@id\":\"https:\\\/\\\/shawville.ca\\\/fr\\\/#\\\/schema\\\/logo\\\/image\\\/\"},\"sameAs\":[\"https:\\\/\\\/www.facebook.com\\\/shawvillequebec\",\"https:\\\/\\\/www.instagram.com\\\/destination.pontiac\\\/\",\"https:\\\/\\\/www.youtube.com\\\/channel\\\/UCsfXrrSPVm8eMca37PeSZYg\",\"https:\\\/\\\/www.linkedin.com\\\/company\\\/mrc-pontiac\\\/\"]}]}<\/script>\n<!-- \/ Yoast SEO plugin. -->","yoast_head_json":{"title":"Police & Emergency Services - Municipalit\u00e9 de Shawville Quebec","robots":{"index":"index","follow":"follow","max-snippet":"max-snippet:-1","max-image-preview":"max-image-preview:large","max-video-preview":"max-video-preview:-1"},"canonical":"https:\/\/shawville.ca\/fr\/residents\/police-emergency-services\/","og_locale":"fr_FR","og_type":"article","og_title":"Police & Emergency Services - Municipalit\u00e9 de Shawville Quebec","og_description":"Emergency 911 To reach the police, ambulance or fire services, dial 911. The 911 call centre will contact one or more of the services depending on the response required. Police The municipality of Shawville is protected by the S\u00fbret\u00e9 du Qu\u00e9bec (Campbell\u2019s Bay Detachment). For non-emergency calls, for example to report excessive noise or speed &hellip;","og_url":"https:\/\/shawville.ca\/fr\/residents\/police-emergency-services\/","og_site_name":"Municipalit\u00e9 de Shawville Quebec","article_publisher":"https:\/\/www.facebook.com\/shawvillequebec","article_modified_time":"2024-04-18T09:18:22+00:00","og_image":[{"width":2000,"height":1333,"url":"https:\/\/shawville.ca\/wp-content\/uploads\/2024\/01\/police-and-emergency-services.jpg","type":"image\/jpeg"}],"twitter_card":"summary_large_image","twitter_misc":{"Dur\u00e9e de lecture estim\u00e9e":"1 minute"},"schema":{"@context":"https:\/\/schema.org","@graph":[{"@type":"WebPage","@id":"https:\/\/shawville.ca\/fr\/residents\/police-emergency-services\/","url":"https:\/\/shawville.ca\/fr\/residents\/police-emergency-services\/","name":"Police & Emergency Services - Municipalit\u00e9 de Shawville Quebec","isPartOf":{"@id":"https:\/\/shawville.ca\/fr\/#website"},"primaryImageOfPage":{"@id":"https:\/\/shawville.ca\/fr\/residents\/police-emergency-services\/#primaryimage"},"image":{"@id":"https:\/\/shawville.ca\/fr\/residents\/police-emergency-services\/#primaryimage"},"thumbnailUrl":"https:\/\/shawville.ca\/wp-content\/uploads\/2024\/01\/police-and-emergency-services.jpg","datePublished":"2024-01-25T14:16:15+00:00","dateModified":"2024-04-18T09:18:22+00:00","breadcrumb":{"@id":"https:\/\/shawville.ca\/fr\/residents\/police-emergency-services\/#breadcrumb"},"inLanguage":"fr-FR","potentialAction":[{"@type":"ReadAction","target":["https:\/\/shawville.ca\/fr\/residents\/police-emergency-services\/"]}]},{"@type":"ImageObject","inLanguage":"fr-FR","@id":"https:\/\/shawville.ca\/fr\/residents\/police-emergency-services\/#primaryimage","url":"https:\/\/shawville.ca\/wp-content\/uploads\/2024\/01\/police-and-emergency-services.jpg","contentUrl":"https:\/\/shawville.ca\/wp-content\/uploads\/2024\/01\/police-and-emergency-services.jpg","width":2000,"height":1333,"caption":"Siren light on roof of police car at street. Themes crime, emergency and help."},{"@type":"BreadcrumbList","@id":"https:\/\/shawville.ca\/fr\/residents\/police-emergency-services\/#breadcrumb","itemListElement":[{"@type":"ListItem","position":1,"name":"Home","item":"https:\/\/shawville.ca\/fr\/"},{"@type":"ListItem","position":2,"name":"R\u00e9sidents","item":"https:\/\/shawville.ca\/fr\/residents\/"},{"@type":"ListItem","position":3,"name":"Police &#038; Emergency Services"}]},{"@type":"WebSite","@id":"https:\/\/shawville.ca\/fr\/#website","url":"https:\/\/shawville.ca\/fr\/","name":"Municipality of Shawville Quebec","description":"Simplement Invitant","publisher":{"@id":"https:\/\/shawville.ca\/fr\/#organization"},"alternateName":"Shawville","potentialAction":[{"@type":"SearchAction","target":{"@type":"EntryPoint","urlTemplate":"https:\/\/shawville.ca\/fr\/?s={search_term_string}"},"query-input":{"@type":"PropertyValueSpecification","valueRequired":true,"valueName":"search_term_string"}}],"inLanguage":"fr-FR"},{"@type":"Organization","@id":"https:\/\/shawville.ca\/fr\/#organization","name":"The Municipality of Shawville","alternateName":"Shawville","url":"https:\/\/shawville.ca\/fr\/","logo":{"@type":"ImageObject","inLanguage":"fr-FR","@id":"https:\/\/shawville.ca\/fr\/#\/schema\/logo\/image\/","url":"https:\/\/shawville.ca\/wp-content\/uploads\/2023\/09\/shawville-quebec-footer-logo.png","contentUrl":"https:\/\/shawville.ca\/wp-content\/uploads\/2023\/09\/shawville-quebec-footer-logo.png","width":550,"height":550,"caption":"The Municipality of Shawville"},"image":{"@id":"https:\/\/shawville.ca\/fr\/#\/schema\/logo\/image\/"},"sameAs":["https:\/\/www.facebook.com\/shawvillequebec","https:\/\/www.instagram.com\/destination.pontiac\/","https:\/\/www.youtube.com\/channel\/UCsfXrrSPVm8eMca37PeSZYg","https:\/\/www.linkedin.com\/company\/mrc-pontiac\/"]}]}},"_links":{"self":[{"href":"https:\/\/shawville.ca\/fr\/wp-json\/wp\/v2\/pages\/168597","targetHints":{"allow":["GET"]}}],"collection":[{"href":"https:\/\/shawville.ca\/fr\/wp-json\/wp\/v2\/pages"}],"about":[{"href":"https:\/\/shawville.ca\/fr\/wp-json\/wp\/v2\/types\/page"}],"author":[{"embeddable":true,"href":"https:\/\/shawville.ca\/fr\/wp-json\/wp\/v2\/users\/1"}],"replies":[{"embeddable":true,"href":"https:\/\/shawville.ca\/fr\/wp-json\/wp\/v2\/comments?post=168597"}],"version-history":[{"count":5,"href":"https:\/\/shawville.ca\/fr\/wp-json\/wp\/v2\/pages\/168597\/revisions"}],"predecessor-version":[{"id":171450,"href":"https:\/\/shawville.ca\/fr\/wp-json\/wp\/v2\/pages\/168597\/revisions\/171450"}],"up":[{"embeddable":true,"href":"https:\/\/shawville.ca\/fr\/wp-json\/wp\/v2\/pages\/158287"}],"wp:featuredmedia":[{"embeddable":true,"href":"https:\/\/shawville.ca\/fr\/wp-json\/wp\/v2\/media\/168591"}],"wp:attachment":[{"href":"https:\/\/shawville.ca\/fr\/wp-json\/wp\/v2\/media?parent=168597"}],"curies":[{"name":"wp","href":"https:\/\/api.w.org\/{rel}","templated":true}]}}