{"id":169722,"date":"2024-02-11T16:15:00","date_gmt":"2024-02-11T21:15:00","guid":{"rendered":"https:\/\/shawville.ottawavalleymedia.ca\/residents\/shawville-arena-fairgrounds\/"},"modified":"2025-11-24T09:26:09","modified_gmt":"2025-11-24T14:26:09","slug":"arene-et-champ-de-foire-de-shawville","status":"publish","type":"page","link":"https:\/\/shawville.ca\/fr\/residents\/arene-et-champ-de-foire-de-shawville\/","title":{"rendered":"Ar\u00e8ne et champ de foire de Shawville"},"content":{"rendered":"\t\t<div data-elementor-type=\"wp-page\" data-elementor-id=\"169722\" class=\"elementor elementor-169722 elementor-169428\" data-elementor-post-type=\"page\">\n\t\t\t\t<div class=\"elementor-element elementor-element-85c1c9d e-flex e-con-boxed e-con e-parent\" data-id=\"85c1c9d\" data-element_type=\"container\" data-e-type=\"container\" data-settings=\"{&quot;background_background&quot;:&quot;classic&quot;}\">\n\t\t\t\t\t<div class=\"e-con-inner\">\n\t\t<div class=\"elementor-element elementor-element-980d5ee e-flex e-con-boxed e-con e-child\" data-id=\"980d5ee\" data-element_type=\"container\" data-e-type=\"container\" data-settings=\"{&quot;background_background&quot;:&quot;classic&quot;}\">\n\t\t\t\t\t<div class=\"e-con-inner\">\n\t\t<div class=\"elementor-element elementor-element-7fc9e8c e-con-full e-flex e-con e-child\" data-id=\"7fc9e8c\" data-element_type=\"container\" data-e-type=\"container\">\n\t\t<div class=\"elementor-element elementor-element-74ce8f2 e-con-full e-flex e-con e-child\" data-id=\"74ce8f2\" data-element_type=\"container\" data-e-type=\"container\">\n\t\t\t\t<div class=\"elementor-element elementor-element-b67fd77 elementor-widget elementor-widget-text-editor\" data-id=\"b67fd77\" data-element_type=\"widget\" data-e-type=\"widget\" data-widget_type=\"text-editor.default\">\n\t\t\t\t<div class=\"elementor-widget-container\">\n\t\t\t\t\t\t\t\t\t<p><span style=\"font-weight: 400;\">L\u2019ar\u00e9na et le champ de foire de Shawville sont au c\u0153ur de la vie r\u00e9cr\u00e9ative et communautaire de la ville, offrant des espaces pour une gamme d\u2019activit\u00e9s au-del\u00e0 des sports de glace. Ce lieu polyvalent s\u2019adapte aux \u00e9v\u00e9nements saisonniers, y compris la c\u00e9l\u00e8bre Foire de Shawville, am\u00e9liorant le tissu social de la communaut\u00e9 et offrant un lieu de rassemblement pour les r\u00e9sidents et les visiteurs.<\/span><\/p>\t\t\t\t\t\t\t\t<\/div>\n\t\t\t\t<\/div>\n\t\t\t\t<div class=\"elementor-element elementor-element-e3c7764 elementor-widget elementor-widget-text-editor\" data-id=\"e3c7764\" data-element_type=\"widget\" data-e-type=\"widget\" data-widget_type=\"text-editor.default\">\n\t\t\t\t<div class=\"elementor-widget-container\">\n\t\t\t\t\t\t\t\t\t<h2><img fetchpriority=\"high\" decoding=\"async\" class=\"size-full wp-image-169438 alignright\" src=\"https:\/\/shawville.ca\/wp-content\/uploads\/2024\/02\/pontiac-lions-logo.jpg\" alt=\"Pontiac Lions\" width=\"237\" height=\"213\" \/>Association\u00a0 de Hockey Mineur<\/h2><p>Le hockey mineur est organis\u00e9 et exploit\u00e9 par l\u2019Association de hockey mineur de Shawville et du district, pour les enfants de 4 ans et plus.<\/p><p>Trouvez-les en ligne \u00e0 l&#8217;adresse <a href=\"http:\/\/www.sdmha.ca\"><b>www.sdmha.ca<\/b><\/a>\u00a0<\/p>\t\t\t\t\t\t\t\t<\/div>\n\t\t\t\t<\/div>\n\t\t\t\t<div class=\"elementor-element elementor-element-c9b9aa9 elementor-widget elementor-widget-text-editor\" data-id=\"c9b9aa9\" data-element_type=\"widget\" data-e-type=\"widget\" data-widget_type=\"text-editor.default\">\n\t\t\t\t<div class=\"elementor-widget-container\">\n\t\t\t\t\t\t\t\t\t<h2><img decoding=\"async\" class=\"alignright\" src=\"https:\/\/shawville.ca\/wp-content\/uploads\/2024\/08\/figure-skating-club.webp\" alt=\"Figure Skating Club\" width=\"200\" height=\"200\" \/>Club de Patinage Artistique de Shawville<\/h2><p>Le CPAS est un groupe d\u00e9vou\u00e9 de parents b\u00e9n\u00e9voles qui impliquent la communaut\u00e9 \u00e9largie chaque fois que possible pour organiser des \u00e9v\u00e9nements et des collectes de fonds pour les enfants.<\/p><p>Retrouvez-les en ligne sur <a href=\"https:\/\/www.cpashawvillefigureskatingclub.com\" target=\"_blank\" rel=\"noopener\"><strong>cpashawvillefigureskatingclub.com.<\/strong><\/a><\/p>\t\t\t\t\t\t\t\t<\/div>\n\t\t\t\t<\/div>\n\t\t\t\t<\/div>\n\t\t<div class=\"elementor-element elementor-element-7c49a85 e-con-full e-flex e-con e-child\" data-id=\"7c49a85\" data-element_type=\"container\" data-e-type=\"container\">\n\t\t\t\t<div class=\"elementor-element elementor-element-a6b0ba7 elementor-widget elementor-widget-text-editor\" data-id=\"a6b0ba7\" data-element_type=\"widget\" data-e-type=\"widget\" data-widget_type=\"text-editor.default\">\n\t\t\t\t<div class=\"elementor-widget-container\">\n\t\t\t\t\t\t\t\t\t<h2>Patinage public \u00e0 l&#8217;Arena<\/h2><ul><li>mardi &#8211; 16:30 \u00e0 17:30<\/li><li>samedi &#8211; 18:00 \u00e0 19:00<\/li><\/ul><p>\u00a0Le patinage public est gratuit gr\u00e2ce \u00e0 la g\u00e9n\u00e9rosit\u00e9 du Rotary Club de Shawville les mardis et du Club Lions de Shawville les samedis.<\/p><h2>Patinage pour les a\u00een\u00e9s, les mamans et les tout-petits<\/h2><ul><li>mardi &#8211; 14:30 \u00e0 15:30<\/li><\/ul><p><strong><br \/><\/strong>A\u00een\u00e9s, mamans et tout-petits est gratuit\u00a0<\/p>\t\t\t\t\t\t\t\t<\/div>\n\t\t\t\t<\/div>\n\t\t\t\t<div class=\"elementor-element elementor-element-09dc6bd elementor-widget elementor-widget-text-editor\" data-id=\"09dc6bd\" data-element_type=\"widget\" data-e-type=\"widget\" data-widget_type=\"text-editor.default\">\n\t\t\t\t<div class=\"elementor-widget-container\">\n\t\t\t\t\t\t\t\t\t<h2>Ar\u00e9na disponible pour la location<\/h2><p>Pour r\u00e9server l&#8217;ar\u00e9na pour du temps de glace, contactez le 819-647-3801 ou envoyez votre demande par courriel \u00e0 <a href=\"mailto:shawvillearena@gmail.com\">shawvillearena@gmail.com<\/a>.<\/p>\t\t\t\t\t\t\t\t<\/div>\n\t\t\t\t<\/div>\n\t\t\t\t<\/div>\n\t\t\t\t<\/div>\n\t\t\t\t<div class=\"elementor-element elementor-element-cd14ba4 elementor-widget__width-initial elementor-absolute elementor-widget elementor-widget-heading\" data-id=\"cd14ba4\" data-element_type=\"widget\" data-e-type=\"widget\" data-settings=\"{&quot;_position&quot;:&quot;absolute&quot;}\" data-widget_type=\"heading.default\">\n\t\t\t\t<div class=\"elementor-widget-container\">\n\t\t\t\t\t<h2 class=\"elementor-heading-title elementor-size-default\">.<\/h2>\t\t\t\t<\/div>\n\t\t\t\t<\/div>\n\t\t\t\t\t<\/div>\n\t\t\t\t<\/div>\n\t\t\t\t\t<\/div>\n\t\t\t\t<\/div>\n\t\t\t\t<\/div>\n\t\t","protected":false},"excerpt":{"rendered":"<p>L\u2019ar\u00e9na et le champ de foire de Shawville sont au c\u0153ur de la vie r\u00e9cr\u00e9ative et communautaire de la ville, offrant des espaces pour une gamme d\u2019activit\u00e9s au-del\u00e0 des sports de glace. Ce lieu polyvalent s\u2019adapte aux \u00e9v\u00e9nements saisonniers, y compris la c\u00e9l\u00e8bre Foire de Shawville, am\u00e9liorant le tissu social de la communaut\u00e9 et offrant &hellip;<\/p>\n","protected":false},"author":1,"featured_media":166635,"parent":158287,"menu_order":0,"comment_status":"closed","ping_status":"closed","template":"","meta":{"_acf_changed":false,"footnotes":""},"class_list":["post-169722","page","type-page","status-publish","has-post-thumbnail","hentry"],"acf":[],"ams_acf":[],"yoast_head":"<!-- This site is optimized with the Yoast SEO plugin v27.3 - https:\/\/yoast.com\/product\/yoast-seo-wordpress\/ -->\n<title>Ar\u00e8ne et champ de foire de Shawville - Municipalit\u00e9 de Shawville Quebec<\/title>\n<meta name=\"robots\" content=\"index, follow, max-snippet:-1, max-image-preview:large, max-video-preview:-1\" \/>\n<link rel=\"canonical\" href=\"https:\/\/shawville.ca\/fr\/residents\/arene-et-champ-de-foire-de-shawville\/\" \/>\n<meta property=\"og:locale\" content=\"fr_FR\" \/>\n<meta property=\"og:type\" content=\"article\" \/>\n<meta property=\"og:title\" content=\"Ar\u00e8ne et champ de foire de Shawville - Municipalit\u00e9 de Shawville Quebec\" \/>\n<meta property=\"og:description\" content=\"L\u2019ar\u00e9na et le champ de foire de Shawville sont au c\u0153ur de la vie r\u00e9cr\u00e9ative et communautaire de la ville, offrant des espaces pour une gamme d\u2019activit\u00e9s au-del\u00e0 des sports de glace. Ce lieu polyvalent s\u2019adapte aux \u00e9v\u00e9nements saisonniers, y compris la c\u00e9l\u00e8bre Foire de Shawville, am\u00e9liorant le tissu social de la communaut\u00e9 et offrant &hellip;\" \/>\n<meta property=\"og:url\" content=\"https:\/\/shawville.ca\/fr\/residents\/arene-et-champ-de-foire-de-shawville\/\" \/>\n<meta property=\"og:site_name\" content=\"Municipalit\u00e9 de Shawville Quebec\" \/>\n<meta property=\"article:publisher\" content=\"https:\/\/www.facebook.com\/shawvillequebec\" \/>\n<meta property=\"article:modified_time\" content=\"2025-11-24T14:26:09+00:00\" \/>\n<meta property=\"og:image\" content=\"https:\/\/shawville.ca\/wp-content\/uploads\/2023\/09\/DJI_0002-scaled.jpg\" \/>\n\t<meta property=\"og:image:width\" content=\"2560\" \/>\n\t<meta property=\"og:image:height\" content=\"1920\" \/>\n\t<meta property=\"og:image:type\" content=\"image\/jpeg\" \/>\n<meta name=\"twitter:card\" content=\"summary_large_image\" \/>\n<meta name=\"twitter:label1\" content=\"Dur\u00e9e de lecture estim\u00e9e\" \/>\n\t<meta name=\"twitter:data1\" content=\"2 minutes\" \/>\n<script type=\"application\/ld+json\" class=\"yoast-schema-graph\">{\"@context\":\"https:\\\/\\\/schema.org\",\"@graph\":[{\"@type\":\"WebPage\",\"@id\":\"https:\\\/\\\/shawville.ca\\\/fr\\\/residents\\\/arene-et-champ-de-foire-de-shawville\\\/\",\"url\":\"https:\\\/\\\/shawville.ca\\\/fr\\\/residents\\\/arene-et-champ-de-foire-de-shawville\\\/\",\"name\":\"Ar\u00e8ne et champ de foire de Shawville - Municipalit\u00e9 de Shawville Quebec\",\"isPartOf\":{\"@id\":\"https:\\\/\\\/shawville.ca\\\/fr\\\/#website\"},\"primaryImageOfPage\":{\"@id\":\"https:\\\/\\\/shawville.ca\\\/fr\\\/residents\\\/arene-et-champ-de-foire-de-shawville\\\/#primaryimage\"},\"image\":{\"@id\":\"https:\\\/\\\/shawville.ca\\\/fr\\\/residents\\\/arene-et-champ-de-foire-de-shawville\\\/#primaryimage\"},\"thumbnailUrl\":\"https:\\\/\\\/shawville.ca\\\/wp-content\\\/uploads\\\/2023\\\/09\\\/DJI_0002-scaled.jpg\",\"datePublished\":\"2024-02-11T21:15:00+00:00\",\"dateModified\":\"2025-11-24T14:26:09+00:00\",\"breadcrumb\":{\"@id\":\"https:\\\/\\\/shawville.ca\\\/fr\\\/residents\\\/arene-et-champ-de-foire-de-shawville\\\/#breadcrumb\"},\"inLanguage\":\"fr-FR\",\"potentialAction\":[{\"@type\":\"ReadAction\",\"target\":[\"https:\\\/\\\/shawville.ca\\\/fr\\\/residents\\\/arene-et-champ-de-foire-de-shawville\\\/\"]}]},{\"@type\":\"ImageObject\",\"inLanguage\":\"fr-FR\",\"@id\":\"https:\\\/\\\/shawville.ca\\\/fr\\\/residents\\\/arene-et-champ-de-foire-de-shawville\\\/#primaryimage\",\"url\":\"https:\\\/\\\/shawville.ca\\\/wp-content\\\/uploads\\\/2023\\\/09\\\/DJI_0002-scaled.jpg\",\"contentUrl\":\"https:\\\/\\\/shawville.ca\\\/wp-content\\\/uploads\\\/2023\\\/09\\\/DJI_0002-scaled.jpg\",\"width\":2560,\"height\":1920,\"caption\":\"DCIM100MEDIADJI_0002.JPG\"},{\"@type\":\"BreadcrumbList\",\"@id\":\"https:\\\/\\\/shawville.ca\\\/fr\\\/residents\\\/arene-et-champ-de-foire-de-shawville\\\/#breadcrumb\",\"itemListElement\":[{\"@type\":\"ListItem\",\"position\":1,\"name\":\"Home\",\"item\":\"https:\\\/\\\/shawville.ca\\\/fr\\\/\"},{\"@type\":\"ListItem\",\"position\":2,\"name\":\"R\u00e9sidents\",\"item\":\"https:\\\/\\\/shawville.ca\\\/fr\\\/residents\\\/\"},{\"@type\":\"ListItem\",\"position\":3,\"name\":\"Ar\u00e8ne et champ de foire de Shawville\"}]},{\"@type\":\"WebSite\",\"@id\":\"https:\\\/\\\/shawville.ca\\\/fr\\\/#website\",\"url\":\"https:\\\/\\\/shawville.ca\\\/fr\\\/\",\"name\":\"Municipality of Shawville Quebec\",\"description\":\"Simplement Invitant\",\"publisher\":{\"@id\":\"https:\\\/\\\/shawville.ca\\\/fr\\\/#organization\"},\"alternateName\":\"Shawville\",\"potentialAction\":[{\"@type\":\"SearchAction\",\"target\":{\"@type\":\"EntryPoint\",\"urlTemplate\":\"https:\\\/\\\/shawville.ca\\\/fr\\\/?s={search_term_string}\"},\"query-input\":{\"@type\":\"PropertyValueSpecification\",\"valueRequired\":true,\"valueName\":\"search_term_string\"}}],\"inLanguage\":\"fr-FR\"},{\"@type\":\"Organization\",\"@id\":\"https:\\\/\\\/shawville.ca\\\/fr\\\/#organization\",\"name\":\"The Municipality of Shawville\",\"alternateName\":\"Shawville\",\"url\":\"https:\\\/\\\/shawville.ca\\\/fr\\\/\",\"logo\":{\"@type\":\"ImageObject\",\"inLanguage\":\"fr-FR\",\"@id\":\"https:\\\/\\\/shawville.ca\\\/fr\\\/#\\\/schema\\\/logo\\\/image\\\/\",\"url\":\"https:\\\/\\\/shawville.ca\\\/wp-content\\\/uploads\\\/2023\\\/09\\\/shawville-quebec-footer-logo.png\",\"contentUrl\":\"https:\\\/\\\/shawville.ca\\\/wp-content\\\/uploads\\\/2023\\\/09\\\/shawville-quebec-footer-logo.png\",\"width\":550,\"height\":550,\"caption\":\"The Municipality of Shawville\"},\"image\":{\"@id\":\"https:\\\/\\\/shawville.ca\\\/fr\\\/#\\\/schema\\\/logo\\\/image\\\/\"},\"sameAs\":[\"https:\\\/\\\/www.facebook.com\\\/shawvillequebec\",\"https:\\\/\\\/www.instagram.com\\\/destination.pontiac\\\/\",\"https:\\\/\\\/www.youtube.com\\\/channel\\\/UCsfXrrSPVm8eMca37PeSZYg\",\"https:\\\/\\\/www.linkedin.com\\\/company\\\/mrc-pontiac\\\/\"]}]}<\/script>\n<!-- \/ Yoast SEO plugin. -->","yoast_head_json":{"title":"Ar\u00e8ne et champ de foire de Shawville - Municipalit\u00e9 de Shawville Quebec","robots":{"index":"index","follow":"follow","max-snippet":"max-snippet:-1","max-image-preview":"max-image-preview:large","max-video-preview":"max-video-preview:-1"},"canonical":"https:\/\/shawville.ca\/fr\/residents\/arene-et-champ-de-foire-de-shawville\/","og_locale":"fr_FR","og_type":"article","og_title":"Ar\u00e8ne et champ de foire de Shawville - Municipalit\u00e9 de Shawville Quebec","og_description":"L\u2019ar\u00e9na et le champ de foire de Shawville sont au c\u0153ur de la vie r\u00e9cr\u00e9ative et communautaire de la ville, offrant des espaces pour une gamme d\u2019activit\u00e9s au-del\u00e0 des sports de glace. Ce lieu polyvalent s\u2019adapte aux \u00e9v\u00e9nements saisonniers, y compris la c\u00e9l\u00e8bre Foire de Shawville, am\u00e9liorant le tissu social de la communaut\u00e9 et offrant &hellip;","og_url":"https:\/\/shawville.ca\/fr\/residents\/arene-et-champ-de-foire-de-shawville\/","og_site_name":"Municipalit\u00e9 de Shawville Quebec","article_publisher":"https:\/\/www.facebook.com\/shawvillequebec","article_modified_time":"2025-11-24T14:26:09+00:00","og_image":[{"width":2560,"height":1920,"url":"https:\/\/shawville.ca\/wp-content\/uploads\/2023\/09\/DJI_0002-scaled.jpg","type":"image\/jpeg"}],"twitter_card":"summary_large_image","twitter_misc":{"Dur\u00e9e de lecture estim\u00e9e":"2 minutes"},"schema":{"@context":"https:\/\/schema.org","@graph":[{"@type":"WebPage","@id":"https:\/\/shawville.ca\/fr\/residents\/arene-et-champ-de-foire-de-shawville\/","url":"https:\/\/shawville.ca\/fr\/residents\/arene-et-champ-de-foire-de-shawville\/","name":"Ar\u00e8ne et champ de foire de Shawville - Municipalit\u00e9 de Shawville Quebec","isPartOf":{"@id":"https:\/\/shawville.ca\/fr\/#website"},"primaryImageOfPage":{"@id":"https:\/\/shawville.ca\/fr\/residents\/arene-et-champ-de-foire-de-shawville\/#primaryimage"},"image":{"@id":"https:\/\/shawville.ca\/fr\/residents\/arene-et-champ-de-foire-de-shawville\/#primaryimage"},"thumbnailUrl":"https:\/\/shawville.ca\/wp-content\/uploads\/2023\/09\/DJI_0002-scaled.jpg","datePublished":"2024-02-11T21:15:00+00:00","dateModified":"2025-11-24T14:26:09+00:00","breadcrumb":{"@id":"https:\/\/shawville.ca\/fr\/residents\/arene-et-champ-de-foire-de-shawville\/#breadcrumb"},"inLanguage":"fr-FR","potentialAction":[{"@type":"ReadAction","target":["https:\/\/shawville.ca\/fr\/residents\/arene-et-champ-de-foire-de-shawville\/"]}]},{"@type":"ImageObject","inLanguage":"fr-FR","@id":"https:\/\/shawville.ca\/fr\/residents\/arene-et-champ-de-foire-de-shawville\/#primaryimage","url":"https:\/\/shawville.ca\/wp-content\/uploads\/2023\/09\/DJI_0002-scaled.jpg","contentUrl":"https:\/\/shawville.ca\/wp-content\/uploads\/2023\/09\/DJI_0002-scaled.jpg","width":2560,"height":1920,"caption":"DCIM100MEDIADJI_0002.JPG"},{"@type":"BreadcrumbList","@id":"https:\/\/shawville.ca\/fr\/residents\/arene-et-champ-de-foire-de-shawville\/#breadcrumb","itemListElement":[{"@type":"ListItem","position":1,"name":"Home","item":"https:\/\/shawville.ca\/fr\/"},{"@type":"ListItem","position":2,"name":"R\u00e9sidents","item":"https:\/\/shawville.ca\/fr\/residents\/"},{"@type":"ListItem","position":3,"name":"Ar\u00e8ne et champ de foire de Shawville"}]},{"@type":"WebSite","@id":"https:\/\/shawville.ca\/fr\/#website","url":"https:\/\/shawville.ca\/fr\/","name":"Municipality of Shawville Quebec","description":"Simplement Invitant","publisher":{"@id":"https:\/\/shawville.ca\/fr\/#organization"},"alternateName":"Shawville","potentialAction":[{"@type":"SearchAction","target":{"@type":"EntryPoint","urlTemplate":"https:\/\/shawville.ca\/fr\/?s={search_term_string}"},"query-input":{"@type":"PropertyValueSpecification","valueRequired":true,"valueName":"search_term_string"}}],"inLanguage":"fr-FR"},{"@type":"Organization","@id":"https:\/\/shawville.ca\/fr\/#organization","name":"The Municipality of Shawville","alternateName":"Shawville","url":"https:\/\/shawville.ca\/fr\/","logo":{"@type":"ImageObject","inLanguage":"fr-FR","@id":"https:\/\/shawville.ca\/fr\/#\/schema\/logo\/image\/","url":"https:\/\/shawville.ca\/wp-content\/uploads\/2023\/09\/shawville-quebec-footer-logo.png","contentUrl":"https:\/\/shawville.ca\/wp-content\/uploads\/2023\/09\/shawville-quebec-footer-logo.png","width":550,"height":550,"caption":"The Municipality of Shawville"},"image":{"@id":"https:\/\/shawville.ca\/fr\/#\/schema\/logo\/image\/"},"sameAs":["https:\/\/www.facebook.com\/shawvillequebec","https:\/\/www.instagram.com\/destination.pontiac\/","https:\/\/www.youtube.com\/channel\/UCsfXrrSPVm8eMca37PeSZYg","https:\/\/www.linkedin.com\/company\/mrc-pontiac\/"]}]}},"_links":{"self":[{"href":"https:\/\/shawville.ca\/fr\/wp-json\/wp\/v2\/pages\/169722","targetHints":{"allow":["GET"]}}],"collection":[{"href":"https:\/\/shawville.ca\/fr\/wp-json\/wp\/v2\/pages"}],"about":[{"href":"https:\/\/shawville.ca\/fr\/wp-json\/wp\/v2\/types\/page"}],"author":[{"embeddable":true,"href":"https:\/\/shawville.ca\/fr\/wp-json\/wp\/v2\/users\/1"}],"replies":[{"embeddable":true,"href":"https:\/\/shawville.ca\/fr\/wp-json\/wp\/v2\/comments?post=169722"}],"version-history":[{"count":8,"href":"https:\/\/shawville.ca\/fr\/wp-json\/wp\/v2\/pages\/169722\/revisions"}],"predecessor-version":[{"id":177167,"href":"https:\/\/shawville.ca\/fr\/wp-json\/wp\/v2\/pages\/169722\/revisions\/177167"}],"up":[{"embeddable":true,"href":"https:\/\/shawville.ca\/fr\/wp-json\/wp\/v2\/pages\/158287"}],"wp:featuredmedia":[{"embeddable":true,"href":"https:\/\/shawville.ca\/fr\/wp-json\/wp\/v2\/media\/166635"}],"wp:attachment":[{"href":"https:\/\/shawville.ca\/fr\/wp-json\/wp\/v2\/media?parent=169722"}],"curies":[{"name":"wp","href":"https:\/\/api.w.org\/{rel}","templated":true}]}}